{"id":25366,"date":"2026-04-30T16:45:08","date_gmt":"2026-04-30T14:45:08","guid":{"rendered":"https:\/\/www.littlegreenhouse.ch\/?page_id=25366"},"modified":"2026-05-01T16:17:46","modified_gmt":"2026-05-01T14:17:46","slug":"sommercamp-gland","status":"publish","type":"page","link":"https:\/\/www.littlegreenhouse.ch\/de\/sommercamp-gland\/","title":{"rendered":"Sommercamp Gland"},"content":{"rendered":"<p>[vc_row][vc_column css=&#8221;.vc_custom_1777385248997{margin-right: 15px !important;margin-left: 15px !important;padding-top: 0px !important;background-color: #ffdc00 !important;}&#8221; offset=&#8221;vc_hidden-xs&#8221;][vc_column_text css=&#8221;.vc_custom_1777559817694{margin-top: 50px !important;margin-bottom: 50px !important;}&#8221;]<\/p>\n<h1 class=\"soustitreh1\" style=\"text-align: center; font-size: 38px; color: #000000;\">Sommercamp in Gland<\/h1>\n<h1 class=\"soustitreh1\" style=\"text-align: center;\"><span style=\"color: #000000; font-size: 38px;\">f\u00fcr Kinder der Klassen 1 bis 2P<\/span><\/h1>\n<p>[\/vc_column_text][\/vc_column][\/vc_row][vc_row gap=&#8221;20&#8243; css=&#8221;.vc_custom_1747820273101{margin-top: 30px !important;margin-right: 30px !important;}&#8221;][vc_column width=&#8221;1\/2&#8243; css=&#8221;.vc_custom_1777385496577{margin-right: 15px !important;margin-left: 15px !important;padding-top: 0px !important;padding-right: 20px !important;padding-bottom: 30px !important;padding-left: 20px !important;border-radius: 20px !important;}&#8221; offset=&#8221;vc_hidden-xs&#8221;][vc_single_image image=&#8221;18858&#8243; img_size=&#8221;full&#8221; css=&#8221;.vc_custom_1777379835795{border-radius: 20px !important;}&#8221;][\/vc_column][vc_column width=&#8221;1\/2&#8243; offset=&#8221;vc_hidden-xs&#8221;][vc_column_text css=&#8221;.vc_custom_1777552904055{padding-bottom: 20px !important;}&#8221;]<\/p>\n<h2 style=\"font-family: 'TuttiFruttiRegular'; color: #009cde; font-size: 25px; line-height: 25px;\">Begib dich diesen Sommer mit uns auf ein Abenteuer!<\/h2>\n<p>[\/vc_column_text][vc_column_text]<\/p>\n<p style=\"display: flex; align-items: center; font-size: 17px; line-height: 35px;\"><img loading=\"lazy\" decoding=\"async\" class=\"alignnone wp-image-20303\" src=\"https:\/\/www.littlegreenhouse.ch\/wp-content\/uploads\/2025\/07\/1.png\" alt=\"\" width=\"25\" height=\"25\" \/>\u00a0 Route des Avouillons 12, 1196 Gland<\/p>\n<p style=\"display: flex; align-items: center; font-size: 17px; line-height: 17px;\"><img loading=\"lazy\" decoding=\"async\" class=\"alignnone wp-image-25194 \" src=\"https:\/\/www.littlegreenhouse.ch\/wp-content\/uploads\/2026\/04\/Pictos-web-01-1.jpg\" alt=\"\" width=\"26\" height=\"26\" \/> \u00a0 Vom 29. Juni bis zum 14. August 2026<\/p>\n<p class=\"alignnone wp-image-20306\" style=\"display: flex; align-items: center; font-size: 17px; line-height: 35px;\"><img loading=\"lazy\" decoding=\"async\" class=\"alignnone wp-image-20306\" src=\"https:\/\/www.littlegreenhouse.ch\/wp-content\/uploads\/2025\/07\/2.png\" alt=\"\" width=\"27\" height=\"27\" \/>\u00a0 Montag bis Freitag: 8:00 \u2013 17:30 Uhr<\/p>\n<p style=\"display: flex; align-items: center; font-size: 17px; line-height: 17px;\"><img loading=\"lazy\" decoding=\"async\" class=\"alignnone wp-image-25197 \" src=\"https:\/\/www.littlegreenhouse.ch\/wp-content\/uploads\/2026\/04\/Pictos-web-02-1.jpg\" alt=\"\" width=\"28\" height=\"28\" \/> \u00a0 Preis f\u00fcr 5 Tage (Montag bis Freitag): 600 CHF<\/p>\n<p style=\"display: flex; align-items: center; font-size: 17px; line-height: 17px;\">\u00a0 \u00a0 \u00a0 \u00a0 \u00a0(Ohne Anmeldegeb\u00fchr | Mahlzeiten und Snacks inbegriffen)<\/p>\n<p style=\"display: flex; align-items: center; font-size: 17px; line-height: 25px;\">\u00a0 \u00a0 \u00a0 \u00a0 \u00a0Mindestens 2 Tage pro Woche (Preis wird anteilig berechnet)<\/p>\n<p class=\"alignnone wp-image-20306\" style=\"display: flex; align-items: center; font-size: 17px; line-height: 35px;\"><img loading=\"lazy\" decoding=\"async\" class=\"alignnone wp-image-20312\" src=\"https:\/\/www.littlegreenhouse.ch\/wp-content\/uploads\/2025\/07\/Icone-smartphone.png\" alt=\"\" width=\"25\" height=\"25\" \/>\u00a0 Telefon :\u00a0<a href=\"tel:0041223644550\">+41 22 364 45 50<\/a><\/p>\n<p style=\"display: flex; align-items: center; font-size: 17px; line-height: 35px;\"><img loading=\"lazy\" decoding=\"async\" class=\"alignnone wp-image-20309\" src=\"https:\/\/www.littlegreenhouse.ch\/wp-content\/uploads\/2025\/07\/Icone-e-mail.png\" alt=\"\" width=\"25\" height=\"25\" \/> \u00a0 E-mail :\u00a0<a class=\"mail\" href=\"mailto:gland@littlegreenhouse.ch\">gland@littlegreenhouse.ch<\/a><\/p>\n<p>[\/vc_column_text][vc_btn title=&#8221;ANMELDUNG*&#8221; style=&#8221;custom&#8221; custom_background=&#8221;#009cde&#8221; custom_text=&#8221;#ffdc00&#8243; shape=&#8221;round&#8221; align=&#8221;left&#8221; css=&#8221;.vc_custom_1777553362036{padding-top: 20px !important;}&#8221; link=&#8221;url:https%3A%2F%2Fnemcockpitlittlegreenhouse.nemborn.com%2FFrontend%2FadmissionProcess||target:%20_blank|&#8221;][vc_column_text]*Bitte geben Sie bei der Anmeldung die gew\u00fcnschten Termine im Feld \u201eNote\u201c an.[\/vc_column_text][\/vc_column][\/vc_row][vc_row full_width=&#8221;stretch_row_content&#8221;][vc_column css=&#8221;.vc_custom_1777385834672{background-color: #ffdc00 !important;}&#8221; offset=&#8221;vc_hidden-lg vc_hidden-md vc_hidden-sm&#8221;][vc_column_text css=&#8221;.vc_custom_1777559886692{margin-top: 10px !important;margin-right: 10px !important;margin-bottom: 30px !important;margin-left: 10px !important;}&#8221;]<\/p>\n<h1 class=\"soustitreh1\" style=\"text-align: center; font-size: 15px; color: #000000; line-height: 20px;\">Sommercamp in Gland<\/h1>\n<h1 class=\"soustitreh1\" style=\"text-align: center; font-size: 15px; color: #000000; line-height: 20px;\">f\u00fcr Kinder der Klassen 1 bis 2P<\/h1>\n<p>[\/vc_column_text][\/vc_column][\/vc_row][vc_row gap=&#8221;5&#8243; css=&#8221;.vc_custom_1777386065936{margin-top: 30px !important;}&#8221;][vc_column offset=&#8221;vc_hidden-lg vc_hidden-md vc_hidden-sm&#8221;][vc_single_image image=&#8221;18858&#8243; img_size=&#8221;full&#8221; css=&#8221;.vc_custom_1777379835795{border-radius: 20px !important;}&#8221;][vc_column_text css=&#8221;.vc_custom_1777552914130{padding-top: 20px !important;padding-bottom: 20px !important;}&#8221;]<\/p>\n<h2 style=\"font-family: 'TuttiFruttiRegular'; color: #009cde;\">Begib dich diesen Sommer mit uns auf ein Abenteuer!<\/h2>\n<p>[\/vc_column_text][vc_column_text]<\/p>\n<p style=\"display: flex; align-items: center; font-size: 15px; line-height: 20px;\"><img loading=\"lazy\" decoding=\"async\" class=\"alignnone wp-image-20303\" src=\"https:\/\/www.littlegreenhouse.ch\/wp-content\/uploads\/2025\/07\/1.png\" alt=\"\" width=\"20\" height=\"20\" \/>\u00a0 Route des Avouillons 12, 1196 Gland<\/p>\n<p style=\"display: flex; align-items: center; font-size: 15px; line-height: 25px;\"><img loading=\"lazy\" decoding=\"async\" class=\"alignnone wp-image-25194 \" src=\"https:\/\/www.littlegreenhouse.ch\/wp-content\/uploads\/2026\/04\/Pictos-web-01-1.jpg\" alt=\"\" width=\"20\" height=\"20\" \/>\u00a0 \u00a0Vom 29. Juni bis zum 14. August 2026<\/p>\n<p class=\"alignnone wp-image-20306\" style=\"display: flex; align-items: center; font-size: 15px; line-height: 25px;\"><img loading=\"lazy\" decoding=\"async\" class=\"alignnone wp-image-20306\" src=\"https:\/\/www.littlegreenhouse.ch\/wp-content\/uploads\/2025\/07\/2.png\" alt=\"\" width=\"20\" height=\"20\" \/>\u00a0 \u00a0Montag bis Freitag: 8:00 \u2013 17:30 Uhr<\/p>\n<p style=\"display: flex; align-items: center; font-size: 15px; line-height: 25px;\"><img loading=\"lazy\" decoding=\"async\" class=\"alignnone wp-image-25197 \" src=\"https:\/\/www.littlegreenhouse.ch\/wp-content\/uploads\/2026\/04\/Pictos-web-02-1.jpg\" alt=\"\" width=\"20\" height=\"20\" \/> \u00a0 Preis f\u00fcr 5 Tage (Montag bis Freitag): 600 CHF<\/p>\n<p style=\"display: flex; align-items: center; font-size: 15px; line-height: 25px;\">\u00a0 \u00a0 \u00a0 \u00a0 \u2022 Ohne Anmeldegeb\u00fchr<\/p>\n<p style=\"display: flex; align-items: center; font-size: 15px; line-height: 25px;\">\u00a0 \u00a0 \u00a0 \u00a0 \u2022 Mahlzeiten und Snacks inbegriffen<\/p>\n<p style=\"display: flex; align-items: center; font-size: 15px; line-height: 25px;\">\u00a0 \u00a0 \u00a0 \u00a0 \u2022\u00a0Mindestens 2 Tage pro Woche<\/p>\n<p style=\"display: flex; align-items: center; font-size: 15px; line-height: 25px;\">\u00a0 \u00a0 \u00a0 \u00a0 \u00a0 (Preis wird anteilig berechnet)<\/p>\n<p class=\"alignnone wp-image-20306\" style=\"display: flex; align-items: center; font-size: 15px; line-height: 25px;\"><img loading=\"lazy\" decoding=\"async\" class=\"alignnone wp-image-20312\" src=\"https:\/\/www.littlegreenhouse.ch\/wp-content\/uploads\/2025\/07\/Icone-smartphone.png\" alt=\"\" width=\"20\" height=\"20\" \/>\u00a0 Telefon :\u00a0<a href=\"tel:0041223644550\">+41 22 364 45 50<\/a><\/p>\n<p style=\"display: flex; align-items: center; font-size: 15px; line-height: 25px;\"><img loading=\"lazy\" decoding=\"async\" class=\"alignnone wp-image-20309\" src=\"https:\/\/www.littlegreenhouse.ch\/wp-content\/uploads\/2025\/07\/Icone-e-mail.png\" alt=\"\" width=\"20\" height=\"20\" \/> \u00a0 E-mail :\u00a0 <a class=\"mail\" href=\"mailto:gland@littlegreenhouse.ch\">gland@littlegreenhouse.ch<\/a><\/p>\n<p>[\/vc_column_text][vc_btn title=&#8221;Anmeldung*&#8221; style=&#8221;custom&#8221; custom_background=&#8221;#009cde&#8221; custom_text=&#8221;#ffdc00&#8243; shape=&#8221;round&#8221; align=&#8221;left&#8221; css=&#8221;.vc_custom_1777553381269{padding-top: 20px !important;}&#8221; link=&#8221;url:https%3A%2F%2Fnemcockpitlittlegreenhouse.nemborn.com%2FFrontend%2FadmissionProcess||target:%20_blank|&#8221; el_class=&#8221;InscriptionCTA&#8221;][vc_column_text]*Bitte geben Sie bei der Anmeldung die gew\u00fcnschten Termine im Feld \u201eNote\u201c an.[\/vc_column_text][\/vc_column][\/vc_row][vc_row gap=&#8221;5&#8243; css=&#8221;.vc_custom_1777387212735{margin-top: 50px !important;margin-bottom: 50px !important;}&#8221;][vc_column][vc_column_text]<\/p>\n<p style=\"text-align: center; font-family: 'TuttiFruttiRegular';\"><span style=\"font-size: 32px; line-height: 38px;\">PROGRAMM DES SOMMERCAMPS 2026<\/span><\/p>\n<p>[\/vc_column_text][\/vc_column][\/vc_row][vc_row gap=&#8221;10&#8243; equal_height=&#8221;yes&#8221; css=&#8221;.vc_custom_1777387841086{margin-top: 30px !important;margin-bottom: 30px !important;}&#8221;][vc_column width=&#8221;1\/3&#8243;][vc_single_image image=&#8221;18972&#8243; img_size=&#8221;full&#8221; alignment=&#8221;center&#8221; css=&#8221;.vc_custom_1777645062297{margin-top: 20px !important;margin-right: 20px !important;margin-bottom: 10px !important;margin-left: 20px !important;}&#8221;][vc_column_text]<\/p>\n<div class=\"space20 \"><\/div>\n<p>[\/vc_column_text][vc_column_text]<\/p>\n<h2><span style=\"color: #e9c227;\"><span style=\"font-size: 18px;\">Abenteuer<\/span> <\/span><\/h2>\n<h3>Vom 29. Juni bis 3. Juli 2026<\/h3>\n<p>Begib dich auf eine Woche voller Herausforderungen und Entdeckungen! Klettere, erkunde und orientiere dich beim Hochseilgarten, Klettern, Orientierungslauf und beim Eintauchen in den Wald. Ein Abenteuer in freier Natur f\u00fcr angehende Entdecker.[\/vc_column_text][\/vc_column][vc_column width=&#8221;1\/3&#8243;][vc_single_image image=&#8221;25227&#8243; img_size=&#8221;medium&#8221; alignment=&#8221;center&#8221;][vc_column_text]<\/p>\n<div class=\"space20 \"><\/div>\n<p>[\/vc_column_text][vc_column_text]<\/p>\n<h2><span style=\"color: #7c6fb0; font-size: 18px;\">Tiere<\/span><\/h2>\n<h3>Vom 6. bis 10. Juli 2026<\/h3>\n<p>Entdecke Tiere von hier und anderswo! Zwischen Bauernhof, Zoo, Insektenh\u00e4usern und Geschichten aus der Tierwelt tauchen die Kinder in eine lebendige, faszinierende Welt voller \u00dcberraschungen ein.[\/vc_column_text][\/vc_column][vc_column width=&#8221;1\/3&#8243;][vc_single_image image=&#8221;25383&#8243; img_size=&#8221;medium&#8221; alignment=&#8221;center&#8221;][vc_column_text]<\/p>\n<div class=\"space20 \"><\/div>\n<p>[\/vc_column_text][vc_column_text]<\/p>\n<h2><span style=\"color: #7ac7c1; font-size: 18px;\">Bewegung<\/span><\/h2>\n<h3>Vom 13. bis 17. Juli<\/h3>\n<p>Beweg dich und lass deiner Energie freien Lauf! Yoga, dynamische Spiele und eine Sportolympiade bestimmen den Rhythmus der Woche \u2013 f\u00fcr Bewegung, Zusammenarbeit und Spa\u00df in guter Stimmung.[\/vc_column_text][\/vc_column][\/vc_row][vc_row gap=&#8221;15&#8243; equal_height=&#8221;yes&#8221; css=&#8221;.vc_custom_1777387846823{margin-top: 30px !important;margin-bottom: 30px !important;}&#8221;][vc_column width=&#8221;1\/2&#8243; css=&#8221;.vc_custom_1777386961687{margin-left: 100px !important;}&#8221; offset=&#8221;vc_hidden-xs&#8221;][vc_single_image image=&#8221;25386&#8243; img_size=&#8221;medium&#8221; alignment=&#8221;center&#8221;][vc_column_text]<\/p>\n<div class=\"space20 \"><\/div>\n<p>[\/vc_column_text][vc_column_text]<\/p>\n<h2><span style=\"color: #80ba27;\"><span style=\"font-size: 18px;\">Natur<\/span> <\/span><\/h2>\n<h3>Vom 3. bis 7. August 2026<\/h3>\n<p>\u00d6ffne deine Augen weit und finde zur\u00fcck zur Natur! Gartenarbeit, Spazierg\u00e4nge, botanische Entdeckungen und bemerkenswerte B\u00e4ume laden dazu ein, die Pflanzenwelt zu erkunden, zu beobachten und zu respektieren.[\/vc_column_text][\/vc_column][vc_column width=&#8221;1\/2&#8243; css=&#8221;.vc_custom_1777386953366{margin-right: 100px !important;}&#8221; offset=&#8221;vc_hidden-xs&#8221;][vc_single_image image=&#8221;25390&#8243; img_size=&#8221;medium&#8221; alignment=&#8221;center&#8221;][vc_column_text]<\/p>\n<div class=\"space20 \"><\/div>\n<p>[\/vc_column_text][vc_column_text]<\/p>\n<h2><span style=\"color: #009cde; font-size: 18px;\">Wasser<\/span><\/h2>\n<h3>Vom 10. bis 14. August<\/h3>\n<p>Tauche ein in eine erfrischende und kreative Woche! Erkundung von Aquatis, Wasserspiele, Spaziergang am Seeufer und Aquarellmalerei, um das Wasser in all seinen Formen zu entdecken[\/vc_column_text][\/vc_column][\/vc_row][vc_row gap=&#8221;5&#8243; equal_height=&#8221;yes&#8221; css=&#8221;.vc_custom_1777386994320{margin-top: 30px !important;margin-bottom: 30px !important;}&#8221;][vc_column offset=&#8221;vc_hidden-lg vc_hidden-md vc_hidden-sm&#8221;][vc_single_image image=&#8221;25386&#8243; img_size=&#8221;medium&#8221; alignment=&#8221;center&#8221;][vc_column_text]<\/p>\n<div class=\"space20 \"><\/div>\n<p>[\/vc_column_text][vc_column_text]<\/p>\n<h2><span style=\"color: #80ba27;\"><span style=\"font-size: 18px;\">Natur<\/span> <\/span><\/h2>\n<h3>Vom 3. bis 7. August 2026<\/h3>\n<p>\u00d6ffne deine Augen weit und finde zur\u00fcck zur Natur! Gartenarbeit, Spazierg\u00e4nge, botanische Entdeckungen und bemerkenswerte B\u00e4ume laden dazu ein, die Pflanzenwelt zu erkunden, zu beobachten und zu respektieren.[\/vc_column_text][vc_single_image image=&#8221;25390&#8243; img_size=&#8221;medium&#8221; alignment=&#8221;center&#8221;][vc_column_text]<\/p>\n<div class=\"space20 \"><\/div>\n<p>[\/vc_column_text][vc_column_text]<\/p>\n<h2><span style=\"color: #009cde; font-size: 18px;\">Wasser<\/span><\/h2>\n<h3>Vom 10. bis 14. August<\/h3>\n<p>Tauche ein in eine erfrischende und kreative Woche! Erkundung von Aquatis, Wasserspiele, Spaziergang am Seeufer und Aquarellmalerei, um das Wasser in all seinen Formen zu entdecken[\/vc_column_text][\/vc_column][\/vc_row]<\/p>\n","protected":false},"excerpt":{"rendered":"<p>[vc_row][vc_column css=&#8221;.vc_custom_1777385248997{margin-right: 15px !important;margin-left: 15px !important;padding-top: 0px !important;background-color: #ffdc00 !important;}&#8221; offset=&#8221;vc_hidden-xs&#8221;][vc_column_text css=&#8221;.vc_custom_1777559817694{margin-top: 50px !important;margin-bottom: 50px !important;}&#8221;] Sommercamp in Gland f\u00fcr Kinder der Klassen 1 bis 2P [\/vc_column_text][\/vc_column][\/vc_row][vc_row gap=&#8221;20&#8243; css=&#8221;.vc_custom_1747820273101{margin-top: 30px !important;margin-right: 30px !important;}&#8221;][vc_column width=&#8221;1\/2&#8243; css=&#8221;.vc_custom_1777385496577{margin-right: 15px !important;margin-left: 15px !important;padding-top: 0px !important;padding-right: 20px !important;padding-bottom: 30px !important;padding-left: 20px !important;border-radius: 20px !important;}&#8221; offset=&#8221;vc_hidden-xs&#8221;][vc_single_image image=&#8221;18858&#8243; img_size=&#8221;full&#8221; css=&#8221;.vc_custom_1777379835795{border-radius: 20px !important;}&#8221;][\/vc_column][vc_column &hellip; <a href=\"https:\/\/www.littlegreenhouse.ch\/de\/sommercamp-gland\/\" title=\"Sommercamp Gland\" class=\"read-more\">Read More<\/a><\/p>\n","protected":false},"author":11,"featured_media":0,"parent":0,"menu_order":0,"comment_status":"closed","ping_status":"closed","template":"","meta":{"_monsterinsights_skip_tracking":false,"_monsterinsights_sitenote_active":false,"_monsterinsights_sitenote_note":"","_monsterinsights_sitenote_category":0,"footnotes":""},"class_list":["post-25366","page","type-page","status-publish","hentry"],"yoast_head":"<!-- This site is optimized with the Yoast SEO plugin v15.1.1 - https:\/\/yoast.com\/wordpress\/plugins\/seo\/ -->\n<title>Sommercamp Gland - Little Green House<\/title>\n<meta name=\"robots\" content=\"index, follow, max-snippet:-1, max-image-preview:large, max-video-preview:-1\" \/>\n<link rel=\"canonical\" href=\"https:\/\/www.littlegreenhouse.ch\/de\/sommercamp-gland\/\" \/>\n<meta property=\"og:locale\" content=\"de_DE\" \/>\n<meta property=\"og:type\" content=\"article\" \/>\n<meta property=\"og:title\" content=\"Sommercamp Gland - Little Green House\" \/>\n<meta property=\"og:description\" content=\"[vc_row][vc_column css=&#8221;.vc_custom_1777385248997{margin-right: 15px !important;margin-left: 15px !important;padding-top: 0px !important;background-color: #ffdc00 !important;}&#8221; offset=&#8221;vc_hidden-xs&#8221;][vc_column_text css=&#8221;.vc_custom_1777559817694{margin-top: 50px !important;margin-bottom: 50px !important;}&#8221;] Sommercamp in Gland f\u00fcr Kinder der Klassen 1 bis 2P [\/vc_column_text][\/vc_column][\/vc_row][vc_row gap=&#8221;20&#8243; css=&#8221;.vc_custom_1747820273101{margin-top: 30px !important;margin-right: 30px !important;}&#8221;][vc_column width=&#8221;1\/2&#8243; css=&#8221;.vc_custom_1777385496577{margin-right: 15px !important;margin-left: 15px !important;padding-top: 0px !important;padding-right: 20px !important;padding-bottom: 30px !important;padding-left: 20px !important;border-radius: 20px !important;}&#8221; offset=&#8221;vc_hidden-xs&#8221;][vc_single_image image=&#8221;18858&#8243; img_size=&#8221;full&#8221; css=&#8221;.vc_custom_1777379835795{border-radius: 20px !important;}&#8221;][\/vc_column][vc_column [&hellip;]\" \/>\n<meta property=\"og:url\" content=\"https:\/\/www.littlegreenhouse.ch\/de\/sommercamp-gland\/\" \/>\n<meta property=\"og:site_name\" content=\"Little Green House\" \/>\n<meta property=\"article:publisher\" content=\"https:\/\/www.facebook.com\/littlegreenhouse.the.next.generation\/\" \/>\n<meta property=\"article:modified_time\" content=\"2026-05-01T14:17:46+00:00\" \/>\n<meta property=\"og:image\" content=\"https:\/\/www.littlegreenhouse.ch\/wp-content\/uploads\/2025\/07\/1.png\" \/>\n<meta name=\"twitter:card\" content=\"summary_large_image\" \/>\n<meta name=\"twitter:creator\" content=\"@lg_house\" \/>\n<meta name=\"twitter:site\" content=\"@lg_house\" \/>\n<script type=\"application\/ld+json\" class=\"yoast-schema-graph\">{\"@context\":\"https:\/\/schema.org\",\"@graph\":[{\"@type\":\"Organization\",\"@id\":\"https:\/\/www.littlegreenhouse.ch\/de\/#organization\",\"name\":\"Little Green House\",\"url\":\"https:\/\/www.littlegreenhouse.ch\/de\/\",\"sameAs\":[\"https:\/\/www.facebook.com\/littlegreenhouse.the.next.generation\/\",\"https:\/\/www.instagram.com\/littlegreenhouse_childcare\/\",\"https:\/\/www.linkedin.com\/company\/little-green-house\/\",\"https:\/\/www.youtube.com\/channel\/UCPQiQBtt0Hp-4Y-HWPiIjyQ\",\"https:\/\/twitter.com\/lg_house\"],\"logo\":{\"@type\":\"ImageObject\",\"@id\":\"https:\/\/www.littlegreenhouse.ch\/de\/#logo\",\"inLanguage\":\"de\",\"url\":\"https:\/\/www.littlegreenhouse.ch\/wp-content\/uploads\/2020\/01\/LGH_logo_2019.png\",\"width\":369,\"height\":283,\"caption\":\"Little Green House\"},\"image\":{\"@id\":\"https:\/\/www.littlegreenhouse.ch\/de\/#logo\"}},{\"@type\":\"WebSite\",\"@id\":\"https:\/\/www.littlegreenhouse.ch\/de\/#website\",\"url\":\"https:\/\/www.littlegreenhouse.ch\/de\/\",\"name\":\"Little Green House\",\"description\":\"Cr\\u00e8che | Childcare | Kita\",\"publisher\":{\"@id\":\"https:\/\/www.littlegreenhouse.ch\/de\/#organization\"},\"potentialAction\":[{\"@type\":\"SearchAction\",\"target\":\"https:\/\/www.littlegreenhouse.ch\/de\/?s={search_term_string}\",\"query-input\":\"required name=search_term_string\"}],\"inLanguage\":\"de\"},{\"@type\":\"ImageObject\",\"@id\":\"https:\/\/www.littlegreenhouse.ch\/de\/sommercamp-gland\/#primaryimage\",\"inLanguage\":\"de\",\"url\":\"https:\/\/www.littlegreenhouse.ch\/wp-content\/uploads\/2025\/07\/1.png\",\"width\":50,\"height\":50},{\"@type\":\"WebPage\",\"@id\":\"https:\/\/www.littlegreenhouse.ch\/de\/sommercamp-gland\/#webpage\",\"url\":\"https:\/\/www.littlegreenhouse.ch\/de\/sommercamp-gland\/\",\"name\":\"Sommercamp Gland - Little Green House\",\"isPartOf\":{\"@id\":\"https:\/\/www.littlegreenhouse.ch\/de\/#website\"},\"primaryImageOfPage\":{\"@id\":\"https:\/\/www.littlegreenhouse.ch\/de\/sommercamp-gland\/#primaryimage\"},\"datePublished\":\"2026-04-30T14:45:08+00:00\",\"dateModified\":\"2026-05-01T14:17:46+00:00\",\"inLanguage\":\"de\",\"potentialAction\":[{\"@type\":\"ReadAction\",\"target\":[\"https:\/\/www.littlegreenhouse.ch\/de\/sommercamp-gland\/\"]}]}]}<\/script>\n<!-- \/ Yoast SEO plugin. -->","jetpack_sharing_enabled":true,"_links":{"self":[{"href":"https:\/\/www.littlegreenhouse.ch\/de\/wp-json\/wp\/v2\/pages\/25366","targetHints":{"allow":["GET"]}}],"collection":[{"href":"https:\/\/www.littlegreenhouse.ch\/de\/wp-json\/wp\/v2\/pages"}],"about":[{"href":"https:\/\/www.littlegreenhouse.ch\/de\/wp-json\/wp\/v2\/types\/page"}],"author":[{"embeddable":true,"href":"https:\/\/www.littlegreenhouse.ch\/de\/wp-json\/wp\/v2\/users\/11"}],"replies":[{"embeddable":true,"href":"https:\/\/www.littlegreenhouse.ch\/de\/wp-json\/wp\/v2\/comments?post=25366"}],"version-history":[{"count":13,"href":"https:\/\/www.littlegreenhouse.ch\/de\/wp-json\/wp\/v2\/pages\/25366\/revisions"}],"predecessor-version":[{"id":25413,"href":"https:\/\/www.littlegreenhouse.ch\/de\/wp-json\/wp\/v2\/pages\/25366\/revisions\/25413"}],"wp:attachment":[{"href":"https:\/\/www.littlegreenhouse.ch\/de\/wp-json\/wp\/v2\/media?parent=25366"}],"curies":[{"name":"wp","href":"https:\/\/api.w.org\/{rel}","templated":true}]}}