{"id":25377,"date":"2026-04-30T17:12:22","date_gmt":"2026-04-30T15:12:22","guid":{"rendered":"https:\/\/www.littlegreenhouse.ch\/?page_id=25377"},"modified":"2026-05-04T16:26:59","modified_gmt":"2026-05-04T14:26:59","slug":"sommercamp-tolochenaz","status":"publish","type":"page","link":"https:\/\/www.littlegreenhouse.ch\/de\/sommercamp-tolochenaz\/","title":{"rendered":"Sommercamp in Tolochenaz"},"content":{"rendered":"<p>[vc_row][vc_column css=&#8221;.vc_custom_1777385248997{margin-right: 15px !important;margin-left: 15px !important;padding-top: 0px !important;background-color: #ffdc00 !important;}&#8221; offset=&#8221;vc_hidden-xs&#8221;][vc_column_text css=&#8221;.vc_custom_1777561804365{margin-top: 50px !important;margin-bottom: 50px !important;}&#8221;]<\/p>\n<h1 class=\"soustitreh1\" style=\"text-align: center; font-size: 38px; color: #000000;\">Sommercamp in Tolochenaz<\/h1>\n<h1 class=\"soustitreh1\" style=\"text-align: center;\"><span style=\"color: #000000; font-size: 38px;\">f\u00fcr Kinder der Klassen 1 bis 2P<\/span><\/h1>\n<p>[\/vc_column_text][\/vc_column][\/vc_row][vc_row gap=&#8221;20&#8243; css=&#8221;.vc_custom_1747820273101{margin-top: 30px !important;margin-right: 30px !important;}&#8221;][vc_column width=&#8221;1\/2&#8243; css=&#8221;.vc_custom_1777385496577{margin-right: 15px !important;margin-left: 15px !important;padding-top: 0px !important;padding-right: 20px !important;padding-bottom: 30px !important;padding-left: 20px !important;border-radius: 20px !important;}&#8221; offset=&#8221;vc_hidden-xs&#8221;][vc_single_image image=&#8221;18858&#8243; img_size=&#8221;full&#8221; css=&#8221;.vc_custom_1777379835795{border-radius: 20px !important;}&#8221;][\/vc_column][vc_column width=&#8221;1\/2&#8243; offset=&#8221;vc_hidden-xs&#8221;][vc_column_text css=&#8221;.vc_custom_1777552904055{padding-bottom: 20px !important;}&#8221;]<\/p>\n<h2 style=\"font-family: 'TuttiFruttiRegular'; color: #009cde; font-size: 25px; line-height: 25px;\">Begib dich diesen Sommer mit uns auf ein Abenteuer!<\/h2>\n<p>[\/vc_column_text][vc_column_text]<\/p>\n<p style=\"display: flex; align-items: center; font-size: 17px; line-height: 35px;\"><img loading=\"lazy\" decoding=\"async\" class=\"alignnone wp-image-20303\" src=\"https:\/\/www.littlegreenhouse.ch\/wp-content\/uploads\/2025\/07\/1.png\" alt=\"\" width=\"25\" height=\"25\" \/>\u00a0 Route de Lully 5, 1131 Tolochenaz<\/p>\n<p style=\"display: flex; align-items: center; font-size: 17px; line-height: 17px;\"><img loading=\"lazy\" decoding=\"async\" class=\"alignnone wp-image-25194 \" src=\"https:\/\/www.littlegreenhouse.ch\/wp-content\/uploads\/2026\/04\/Pictos-web-01-1.jpg\" alt=\"\" width=\"26\" height=\"26\" \/> \u00a0 Vom 29. Juni bis zum 14. August 2026<\/p>\n<p class=\"alignnone wp-image-20306\" style=\"display: flex; align-items: center; font-size: 17px; line-height: 35px;\"><img loading=\"lazy\" decoding=\"async\" class=\"alignnone wp-image-20306\" src=\"https:\/\/www.littlegreenhouse.ch\/wp-content\/uploads\/2025\/07\/2.png\" alt=\"\" width=\"27\" height=\"27\" \/>\u00a0 Montag bis Freitag: 8:00 \u2013 17:30 Uhr<\/p>\n<p style=\"display: flex; align-items: center; font-size: 17px; line-height: 17px;\"><img loading=\"lazy\" decoding=\"async\" class=\"alignnone wp-image-25197 \" src=\"https:\/\/www.littlegreenhouse.ch\/wp-content\/uploads\/2026\/04\/Pictos-web-02-1.jpg\" alt=\"\" width=\"28\" height=\"28\" \/> \u00a0 Preis f\u00fcr 5 Tage (Montag bis Freitag): 600 CHF<\/p>\n<p style=\"display: flex; align-items: center; font-size: 17px; line-height: 17px;\">\u00a0 \u00a0 \u00a0 \u00a0 \u00a0(Ohne Anmeldegeb\u00fchr | Mahlzeiten und Snacks inbegriffen)<\/p>\n<p style=\"display: flex; align-items: center; font-size: 17px; line-height: 25px;\">\u00a0 \u00a0 \u00a0 \u00a0 \u00a0Mindestens 2 Tage pro Woche (Preis wird anteilig berechnet)<\/p>\n<p class=\"alignnone wp-image-20306\" style=\"display: flex; align-items: center; font-size: 17px; line-height: 35px;\"><img loading=\"lazy\" decoding=\"async\" class=\"alignnone wp-image-20312\" src=\"https:\/\/www.littlegreenhouse.ch\/wp-content\/uploads\/2025\/07\/Icone-smartphone.png\" alt=\"\" width=\"25\" height=\"25\" \/>\u00a0 Telefon :\u00a0<a href=\"tel:0218009339\">T +41(0)21 800 93 39<\/a><\/p>\n<p style=\"display: flex; align-items: center; font-size: 17px; line-height: 35px;\"><img loading=\"lazy\" decoding=\"async\" class=\"alignnone wp-image-20309\" src=\"https:\/\/www.littlegreenhouse.ch\/wp-content\/uploads\/2025\/07\/Icone-e-mail.png\" alt=\"\" width=\"25\" height=\"25\" \/> \u00a0 E-mail :\u00a0<a class=\"mail\" href=\"mailto:gland@littlegreenhouse.ch\">gland@littlegreenhouse.ch<\/a><\/p>\n<p>[\/vc_column_text][vc_btn title=&#8221;ANMELDUNG*&#8221; style=&#8221;custom&#8221; custom_background=&#8221;#009cde&#8221; custom_text=&#8221;#ffdc00&#8243; shape=&#8221;round&#8221; align=&#8221;left&#8221; css=&#8221;.vc_custom_1777553362036{padding-top: 20px !important;}&#8221; link=&#8221;url:https%3A%2F%2Fnemcockpitlittlegreenhouse.nemborn.com%2FFrontend%2FadmissionProcess||target:%20_blank|&#8221;][vc_column_text]*Bitte geben Sie bei der Anmeldung die gew\u00fcnschten Termine im Feld \u201eNote\u201c an.[\/vc_column_text][\/vc_column][\/vc_row][vc_row full_width=&#8221;stretch_row_content&#8221;][vc_column css=&#8221;.vc_custom_1777385834672{background-color: #ffdc00 !important;}&#8221; offset=&#8221;vc_hidden-lg vc_hidden-md vc_hidden-sm&#8221;][vc_column_text css=&#8221;.vc_custom_1777552853008{margin-top: 10px !important;margin-right: 10px !important;margin-bottom: 30px !important;margin-left: 10px !important;}&#8221;]<\/p>\n<h1 class=\"soustitreh1\" style=\"text-align: center; font-size: 15px; color: #000000; line-height: 20px;\">Sommercamps<\/h1>\n<h1 class=\"soustitreh1\" style=\"text-align: center; font-size: 15px; color: #000000; line-height: 20px;\">au Mont-sur-Lausanne<\/h1>\n<h1 class=\"soustitreh1\" style=\"text-align: center; font-size: 15px; color: #000000; line-height: 20px;\">f\u00fcr Kinder der Klassen 1 bis 6P<\/h1>\n<p>[\/vc_column_text][\/vc_column][\/vc_row][vc_row gap=&#8221;5&#8243; css=&#8221;.vc_custom_1777386065936{margin-top: 30px !important;}&#8221;][vc_column offset=&#8221;vc_hidden-lg vc_hidden-md vc_hidden-sm&#8221;][vc_single_image image=&#8221;18858&#8243; img_size=&#8221;full&#8221; css=&#8221;.vc_custom_1777379835795{border-radius: 20px !important;}&#8221;][vc_column_text css=&#8221;.vc_custom_1777552914130{padding-top: 20px !important;padding-bottom: 20px !important;}&#8221;]<\/p>\n<h2 style=\"font-family: 'TuttiFruttiRegular'; color: #009cde;\">Begib dich diesen Sommer mit uns auf ein Abenteuer!<\/h2>\n<p>[\/vc_column_text][vc_column_text]<\/p>\n<p style=\"display: flex; align-items: center; font-size: 15px; line-height: 20px;\"><img loading=\"lazy\" decoding=\"async\" class=\"alignnone wp-image-20303\" src=\"https:\/\/www.littlegreenhouse.ch\/wp-content\/uploads\/2025\/07\/1.png\" alt=\"\" width=\"20\" height=\"20\" \/>\u00a0 Route de Lully 5, 1131 Tolochenaz<\/p>\n<p style=\"display: flex; align-items: center; font-size: 15px; line-height: 25px;\"><img loading=\"lazy\" decoding=\"async\" class=\"alignnone wp-image-25194 \" src=\"https:\/\/www.littlegreenhouse.ch\/wp-content\/uploads\/2026\/04\/Pictos-web-01-1.jpg\" alt=\"\" width=\"20\" height=\"20\" \/>\u00a0 \u00a0Vom 29. Juni bis zum 14. August 2026<\/p>\n<p class=\"alignnone wp-image-20306\" style=\"display: flex; align-items: center; font-size: 15px; line-height: 25px;\"><img loading=\"lazy\" decoding=\"async\" class=\"alignnone wp-image-20306\" src=\"https:\/\/www.littlegreenhouse.ch\/wp-content\/uploads\/2025\/07\/2.png\" alt=\"\" width=\"20\" height=\"20\" \/>\u00a0 \u00a0Montag bis Freitag: 8:00 \u2013 17:30 Uhr<\/p>\n<p style=\"display: flex; align-items: center; font-size: 15px; line-height: 25px;\"><img loading=\"lazy\" decoding=\"async\" class=\"alignnone wp-image-25197 \" src=\"https:\/\/www.littlegreenhouse.ch\/wp-content\/uploads\/2026\/04\/Pictos-web-02-1.jpg\" alt=\"\" width=\"20\" height=\"20\" \/> \u00a0 Preis f\u00fcr 5 Tage (Montag bis Freitag): 600 CHF<\/p>\n<p style=\"display: flex; align-items: center; font-size: 15px; line-height: 25px;\">\u00a0 \u00a0 \u00a0 \u00a0 \u2022 Ohne Anmeldegeb\u00fchr<\/p>\n<p style=\"display: flex; align-items: center; font-size: 15px; line-height: 25px;\">\u00a0 \u00a0 \u00a0 \u00a0 \u2022 Mahlzeiten und Snacks inbegriffen<\/p>\n<p style=\"display: flex; align-items: center; font-size: 15px; line-height: 25px;\">\u00a0 \u00a0 \u00a0 \u00a0 \u2022\u00a0Mindestens 2 Tage pro Woche<\/p>\n<p style=\"display: flex; align-items: center; font-size: 15px; line-height: 25px;\">\u00a0 \u00a0 \u00a0 \u00a0 \u00a0 (Preis wird anteilig berechnet)<\/p>\n<p class=\"alignnone wp-image-20306\" style=\"display: flex; align-items: center; font-size: 15px; line-height: 25px;\"><img loading=\"lazy\" decoding=\"async\" class=\"alignnone wp-image-20312\" src=\"https:\/\/www.littlegreenhouse.ch\/wp-content\/uploads\/2025\/07\/Icone-smartphone.png\" alt=\"\" width=\"20\" height=\"20\" \/>\u00a0 Telefon :\u00a0<a href=\"tel:0218009339\">T +41(0)21 800 93 39<\/a><\/p>\n<p style=\"display: flex; align-items: center; font-size: 15px; line-height: 25px;\"><img loading=\"lazy\" decoding=\"async\" class=\"alignnone wp-image-20309\" src=\"https:\/\/www.littlegreenhouse.ch\/wp-content\/uploads\/2025\/07\/Icone-e-mail.png\" alt=\"\" width=\"20\" height=\"20\" \/> \u00a0 E-mail : \u00a0<a class=\"mail\" href=\"mailto:tolochenaz@littlegreenhouse.ch\">tolochenaz@littlegreenhouse.ch<\/a><\/p>\n<p>[\/vc_column_text][vc_btn title=&#8221;Anmeldung*&#8221; style=&#8221;custom&#8221; custom_background=&#8221;#009cde&#8221; custom_text=&#8221;#ffdc00&#8243; shape=&#8221;round&#8221; align=&#8221;left&#8221; css=&#8221;.vc_custom_1777553381269{padding-top: 20px !important;}&#8221; link=&#8221;url:https%3A%2F%2Fnemcockpitlittlegreenhouse.nemborn.com%2FFrontend%2FadmissionProcess||target:%20_blank|&#8221; el_class=&#8221;InscriptionCTA&#8221;][vc_column_text]*Bitte geben Sie bei der Anmeldung die gew\u00fcnschten Termine im Feld \u201eNote\u201c an.[\/vc_column_text][\/vc_column][\/vc_row][vc_row gap=&#8221;5&#8243; css=&#8221;.vc_custom_1777387212735{margin-top: 50px !important;margin-bottom: 50px !important;}&#8221;][vc_column][vc_column_text]<\/p>\n<p style=\"text-align: center; font-family: 'TuttiFruttiRegular';\"><span style=\"font-size: 32px; line-height: 38px;\">PROGRAMM DES SOMMERCAMPS 2026<\/span><\/p>\n<p>[\/vc_column_text][\/vc_column][\/vc_row][vc_row gap=&#8221;10&#8243; equal_height=&#8221;yes&#8221; css=&#8221;.vc_custom_1777387841086{margin-top: 30px !important;margin-bottom: 30px !important;}&#8221;][vc_column width=&#8221;1\/4&#8243;][vc_single_image image=&#8221;25442&#8243; img_size=&#8221;medium&#8221; alignment=&#8221;center&#8221;][vc_column_text]<\/p>\n<div class=\"space20 \"><\/div>\n<p>[\/vc_column_text][vc_column_text]<\/p>\n<h2><span style=\"color: #34a1a1;\"><span style=\"font-size: 18px;\">Zur\u00fcck ins Zeitalter der Dinosaurier<\/span> <\/span><\/h2>\n<h3>Vom 29. Juni bis 3. Juli 2026<\/h3>\n<p>Begeben Sie sich auf eine Zeitreise ins Zeitalter der Giganten! Bei Spielen, Entdeckungen und pr\u00e4historischen Abenteuern, die den gr\u00f6ssten Entdeckern w\u00fcrdig sind, treten die Kinder in die Fussstapfen der Dinosaurier.[\/vc_column_text][\/vc_column][vc_column width=&#8221;1\/4&#8243;][vc_single_image image=&#8221;25386&#8243; img_size=&#8221;medium&#8221; alignment=&#8221;center&#8221;][vc_column_text]<\/p>\n<div class=\"space20 \"><\/div>\n<p>[\/vc_column_text][vc_column_text]<\/p>\n<h2><span style=\"color: #80ba27; font-size: 18px;\">Waldabenteurer<\/span><\/h2>\n<h3>Vom 6. bis 10. Juli 2026<\/h3>\n<p>Taucht ein in eine erfrischende und spassige Woche! Mit Wasserspielen, einfachen wissenschaftlichen Experimenten und \u00fcberraschenden Kochworkshops entdecken die Kinder alle Facetten des Wassers und haben dabei jede Menge Spass. Die perfekte Art, beim Nasswerden zu lernen![\/vc_column_text][\/vc_column][vc_column width=&#8221;1\/4&#8243;][vc_single_image image=&#8221;25451&#8243; img_size=&#8221;medium&#8221; alignment=&#8221;center&#8221;][vc_column_text]<\/p>\n<div class=\"space20 \"><\/div>\n<p>[\/vc_column_text][vc_column_text]<\/p>\n<h2><span style=\"color: #f28941; font-size: 18px;\">Alltagshelden<\/span><\/h2>\n<h3>Vom 13. bis 17. Juli<\/h3>\n<p>Jedes Kind hat eine Superkraft! Gegenseitige Unterst\u00fctzung, Mut und Fantasie sind die Themen dieser Woche, in der unsere Alltagshelden entdecken, dass schon kleine Taten die Welt ver\u00e4ndern k\u00f6nnen.[\/vc_column_text][\/vc_column][vc_column width=&#8221;1\/4&#8243;][vc_single_image image=&#8221;25203&#8243; img_size=&#8221;medium&#8221; alignment=&#8221;center&#8221;][vc_column_text]<\/p>\n<div class=\"space20 \"><\/div>\n<p>[\/vc_column_text][vc_column_text]<\/p>\n<h2><span style=\"color: #ffdc00; font-size: 18px;\">Weltreise<\/span><\/h2>\n<h3>Vom 20. bis 24. Juli<\/h3>\n<p>Haltet euren Reisepass bereit! Jeder Tag bringt einen neuen Zwischenstopp mit sich, an dem ihr Kulturen, Traditionen und Wunder aus allen Ecken der Welt entdecken k\u00f6nnt. Ein grosses Abenteuer, ohne das Lager zu verlassen.[\/vc_column_text][\/vc_column][\/vc_row][vc_row gap=&#8221;15&#8243; equal_height=&#8221;yes&#8221; css=&#8221;.vc_custom_1777387846823{margin-top: 30px !important;margin-bottom: 30px !important;}&#8221;][vc_column width=&#8221;1\/3&#8243;][vc_single_image image=&#8221;25445&#8243; img_size=&#8221;medium&#8221; alignment=&#8221;center&#8221;][vc_column_text]<\/p>\n<div class=\"space20 \"><\/div>\n<p>[\/vc_column_text][vc_column_text]<\/p>\n<h2><span style=\"color: #7c6eb0;\"><span style=\"font-size: 18px;\">Die Akademie der kleinen Zauberer<br \/>\n<\/span> <\/span><\/h2>\n<h3>Vom 27. bis 31. August 2026<\/h3>\n<p>Willkommen in der Zauberschule! Zauberspr\u00fcche, Geheimnisse und verzauberte Herausforderungen entf\u00fchren die Kinder in eine magische Welt, in der die Fantasie regiert.[\/vc_column_text][\/vc_column][vc_column width=&#8221;1\/3&#8243;][vc_single_image image=&#8221;25454&#8243; img_size=&#8221;medium&#8221; alignment=&#8221;center&#8221;][vc_column_text]<\/p>\n<div class=\"space20 \"><\/div>\n<p>[\/vc_column_text][vc_column_text]<\/p>\n<h2><span style=\"color: #009cde;\"><span style=\"font-size: 18px;\">Entdecke die Unterwasserwelt<br \/>\n<\/span> <\/span><\/h2>\n<h3>Vom 3. bis 7. August 2026<\/h3>\n<p>Tauche ein in die Tiefen des Ozeans! Bunte Fische, faszinierende Lebewesen und die Geheimnisse der Meere erwarten die Meeresforscher.[\/vc_column_text][\/vc_column][vc_column width=&#8221;1\/3&#8243;][vc_single_image image=&#8221;25448&#8243; img_size=&#8221;medium&#8221; alignment=&#8221;center&#8221;][vc_column_text]<\/p>\n<div class=\"space20 \"><\/div>\n<p>[\/vc_column_text][vc_column_text]<\/p>\n<h2><span style=\"color: #2a337e; font-size: 18px;\">Piraten stehen im Mittelpunkt<\/span><\/h2>\n<h3>Vom 10. bis 14. August<\/h3>\n<p>Alle an Bord! Schatzkarten, Piraten-Herausforderungen und Abenteuer auf hoher See versprechen eine Woche voller Action f\u00fcr angehende Seer\u00e4uber.[\/vc_column_text][\/vc_column][\/vc_row]<\/p>\n","protected":false},"excerpt":{"rendered":"<p>[vc_row][vc_column css=&#8221;.vc_custom_1777385248997{margin-right: 15px !important;margin-left: 15px !important;padding-top: 0px !important;background-color: #ffdc00 !important;}&#8221; offset=&#8221;vc_hidden-xs&#8221;][vc_column_text css=&#8221;.vc_custom_1777561804365{margin-top: 50px !important;margin-bottom: 50px !important;}&#8221;] Sommercamp in Tolochenaz f\u00fcr Kinder der Klassen 1 bis 2P [\/vc_column_text][\/vc_column][\/vc_row][vc_row gap=&#8221;20&#8243; css=&#8221;.vc_custom_1747820273101{margin-top: 30px !important;margin-right: 30px !important;}&#8221;][vc_column width=&#8221;1\/2&#8243; css=&#8221;.vc_custom_1777385496577{margin-right: 15px !important;margin-left: 15px !important;padding-top: 0px !important;padding-right: 20px !important;padding-bottom: 30px !important;padding-left: 20px !important;border-radius: 20px !important;}&#8221; offset=&#8221;vc_hidden-xs&#8221;][vc_single_image image=&#8221;18858&#8243; img_size=&#8221;full&#8221; css=&#8221;.vc_custom_1777379835795{border-radius: 20px !important;}&#8221;][\/vc_column][vc_column &hellip; <a href=\"https:\/\/www.littlegreenhouse.ch\/de\/sommercamp-tolochenaz\/\" title=\"Sommercamp in Tolochenaz\" class=\"read-more\">Read More<\/a><\/p>\n","protected":false},"author":11,"featured_media":0,"parent":0,"menu_order":0,"comment_status":"closed","ping_status":"closed","template":"","meta":{"_monsterinsights_skip_tracking":false,"_monsterinsights_sitenote_active":false,"_monsterinsights_sitenote_note":"","_monsterinsights_sitenote_category":0,"footnotes":""},"class_list":["post-25377","page","type-page","status-publish","hentry"],"yoast_head":"<!-- This site is optimized with the Yoast SEO plugin v15.1.1 - https:\/\/yoast.com\/wordpress\/plugins\/seo\/ -->\n<title>Sommercamp in Tolochenaz - Little Green House<\/title>\n<meta name=\"robots\" content=\"index, follow, max-snippet:-1, max-image-preview:large, max-video-preview:-1\" \/>\n<link rel=\"canonical\" href=\"https:\/\/www.littlegreenhouse.ch\/de\/sommercamp-tolochenaz\/\" \/>\n<meta property=\"og:locale\" content=\"de_DE\" \/>\n<meta property=\"og:type\" content=\"article\" \/>\n<meta property=\"og:title\" content=\"Sommercamp in Tolochenaz - Little Green House\" \/>\n<meta property=\"og:description\" content=\"[vc_row][vc_column css=&#8221;.vc_custom_1777385248997{margin-right: 15px !important;margin-left: 15px !important;padding-top: 0px !important;background-color: #ffdc00 !important;}&#8221; offset=&#8221;vc_hidden-xs&#8221;][vc_column_text css=&#8221;.vc_custom_1777561804365{margin-top: 50px !important;margin-bottom: 50px !important;}&#8221;] Sommercamp in Tolochenaz f\u00fcr Kinder der Klassen 1 bis 2P [\/vc_column_text][\/vc_column][\/vc_row][vc_row gap=&#8221;20&#8243; css=&#8221;.vc_custom_1747820273101{margin-top: 30px !important;margin-right: 30px !important;}&#8221;][vc_column width=&#8221;1\/2&#8243; css=&#8221;.vc_custom_1777385496577{margin-right: 15px !important;margin-left: 15px !important;padding-top: 0px !important;padding-right: 20px !important;padding-bottom: 30px !important;padding-left: 20px !important;border-radius: 20px !important;}&#8221; offset=&#8221;vc_hidden-xs&#8221;][vc_single_image image=&#8221;18858&#8243; img_size=&#8221;full&#8221; css=&#8221;.vc_custom_1777379835795{border-radius: 20px !important;}&#8221;][\/vc_column][vc_column [&hellip;]\" \/>\n<meta property=\"og:url\" content=\"https:\/\/www.littlegreenhouse.ch\/de\/sommercamp-tolochenaz\/\" \/>\n<meta property=\"og:site_name\" content=\"Little Green House\" \/>\n<meta property=\"article:publisher\" content=\"https:\/\/www.facebook.com\/littlegreenhouse.the.next.generation\/\" \/>\n<meta property=\"article:modified_time\" content=\"2026-05-04T14:26:59+00:00\" \/>\n<meta property=\"og:image\" content=\"https:\/\/www.littlegreenhouse.ch\/wp-content\/uploads\/2025\/07\/1.png\" \/>\n<meta name=\"twitter:card\" content=\"summary_large_image\" \/>\n<meta name=\"twitter:creator\" content=\"@lg_house\" \/>\n<meta name=\"twitter:site\" content=\"@lg_house\" \/>\n<script type=\"application\/ld+json\" class=\"yoast-schema-graph\">{\"@context\":\"https:\/\/schema.org\",\"@graph\":[{\"@type\":\"Organization\",\"@id\":\"https:\/\/www.littlegreenhouse.ch\/de\/#organization\",\"name\":\"Little Green House\",\"url\":\"https:\/\/www.littlegreenhouse.ch\/de\/\",\"sameAs\":[\"https:\/\/www.facebook.com\/littlegreenhouse.the.next.generation\/\",\"https:\/\/www.instagram.com\/littlegreenhouse_childcare\/\",\"https:\/\/www.linkedin.com\/company\/little-green-house\/\",\"https:\/\/www.youtube.com\/channel\/UCPQiQBtt0Hp-4Y-HWPiIjyQ\",\"https:\/\/twitter.com\/lg_house\"],\"logo\":{\"@type\":\"ImageObject\",\"@id\":\"https:\/\/www.littlegreenhouse.ch\/de\/#logo\",\"inLanguage\":\"de\",\"url\":\"https:\/\/www.littlegreenhouse.ch\/wp-content\/uploads\/2020\/01\/LGH_logo_2019.png\",\"width\":369,\"height\":283,\"caption\":\"Little Green House\"},\"image\":{\"@id\":\"https:\/\/www.littlegreenhouse.ch\/de\/#logo\"}},{\"@type\":\"WebSite\",\"@id\":\"https:\/\/www.littlegreenhouse.ch\/de\/#website\",\"url\":\"https:\/\/www.littlegreenhouse.ch\/de\/\",\"name\":\"Little Green House\",\"description\":\"Cr\\u00e8che | Childcare | Kita\",\"publisher\":{\"@id\":\"https:\/\/www.littlegreenhouse.ch\/de\/#organization\"},\"potentialAction\":[{\"@type\":\"SearchAction\",\"target\":\"https:\/\/www.littlegreenhouse.ch\/de\/?s={search_term_string}\",\"query-input\":\"required name=search_term_string\"}],\"inLanguage\":\"de\"},{\"@type\":\"ImageObject\",\"@id\":\"https:\/\/www.littlegreenhouse.ch\/de\/sommercamp-tolochenaz\/#primaryimage\",\"inLanguage\":\"de\",\"url\":\"https:\/\/www.littlegreenhouse.ch\/wp-content\/uploads\/2025\/07\/1.png\",\"width\":50,\"height\":50},{\"@type\":\"WebPage\",\"@id\":\"https:\/\/www.littlegreenhouse.ch\/de\/sommercamp-tolochenaz\/#webpage\",\"url\":\"https:\/\/www.littlegreenhouse.ch\/de\/sommercamp-tolochenaz\/\",\"name\":\"Sommercamp in Tolochenaz - Little Green House\",\"isPartOf\":{\"@id\":\"https:\/\/www.littlegreenhouse.ch\/de\/#website\"},\"primaryImageOfPage\":{\"@id\":\"https:\/\/www.littlegreenhouse.ch\/de\/sommercamp-tolochenaz\/#primaryimage\"},\"datePublished\":\"2026-04-30T15:12:22+00:00\",\"dateModified\":\"2026-05-04T14:26:59+00:00\",\"inLanguage\":\"de\",\"potentialAction\":[{\"@type\":\"ReadAction\",\"target\":[\"https:\/\/www.littlegreenhouse.ch\/de\/sommercamp-tolochenaz\/\"]}]}]}<\/script>\n<!-- \/ Yoast SEO plugin. -->","jetpack_sharing_enabled":true,"_links":{"self":[{"href":"https:\/\/www.littlegreenhouse.ch\/de\/wp-json\/wp\/v2\/pages\/25377","targetHints":{"allow":["GET"]}}],"collection":[{"href":"https:\/\/www.littlegreenhouse.ch\/de\/wp-json\/wp\/v2\/pages"}],"about":[{"href":"https:\/\/www.littlegreenhouse.ch\/de\/wp-json\/wp\/v2\/types\/page"}],"author":[{"embeddable":true,"href":"https:\/\/www.littlegreenhouse.ch\/de\/wp-json\/wp\/v2\/users\/11"}],"replies":[{"embeddable":true,"href":"https:\/\/www.littlegreenhouse.ch\/de\/wp-json\/wp\/v2\/comments?post=25377"}],"version-history":[{"count":6,"href":"https:\/\/www.littlegreenhouse.ch\/de\/wp-json\/wp\/v2\/pages\/25377\/revisions"}],"predecessor-version":[{"id":25492,"href":"https:\/\/www.littlegreenhouse.ch\/de\/wp-json\/wp\/v2\/pages\/25377\/revisions\/25492"}],"wp:attachment":[{"href":"https:\/\/www.littlegreenhouse.ch\/de\/wp-json\/wp\/v2\/media?parent=25377"}],"curies":[{"name":"wp","href":"https:\/\/api.w.org\/{rel}","templated":true}]}}