{"id":25480,"date":"2026-05-04T16:00:44","date_gmt":"2026-05-04T14:00:44","guid":{"rendered":"https:\/\/www.littlegreenhouse.ch\/?page_id=25480"},"modified":"2026-05-04T16:38:40","modified_gmt":"2026-05-04T14:38:40","slug":"sommercamps","status":"publish","type":"page","link":"https:\/\/www.littlegreenhouse.ch\/de\/sommercamps\/","title":{"rendered":"Sommercamps"},"content":{"rendered":"<p>[vc_row][vc_column css=&#8221;.vc_custom_1777645573660{background-color: #ffdc00 !important;border-radius: 20px !important;}&#8221;][vc_column_text css=&#8221;.vc_custom_1777902896227{margin-top: 30px !important;margin-bottom: 30px !important;}&#8221;]<\/p>\n<h1 class=\"soustitreh1\"><span style=\"color: #000000;\">Sommercamps<\/span><\/h1>\n<p>[\/vc_column_text][vc_column_text css=&#8221;.vc_custom_1777902923939{margin-bottom: 20px !important;}&#8221;]<\/p>\n<h2 style=\"font-family: TuttiFruttiRegular; color: #009cde; font-size: 30px; line-height: 25px; text-align: center;\">Ein aktiver und spassiger Urlaub!!<\/h2>\n<p>[\/vc_column_text][vc_row_inner gap=&#8221;20&#8243; css=&#8221;.vc_custom_1777646448267{margin-right: 20px !important;margin-bottom: 20px !important;margin-left: 20px !important;}&#8221;][vc_column_inner width=&#8221;1\/2&#8243;][vc_column_text]<img loading=\"lazy\" decoding=\"async\" class=\"aligncenter size-full wp-image-18856\" src=\"https:\/\/www.littlegreenhouse.ch\/wp-content\/uploads\/2025\/05\/camps_de_vacances_Little_Green_House-1.jpg\" alt=\"\" width=\"1660\" height=\"1334\" srcset=\"https:\/\/www.littlegreenhouse.ch\/wp-content\/uploads\/2025\/05\/camps_de_vacances_Little_Green_House-1.jpg 1660w, https:\/\/www.littlegreenhouse.ch\/wp-content\/uploads\/2025\/05\/camps_de_vacances_Little_Green_House-1-300x241.jpg 300w, https:\/\/www.littlegreenhouse.ch\/wp-content\/uploads\/2025\/05\/camps_de_vacances_Little_Green_House-1-1024x823.jpg 1024w, https:\/\/www.littlegreenhouse.ch\/wp-content\/uploads\/2025\/05\/camps_de_vacances_Little_Green_House-1-768x617.jpg 768w, https:\/\/www.littlegreenhouse.ch\/wp-content\/uploads\/2025\/05\/camps_de_vacances_Little_Green_House-1-1536x1234.jpg 1536w\" sizes=\"auto, (max-width: 1660px) 100vw, 1660px\" \/>[\/vc_column_text][\/vc_column_inner][vc_column_inner width=&#8221;1\/2&#8243;][vc_column_text css=&#8221;.vc_custom_1777902944394{margin-top: 30px !important;}&#8221;]<\/p>\n<p style=\"text-align: left;\"><span style=\"font-size: 18px;\">Wir haben w\u00e4hrend der Schulferien ge\u00f6ffnet und freuen uns darauf, Ihre Kinder mit einem L\u00e4cheln bei uns begr\u00fcssen zu d\u00fcrfen! Die Kinder werden nach Alter eingeteilt und erleben Tage voller Aktivit\u00e4ten: Spiele, kreative Workshops, Ausfl\u00fcge und Zeit im Freien \u2013 und das alles in einer fr\u00f6hlichen und f\u00fcrsorglichen Atmosph\u00e4re. Fr\u00fchst\u00fcck, Mittagessen und Zvieri sind inbegriffen \u2013 Sie m\u00fcssen sich um nichts k\u00fcmmern!<\/span><\/p>\n<p>[\/vc_column_text][vc_column_text css=&#8221;.vc_custom_1777903357459{margin-top: 20px !important;}&#8221;]<\/p>\n<p style=\"display: flex; align-items: center; font-size: 17px; line-height: 35px;\"><img loading=\"lazy\" decoding=\"async\" class=\"alignnone wp-image-25421 \" src=\"https:\/\/www.littlegreenhouse.ch\/wp-content\/uploads\/2026\/05\/Pictos-web-01.png\" alt=\"\" width=\"26\" height=\"26\" \/> \u00a0 Vom 29. Juni bis 14. August 2026<\/p>\n<p class=\"alignnone wp-image-20306\" style=\"display: flex; align-items: center; font-size: 17px; line-height: 35px;\"><img loading=\"lazy\" decoding=\"async\" class=\"alignnone wp-image-25427 \" src=\"https:\/\/www.littlegreenhouse.ch\/wp-content\/uploads\/2026\/05\/Pictos-web-03.png\" alt=\"\" width=\"27\" height=\"27\" \/>\u00a0 Montag bis Freitag: 8:00 \u2013 17:30 Uhr<\/p>\n<p style=\"display: flex; align-items: center; font-size: 17px; line-height: 17px;\"><img loading=\"lazy\" decoding=\"async\" class=\"alignnone wp-image-25424 \" src=\"https:\/\/www.littlegreenhouse.ch\/wp-content\/uploads\/2026\/05\/Pictos-web-02.png\" alt=\"\" width=\"27\" height=\"27\" \/> \u00a0 5-Tage-Tarif (Montag bis Freitag): CHF 600<\/p>\n<p style=\"display: flex; align-items: center; font-size: 17px; line-height: 25px;\">\u00a0 \u00a0 \u00a0 \u00a0 \u00a0(Ohne Anmeldegeb\u00fchr | Mahlzeiten und Snacks inbegriffen)<\/p>\n<p style=\"display: flex; align-items: center; font-size: 17px; line-height: 25px;\">\u00a0 \u00a0 \u00a0 \u00a0 \u00a0Mindestteilnahme: 2 Tage pro Woche<\/p>\n<p style=\"display: flex; align-items: center; font-size: 17px; line-height: 25px;\">\u00a0 \u00a0 \u00a0 \u00a0 \u00a0(Tarif wird anteilsm\u00e4ssig berechnet)<\/p>\n<p>[\/vc_column_text][\/vc_column_inner][\/vc_row_inner][\/vc_column][\/vc_row][vc_row gap=&#8221;20&#8243; equal_height=&#8221;yes&#8221; css=&#8221;.vc_custom_1777646557828{margin-top: 30px !important;margin-bottom: 50px !important;padding-left: 20px !important;}&#8221;][vc_column width=&#8221;1\/3&#8243;][vc_single_image image=&#8221;10903&#8243; img_size=&#8221;full&#8221;][vc_column_text]<\/p>\n<h5 style=\"text-align: left;\">FERIENLAGER IN GLAND<\/h5>\n<h3>Kinder der 1P und 2P Klasse<\/h3>\n<p>[\/vc_column_text][vc_btn title=&#8221;ENTDECKEN SIE DAS PROGRAMM&#8221; style=&#8221;custom&#8221; custom_background=&#8221;#009cde&#8221; custom_text=&#8221;#ffdc00&#8243; shape=&#8221;round&#8221; align=&#8221;left&#8221; css=&#8221;.vc_custom_1777905424713{padding-top: 20px !important;}&#8221; link=&#8221;url:https%3A%2F%2Fwww.littlegreenhouse.ch%2Fde%2Fsommercamp-gland%2F||target:%20_blank|&#8221;][\/vc_column][vc_column width=&#8221;1\/3&#8243;][vc_single_image image=&#8221;21766&#8243; img_size=&#8221;full&#8221;][vc_column_text]<\/p>\n<h5>FERIENLAGER IN TOLOCHENAZ<\/h5>\n<h3>Kinder der 1P und 2P Klasse<\/h3>\n<p>[\/vc_column_text][vc_btn title=&#8221;ENTDECKEN SIE DAS PROGRAMM&#8221; style=&#8221;custom&#8221; custom_background=&#8221;#009cde&#8221; custom_text=&#8221;#ffdc00&#8243; shape=&#8221;round&#8221; align=&#8221;left&#8221; css=&#8221;.vc_custom_1777905516720{padding-top: 20px !important;}&#8221; link=&#8221;url:https%3A%2F%2Fwww.littlegreenhouse.ch%2Fde%2Fsommercamp-tolochenaz%2F||target:%20_blank|&#8221;][\/vc_column][vc_column width=&#8221;1\/3&#8243;][vc_single_image image=&#8221;14198&#8243; img_size=&#8221;full&#8221;][vc_column_text]<\/p>\n<h5 style=\"text-align: left;\">FERIENLAGER IN MONT-SUR-LAUSANNE<\/h5>\n<h3>Kinder der 1P-6P Klasse<\/h3>\n<p>[\/vc_column_text][vc_btn title=&#8221;ENTDECKEN SIE DAS PROGRAMM&#8221; style=&#8221;custom&#8221; custom_background=&#8221;#009cde&#8221; custom_text=&#8221;#ffdc00&#8243; shape=&#8221;round&#8221; align=&#8221;left&#8221; css=&#8221;.vc_custom_1777905183469{padding-top: 20px !important;}&#8221; link=&#8221;url:%20https%3A%2F%2Fwww.littlegreenhouse.ch%2Fde%2Fsommercamp-mont-sur-lausanne||target:%20_blank|&#8221;][\/vc_column][\/vc_row]<\/p>\n","protected":false},"excerpt":{"rendered":"<p>[vc_row][vc_column css=&#8221;.vc_custom_1777645573660{background-color: #ffdc00 !important;border-radius: 20px !important;}&#8221;][vc_column_text css=&#8221;.vc_custom_1777902896227{margin-top: 30px !important;margin-bottom: 30px !important;}&#8221;] Sommercamps [\/vc_column_text][vc_column_text css=&#8221;.vc_custom_1777902923939{margin-bottom: 20px !important;}&#8221;] Ein aktiver und spassiger Urlaub!! [\/vc_column_text][vc_row_inner gap=&#8221;20&#8243; css=&#8221;.vc_custom_1777646448267{margin-right: 20px !important;margin-bottom: 20px !important;margin-left: 20px !important;}&#8221;][vc_column_inner width=&#8221;1\/2&#8243;][vc_column_text][\/vc_column_text][\/vc_column_inner][vc_column_inner width=&#8221;1\/2&#8243;][vc_column_text css=&#8221;.vc_custom_1777902944394{margin-top: 30px !important;}&#8221;] Wir haben w\u00e4hrend der Schulferien ge\u00f6ffnet und freuen uns darauf, Ihre Kinder mit einem L\u00e4cheln bei uns begr\u00fcssen zu d\u00fcrfen! &hellip; <a href=\"https:\/\/www.littlegreenhouse.ch\/de\/sommercamps\/\" title=\"Sommercamps\" class=\"read-more\">Read More<\/a><\/p>\n","protected":false},"author":11,"featured_media":0,"parent":0,"menu_order":0,"comment_status":"closed","ping_status":"closed","template":"","meta":{"_monsterinsights_skip_tracking":false,"_monsterinsights_sitenote_active":false,"_monsterinsights_sitenote_note":"","_monsterinsights_sitenote_category":0,"footnotes":""},"class_list":["post-25480","page","type-page","status-publish","hentry"],"yoast_head":"<!-- This site is optimized with the Yoast SEO plugin v15.1.1 - https:\/\/yoast.com\/wordpress\/plugins\/seo\/ -->\n<title>Sommercamps - Little Green House<\/title>\n<meta name=\"robots\" content=\"index, follow, max-snippet:-1, max-image-preview:large, max-video-preview:-1\" \/>\n<link rel=\"canonical\" href=\"https:\/\/www.littlegreenhouse.ch\/de\/sommercamps\/\" \/>\n<meta property=\"og:locale\" content=\"de_DE\" \/>\n<meta property=\"og:type\" content=\"article\" \/>\n<meta property=\"og:title\" content=\"Sommercamps - Little Green House\" \/>\n<meta property=\"og:description\" content=\"[vc_row][vc_column css=&#8221;.vc_custom_1777645573660{background-color: #ffdc00 !important;border-radius: 20px !important;}&#8221;][vc_column_text css=&#8221;.vc_custom_1777902896227{margin-top: 30px !important;margin-bottom: 30px !important;}&#8221;] Sommercamps [\/vc_column_text][vc_column_text css=&#8221;.vc_custom_1777902923939{margin-bottom: 20px !important;}&#8221;] Ein aktiver und spassiger Urlaub!! [\/vc_column_text][vc_row_inner gap=&#8221;20&#8243; css=&#8221;.vc_custom_1777646448267{margin-right: 20px !important;margin-bottom: 20px !important;margin-left: 20px !important;}&#8221;][vc_column_inner width=&#8221;1\/2&#8243;][vc_column_text][\/vc_column_text][\/vc_column_inner][vc_column_inner width=&#8221;1\/2&#8243;][vc_column_text css=&#8221;.vc_custom_1777902944394{margin-top: 30px !important;}&#8221;] Wir haben w\u00e4hrend der Schulferien ge\u00f6ffnet und freuen uns darauf, Ihre Kinder mit einem L\u00e4cheln bei uns begr\u00fcssen zu d\u00fcrfen! [&hellip;]\" \/>\n<meta property=\"og:url\" content=\"https:\/\/www.littlegreenhouse.ch\/de\/sommercamps\/\" \/>\n<meta property=\"og:site_name\" content=\"Little Green House\" \/>\n<meta property=\"article:publisher\" content=\"https:\/\/www.facebook.com\/littlegreenhouse.the.next.generation\/\" \/>\n<meta property=\"article:modified_time\" content=\"2026-05-04T14:38:40+00:00\" \/>\n<meta property=\"og:image\" content=\"https:\/\/www.littlegreenhouse.ch\/wp-content\/uploads\/2025\/05\/camps_de_vacances_Little_Green_House-1.jpg\" \/>\n<meta name=\"twitter:card\" content=\"summary_large_image\" \/>\n<meta name=\"twitter:creator\" content=\"@lg_house\" \/>\n<meta name=\"twitter:site\" content=\"@lg_house\" \/>\n<script type=\"application\/ld+json\" class=\"yoast-schema-graph\">{\"@context\":\"https:\/\/schema.org\",\"@graph\":[{\"@type\":\"Organization\",\"@id\":\"https:\/\/www.littlegreenhouse.ch\/de\/#organization\",\"name\":\"Little Green House\",\"url\":\"https:\/\/www.littlegreenhouse.ch\/de\/\",\"sameAs\":[\"https:\/\/www.facebook.com\/littlegreenhouse.the.next.generation\/\",\"https:\/\/www.instagram.com\/littlegreenhouse_childcare\/\",\"https:\/\/www.linkedin.com\/company\/little-green-house\/\",\"https:\/\/www.youtube.com\/channel\/UCPQiQBtt0Hp-4Y-HWPiIjyQ\",\"https:\/\/twitter.com\/lg_house\"],\"logo\":{\"@type\":\"ImageObject\",\"@id\":\"https:\/\/www.littlegreenhouse.ch\/de\/#logo\",\"inLanguage\":\"de\",\"url\":\"https:\/\/www.littlegreenhouse.ch\/wp-content\/uploads\/2020\/01\/LGH_logo_2019.png\",\"width\":369,\"height\":283,\"caption\":\"Little Green House\"},\"image\":{\"@id\":\"https:\/\/www.littlegreenhouse.ch\/de\/#logo\"}},{\"@type\":\"WebSite\",\"@id\":\"https:\/\/www.littlegreenhouse.ch\/de\/#website\",\"url\":\"https:\/\/www.littlegreenhouse.ch\/de\/\",\"name\":\"Little Green House\",\"description\":\"Cr\\u00e8che | Childcare | Kita\",\"publisher\":{\"@id\":\"https:\/\/www.littlegreenhouse.ch\/de\/#organization\"},\"potentialAction\":[{\"@type\":\"SearchAction\",\"target\":\"https:\/\/www.littlegreenhouse.ch\/de\/?s={search_term_string}\",\"query-input\":\"required name=search_term_string\"}],\"inLanguage\":\"de\"},{\"@type\":\"ImageObject\",\"@id\":\"https:\/\/www.littlegreenhouse.ch\/de\/sommercamps\/#primaryimage\",\"inLanguage\":\"de\",\"url\":\"https:\/\/www.littlegreenhouse.ch\/wp-content\/uploads\/2025\/05\/camps_de_vacances_Little_Green_House-1.jpg\",\"width\":1660,\"height\":1334,\"caption\":\"Vacances d'\\u00e9t\\u00e9 2026 \\u00e0 Gland, Morges et Lausanne\"},{\"@type\":\"WebPage\",\"@id\":\"https:\/\/www.littlegreenhouse.ch\/de\/sommercamps\/#webpage\",\"url\":\"https:\/\/www.littlegreenhouse.ch\/de\/sommercamps\/\",\"name\":\"Sommercamps - Little Green House\",\"isPartOf\":{\"@id\":\"https:\/\/www.littlegreenhouse.ch\/de\/#website\"},\"primaryImageOfPage\":{\"@id\":\"https:\/\/www.littlegreenhouse.ch\/de\/sommercamps\/#primaryimage\"},\"datePublished\":\"2026-05-04T14:00:44+00:00\",\"dateModified\":\"2026-05-04T14:38:40+00:00\",\"inLanguage\":\"de\",\"potentialAction\":[{\"@type\":\"ReadAction\",\"target\":[\"https:\/\/www.littlegreenhouse.ch\/de\/sommercamps\/\"]}]}]}<\/script>\n<!-- \/ Yoast SEO plugin. -->","jetpack_sharing_enabled":true,"_links":{"self":[{"href":"https:\/\/www.littlegreenhouse.ch\/de\/wp-json\/wp\/v2\/pages\/25480","targetHints":{"allow":["GET"]}}],"collection":[{"href":"https:\/\/www.littlegreenhouse.ch\/de\/wp-json\/wp\/v2\/pages"}],"about":[{"href":"https:\/\/www.littlegreenhouse.ch\/de\/wp-json\/wp\/v2\/types\/page"}],"author":[{"embeddable":true,"href":"https:\/\/www.littlegreenhouse.ch\/de\/wp-json\/wp\/v2\/users\/11"}],"replies":[{"embeddable":true,"href":"https:\/\/www.littlegreenhouse.ch\/de\/wp-json\/wp\/v2\/comments?post=25480"}],"version-history":[{"count":9,"href":"https:\/\/www.littlegreenhouse.ch\/de\/wp-json\/wp\/v2\/pages\/25480\/revisions"}],"predecessor-version":[{"id":25503,"href":"https:\/\/www.littlegreenhouse.ch\/de\/wp-json\/wp\/v2\/pages\/25480\/revisions\/25503"}],"wp:attachment":[{"href":"https:\/\/www.littlegreenhouse.ch\/de\/wp-json\/wp\/v2\/media?parent=25480"}],"curies":[{"name":"wp","href":"https:\/\/api.w.org\/{rel}","templated":true}]}}