{"id":4003,"date":"2019-08-23T07:23:07","date_gmt":"2019-08-23T05:23:07","guid":{"rendered":"http:\/\/littlegreenhouse.ch\/NEW\/woods-wellbeing\/"},"modified":"2026-04-24T14:29:43","modified_gmt":"2026-04-24T12:29:43","slug":"woods-wellbeing","status":"publish","type":"page","link":"https:\/\/www.littlegreenhouse.ch\/de\/woods-wellbeing\/","title":{"rendered":"Woods &#038; Wellbeing"},"content":{"rendered":"<p>[vc_row css=&#8221;.vc_custom_1573219476516{margin-top: 0px !important;margin-right: 15px !important;margin-left: 15px !important;background-color: #ffdc00 !important;}&#8221;][vc_column css=&#8221;.vc_custom_1566195737301{padding-top: 0px !important;padding-bottom: 0px !important;}&#8221;][vc_column_text css=&#8221;.vc_custom_1777033779080{margin-top: 40px !important;margin-bottom: 40px !important;}&#8221;]<\/p>\n<h1 class=\"soustitreh1\"><span style=\"color: #000000;\">Woods &amp; Wellbeing<\/span><\/h1>\n<p>[\/vc_column_text][\/vc_column][\/vc_row][vc_row gap=&#8221;30&#8243; equal_height=&#8221;yes&#8221; content_placement=&#8221;top&#8221; css=&#8221;.vc_custom_1567407678554{margin-top: 20px !important;margin-right: 1px !important;margin-left: 1px !important;}&#8221;][vc_column width=&#8221;2\/3&#8243; css=&#8221;.vc_custom_1560319784025{margin-top: 0px !important;margin-right: 0px !important;margin-bottom: 0px !important;margin-left: 0px !important;border-top-width: 0px !important;border-right-width: 0px !important;border-bottom-width: 0px !important;border-left-width: 0px !important;padding-top: 0px !important;padding-right: 0px !important;padding-bottom: 0px !important;padding-left: 0px !important;}&#8221;][vc_gallery interval=&#8221;5&#8243; images=&#8221;4004,4127,4125,4005,4130,4126,4128,7655,2597,7652,2292,2300,7658&#8243; img_size=&#8221;full&#8221; css=&#8221;.vc_custom_1598025504541{margin-top: 0px !important;margin-right: 0px !important;margin-bottom: 0px !important;margin-left: 0px !important;border-top-width: 0px !important;border-right-width: 0px !important;border-bottom-width: 0px !important;border-left-width: 0px !important;padding-top: 0px !important;padding-right: 0px !important;padding-bottom: 0px !important;padding-left: 0px !important;}&#8221;][\/vc_column][vc_column width=&#8221;1\/3&#8243; css=&#8221;.vc_custom_1567768911738{padding-top: 30px !important;padding-right: 30px !important;padding-bottom: 0px !important;padding-left: 30px !important;background-color: #ee6f55 !important;}&#8221;][vc_column_text]<img loading=\"lazy\" decoding=\"async\" class=\"aligncenter size-full wp-image-4362\" src=\"https:\/\/littlegreenhouse.ch\/wp-content\/uploads\/2019\/12\/pirates_3_DE.png\" alt=\"\" width=\"1200\" height=\"831\" srcset=\"https:\/\/www.littlegreenhouse.ch\/wp-content\/uploads\/2019\/12\/pirates_3_DE.png 1200w, https:\/\/www.littlegreenhouse.ch\/wp-content\/uploads\/2019\/12\/pirates_3_DE-300x208.png 300w, https:\/\/www.littlegreenhouse.ch\/wp-content\/uploads\/2019\/12\/pirates_3_DE-768x532.png 768w, https:\/\/www.littlegreenhouse.ch\/wp-content\/uploads\/2019\/12\/pirates_3_DE-1024x709.png 1024w\" sizes=\"auto, (max-width: 1200px) 100vw, 1200px\" \/><\/p>\n<h3 style=\"text-align: center;\"><strong>Wir haben keine Angst vor schlechtem Wetter.<br \/>\n<span style=\"color: #ffffff;\">Raus geht&#8217;s.<\/span><\/strong><\/h3>\n<p style=\"text-align: center;\">Kinderkrippe f\u00fcr kleine Naturfreunde: wir erkunden unsere Umgebung, die W\u00e4lder und Wiesen, wir legen unsere eigenen Gartenbeete an, j\u00e4ten und ernten. Wir lernen die Jahreszeiten kennen, und die Natur mit Sorgfalt zu behandeln.<\/p>\n<p>[\/vc_column_text][\/vc_column][\/vc_row][vc_row equal_height=&#8221;yes&#8221; content_placement=&#8221;top&#8221; css=&#8221;.vc_custom_1580119825311{margin-top: 20px !important;margin-right: 15px !important;margin-bottom: 20px !important;margin-left: 15px !important;padding-right: 20px !important;padding-left: 20px !important;background-image: url(https:\/\/www.littlegreenhouse.ch\/wp-content\/uploads\/2019\/08\/Back_concept_Green-4-1.png?id=4147) !important;background-position: center !important;background-repeat: no-repeat !important;background-size: cover !important;}&#8221;][vc_column css=&#8221;.vc_custom_1566539474319{border-top-width: 0px !important;border-right-width: 0px !important;border-bottom-width: 0px !important;border-left-width: 0px !important;padding-top: 0px !important;padding-right: 0px !important;padding-bottom: 0px !important;padding-left: 0px !important;background-position: center !important;background-repeat: no-repeat !important;background-size: cover !important;border-left-color: #ffffff !important;border-left-style: solid !important;border-right-color: #ffffff !important;border-right-style: solid !important;border-top-color: #ffffff !important;border-top-style: solid !important;border-bottom-color: #ffffff !important;border-bottom-style: solid !important;}&#8221;][vc_row_inner gap=&#8221;20&#8243; css=&#8221;.vc_custom_1567766818458{padding-top: 20px !important;padding-right: 20px !important;padding-bottom: 20px !important;padding-left: 20px !important;}&#8221;][vc_column_inner width=&#8221;1\/4&#8243;][vc_column_text]<img loading=\"lazy\" decoding=\"async\" class=\"aligncenter size-full wp-image-4359\" src=\"https:\/\/littlegreenhouse.ch\/wp-content\/uploads\/2019\/12\/Gluck.png\" alt=\"\" width=\"600\" height=\"600\" srcset=\"https:\/\/www.littlegreenhouse.ch\/wp-content\/uploads\/2019\/12\/Gluck.png 600w, https:\/\/www.littlegreenhouse.ch\/wp-content\/uploads\/2019\/12\/Gluck-150x150.png 150w, https:\/\/www.littlegreenhouse.ch\/wp-content\/uploads\/2019\/12\/Gluck-300x300.png 300w\" sizes=\"auto, (max-width: 600px) 100vw, 600px\" \/>[\/vc_column_text][\/vc_column_inner][vc_column_inner width=&#8221;1\/4&#8243;][vc_single_image image=&#8221;4356&#8243; img_size=&#8221;full&#8221; alignment=&#8221;center&#8221; css_animation=&#8221;slideInDown&#8221;][\/vc_column_inner][vc_column_inner width=&#8221;1\/4&#8243;][vc_single_image image=&#8221;4353&#8243; img_size=&#8221;full&#8221; alignment=&#8221;center&#8221; css_animation=&#8221;slideInDown&#8221;][\/vc_column_inner][vc_column_inner width=&#8221;1\/4&#8243;][vc_single_image image=&#8221;4350&#8243; img_size=&#8221;full&#8221; alignment=&#8221;center&#8221; css_animation=&#8221;slideInDown&#8221;][\/vc_column_inner][\/vc_row_inner][\/vc_column][\/vc_row][vc_row gap=&#8221;30&#8243; equal_height=&#8221;yes&#8221; content_placement=&#8221;top&#8221; css=&#8221;.vc_custom_1568052180977{margin-top: 10px !important;margin-right: 1px !important;margin-bottom: 50px !important;margin-left: 1px !important;}&#8221;][vc_column width=&#8221;1\/2&#8243; css=&#8221;.vc_custom_1560319621535{margin-top: 0px !important;margin-right: 0px !important;margin-bottom: 0px !important;margin-left: 0px !important;border-top-width: 0px !important;border-right-width: 0px !important;border-bottom-width: 0px !important;border-left-width: 0px !important;padding-top: 0px !important;padding-right: 0px !important;padding-bottom: 0px !important;padding-left: 0px !important;}&#8221;][vc_gallery interval=&#8221;5&#8243; images=&#8221;4376,2061,17368,2062&#8243; img_size=&#8221;full&#8221; css=&#8221;.vc_custom_1733822029653{margin-top: 0px !important;margin-right: 0px !important;margin-bottom: 0px !important;margin-left: 0px !important;border-top-width: 0px !important;border-right-width: 0px !important;border-bottom-width: 0px !important;border-left-width: 0px !important;padding-top: 0px !important;padding-right: 0px !important;padding-bottom: 0px !important;padding-left: 0px !important;}&#8221;][\/vc_column][vc_column width=&#8221;1\/4&#8243; css=&#8221;.vc_custom_1578597209073{padding-top: 30px !important;padding-right: 30px !important;padding-bottom: 30px !important;padding-left: 30px !important;background-color: #ed6c84 !important;}&#8221;][vc_column_text]<\/p>\n<h4 style=\"text-align: center;\">Denke global, iss lokal.<\/h4>\n<p style=\"text-align: center;\"><strong>In der K\u00fcche unserer KiTa legen wir grossen Wert auf frische und saisonale Produkte. Obst, Gem\u00fcse und Vollwertprodukte stehen bei uns im Mittelpunkt.<\/strong><\/p>\n<p style=\"text-align: center;\"><strong>\u00a0<\/strong><\/p>\n<p>[\/vc_column_text][\/vc_column][vc_column width=&#8221;1\/4&#8243; css=&#8221;.vc_custom_1577384776438{padding-top: 10px !important;padding-right: 20px !important;padding-bottom: 0px !important;padding-left: 20px !important;background-color: #7c6fb0 !important;}&#8221; textcolor=&#8221;#ffffff&#8221;][vc_column_text]<img loading=\"lazy\" decoding=\"async\" class=\"aligncenter size-full wp-image-5183\" src=\"https:\/\/littlegreenhouse.ch\/wp-content\/uploads\/2020\/01\/gewusst_white.png\" alt=\"\" width=\"1200\" height=\"745\" srcset=\"https:\/\/www.littlegreenhouse.ch\/wp-content\/uploads\/2020\/01\/gewusst_white.png 1200w, https:\/\/www.littlegreenhouse.ch\/wp-content\/uploads\/2020\/01\/gewusst_white-300x186.png 300w, https:\/\/www.littlegreenhouse.ch\/wp-content\/uploads\/2020\/01\/gewusst_white-768x477.png 768w, https:\/\/www.littlegreenhouse.ch\/wp-content\/uploads\/2020\/01\/gewusst_white-1024x636.png 1024w\" sizes=\"auto, (max-width: 1200px) 100vw, 1200px\" \/><\/p>\n<h3 style=\"text-align: center;\"><span style=\"color: #ffffff;\">&#8230;dass Dein Baby ein kleines Sprachgenie ist?<\/span><\/h3>\n<p style=\"text-align: center;\">Finde heraus, wie schon die Kleinsten ihre angeborene Sprachf\u00e4higkeit entwickeln.<\/p>\n<p>[\/vc_column_text][vc_btn title=&#8221;Mehr dazu&#8221; color=&#8221;white&#8221; align=&#8221;center&#8221; css=&#8221;.vc_custom_1580211602178{padding-top: 20px !important;}&#8221; link=&#8221;url:https%3A%2F%2Fwww.littlegreenhouse.ch%2Fde%2Fliving-languages%2F|title:Living%20Languages|target:%20_blank|&#8221;][\/vc_column][\/vc_row]<\/p>\n","protected":false},"excerpt":{"rendered":"<p>[vc_row css=&#8221;.vc_custom_1573219476516{margin-top: 0px !important;margin-right: 15px !important;margin-left: 15px !important;background-color: #ffdc00 !important;}&#8221;][vc_column css=&#8221;.vc_custom_1566195737301{padding-top: 0px !important;padding-bottom: 0px !important;}&#8221;][vc_column_text css=&#8221;.vc_custom_1777033779080{margin-top: 40px !important;margin-bottom: 40px !important;}&#8221;] Woods &amp; Wellbeing [\/vc_column_text][\/vc_column][\/vc_row][vc_row gap=&#8221;30&#8243; equal_height=&#8221;yes&#8221; content_placement=&#8221;top&#8221; css=&#8221;.vc_custom_1567407678554{margin-top: 20px !important;margin-right: 1px !important;margin-left: 1px !important;}&#8221;][vc_column width=&#8221;2\/3&#8243; css=&#8221;.vc_custom_1560319784025{margin-top: 0px !important;margin-right: 0px !important;margin-bottom: 0px !important;margin-left: 0px !important;border-top-width: 0px !important;border-right-width: 0px !important;border-bottom-width: 0px !important;border-left-width: 0px !important;padding-top: 0px !important;padding-right: 0px &hellip; <a href=\"https:\/\/www.littlegreenhouse.ch\/de\/woods-wellbeing\/\" title=\"Woods &#038; Wellbeing\" class=\"read-more\">Read More<\/a><\/p>\n","protected":false},"author":1,"featured_media":4128,"parent":0,"menu_order":0,"comment_status":"closed","ping_status":"closed","template":"","meta":{"_monsterinsights_skip_tracking":false,"_monsterinsights_sitenote_active":false,"_monsterinsights_sitenote_note":"","_monsterinsights_sitenote_category":0,"footnotes":""},"class_list":["post-4003","page","type-page","status-publish","has-post-thumbnail","hentry"],"yoast_head":"<!-- This site is optimized with the Yoast SEO plugin v15.1.1 - https:\/\/yoast.com\/wordpress\/plugins\/seo\/ -->\n<title>Woods &amp; Wellbeing - Little Green House<\/title>\n<meta name=\"description\" content=\"Kinderkrippe f\u00fcr kleine Naturfreunde. Wir lieben die Natur, unsere G\u00e4rten und Beete, gesunde Ern\u00e4hrung, draussen zu spielen, W\u00e4lder und Parks zu erforschen.\" \/>\n<meta name=\"robots\" content=\"index, follow, max-snippet:-1, max-image-preview:large, max-video-preview:-1\" \/>\n<link rel=\"canonical\" href=\"https:\/\/www.littlegreenhouse.ch\/de\/woods-wellbeing\/\" \/>\n<meta property=\"og:locale\" content=\"de_DE\" \/>\n<meta property=\"og:type\" content=\"article\" \/>\n<meta property=\"og:title\" content=\"Woods &amp; Wellbeing - Little Green House\" \/>\n<meta property=\"og:description\" content=\"Kinderkrippe f\u00fcr kleine Naturfreunde. Wir lieben die Natur, unsere G\u00e4rten und Beete, gesunde Ern\u00e4hrung, draussen zu spielen, W\u00e4lder und Parks zu erforschen.\" \/>\n<meta property=\"og:url\" content=\"https:\/\/www.littlegreenhouse.ch\/de\/woods-wellbeing\/\" \/>\n<meta property=\"og:site_name\" content=\"Little Green House\" \/>\n<meta property=\"article:publisher\" content=\"https:\/\/www.facebook.com\/littlegreenhouse.the.next.generation\/\" \/>\n<meta property=\"article:modified_time\" content=\"2026-04-24T12:29:43+00:00\" \/>\n<meta property=\"og:image\" content=\"https:\/\/www.littlegreenhouse.ch\/wp-content\/uploads\/2019\/08\/Concept_daycare-867143622.jpg\" \/>\n\t<meta property=\"og:image:width\" content=\"1200\" \/>\n\t<meta property=\"og:image:height\" content=\"801\" \/>\n<meta name=\"twitter:card\" content=\"summary_large_image\" \/>\n<meta name=\"twitter:creator\" content=\"@lg_house\" \/>\n<meta name=\"twitter:site\" content=\"@lg_house\" \/>\n<script type=\"application\/ld+json\" class=\"yoast-schema-graph\">{\"@context\":\"https:\/\/schema.org\",\"@graph\":[{\"@type\":\"Organization\",\"@id\":\"https:\/\/www.littlegreenhouse.ch\/de\/#organization\",\"name\":\"Little Green House\",\"url\":\"https:\/\/www.littlegreenhouse.ch\/de\/\",\"sameAs\":[\"https:\/\/www.facebook.com\/littlegreenhouse.the.next.generation\/\",\"https:\/\/www.instagram.com\/littlegreenhouse_childcare\/\",\"https:\/\/www.linkedin.com\/company\/little-green-house\/\",\"https:\/\/www.youtube.com\/channel\/UCPQiQBtt0Hp-4Y-HWPiIjyQ\",\"https:\/\/twitter.com\/lg_house\"],\"logo\":{\"@type\":\"ImageObject\",\"@id\":\"https:\/\/www.littlegreenhouse.ch\/de\/#logo\",\"inLanguage\":\"de\",\"url\":\"https:\/\/www.littlegreenhouse.ch\/wp-content\/uploads\/2020\/01\/LGH_logo_2019.png\",\"width\":369,\"height\":283,\"caption\":\"Little Green House\"},\"image\":{\"@id\":\"https:\/\/www.littlegreenhouse.ch\/de\/#logo\"}},{\"@type\":\"WebSite\",\"@id\":\"https:\/\/www.littlegreenhouse.ch\/de\/#website\",\"url\":\"https:\/\/www.littlegreenhouse.ch\/de\/\",\"name\":\"Little Green House\",\"description\":\"Cr\\u00e8che | Childcare | Kita\",\"publisher\":{\"@id\":\"https:\/\/www.littlegreenhouse.ch\/de\/#organization\"},\"potentialAction\":[{\"@type\":\"SearchAction\",\"target\":\"https:\/\/www.littlegreenhouse.ch\/de\/?s={search_term_string}\",\"query-input\":\"required name=search_term_string\"}],\"inLanguage\":\"de\"},{\"@type\":\"ImageObject\",\"@id\":\"https:\/\/www.littlegreenhouse.ch\/de\/woods-wellbeing\/#primaryimage\",\"inLanguage\":\"de\",\"url\":\"https:\/\/www.littlegreenhouse.ch\/wp-content\/uploads\/2019\/08\/Concept_daycare-867143622.jpg\",\"width\":1200,\"height\":801,\"caption\":\"Three ethnic siblings are outdoors in a forest on an autumn day. They are wearing warm clothes. They are sitting in fallen leaves and the girl in front is throwing them into the air while laughing.\"},{\"@type\":\"WebPage\",\"@id\":\"https:\/\/www.littlegreenhouse.ch\/de\/woods-wellbeing\/#webpage\",\"url\":\"https:\/\/www.littlegreenhouse.ch\/de\/woods-wellbeing\/\",\"name\":\"Woods & Wellbeing - Little Green House\",\"isPartOf\":{\"@id\":\"https:\/\/www.littlegreenhouse.ch\/de\/#website\"},\"primaryImageOfPage\":{\"@id\":\"https:\/\/www.littlegreenhouse.ch\/de\/woods-wellbeing\/#primaryimage\"},\"datePublished\":\"2019-08-23T05:23:07+00:00\",\"dateModified\":\"2026-04-24T12:29:43+00:00\",\"description\":\"Kinderkrippe f\\u00fcr kleine Naturfreunde. Wir lieben die Natur, unsere G\\u00e4rten und Beete, gesunde Ern\\u00e4hrung, draussen zu spielen, W\\u00e4lder und Parks zu erforschen.\",\"inLanguage\":\"de\",\"potentialAction\":[{\"@type\":\"ReadAction\",\"target\":[\"https:\/\/www.littlegreenhouse.ch\/de\/woods-wellbeing\/\"]}]}]}<\/script>\n<!-- \/ Yoast SEO plugin. -->","jetpack_sharing_enabled":true,"_links":{"self":[{"href":"https:\/\/www.littlegreenhouse.ch\/de\/wp-json\/wp\/v2\/pages\/4003","targetHints":{"allow":["GET"]}}],"collection":[{"href":"https:\/\/www.littlegreenhouse.ch\/de\/wp-json\/wp\/v2\/pages"}],"about":[{"href":"https:\/\/www.littlegreenhouse.ch\/de\/wp-json\/wp\/v2\/types\/page"}],"author":[{"embeddable":true,"href":"https:\/\/www.littlegreenhouse.ch\/de\/wp-json\/wp\/v2\/users\/1"}],"replies":[{"embeddable":true,"href":"https:\/\/www.littlegreenhouse.ch\/de\/wp-json\/wp\/v2\/comments?post=4003"}],"version-history":[{"count":4,"href":"https:\/\/www.littlegreenhouse.ch\/de\/wp-json\/wp\/v2\/pages\/4003\/revisions"}],"predecessor-version":[{"id":25276,"href":"https:\/\/www.littlegreenhouse.ch\/de\/wp-json\/wp\/v2\/pages\/4003\/revisions\/25276"}],"wp:featuredmedia":[{"embeddable":true,"href":"https:\/\/www.littlegreenhouse.ch\/de\/wp-json\/wp\/v2\/media\/4128"}],"wp:attachment":[{"href":"https:\/\/www.littlegreenhouse.ch\/de\/wp-json\/wp\/v2\/media?parent=4003"}],"curies":[{"name":"wp","href":"https:\/\/api.w.org\/{rel}","templated":true}]}}