{"id":4044,"date":"2019-08-29T21:37:34","date_gmt":"2019-08-29T19:37:34","guid":{"rendered":"http:\/\/littlegreenhouse.ch\/NEW\/partner-to-parents\/"},"modified":"2021-02-01T07:38:22","modified_gmt":"2021-02-01T06:38:22","slug":"partner-to-parents","status":"publish","type":"page","link":"https:\/\/www.littlegreenhouse.ch\/de\/partner-to-parents\/","title":{"rendered":"Partner to Parents"},"content":{"rendered":"<p>[vc_row css=&#8221;.vc_custom_1573219653829{margin-top: 0px !important;margin-right: 15px !important;margin-left: 15px !important;background-color: #ffdc00 !important;}&#8221;][vc_column css=&#8221;.vc_custom_1566195737301{padding-top: 0px !important;padding-bottom: 0px !important;}&#8221;][vc_column_text]<\/p>\n<h1 class=\"soustitreh1\"><span style=\"color: #000000;\">Partner to Parents<\/span><\/h1>\n<p>[\/vc_column_text][\/vc_column][\/vc_row][vc_row gap=&#8221;30&#8243; equal_height=&#8221;yes&#8221; content_placement=&#8221;top&#8221; css=&#8221;.vc_custom_1566931433795{margin-top: 20px !important;}&#8221;][vc_column width=&#8221;2\/3&#8243; css=&#8221;.vc_custom_1560319784025{margin-top: 0px !important;margin-right: 0px !important;margin-bottom: 0px !important;margin-left: 0px !important;border-top-width: 0px !important;border-right-width: 0px !important;border-bottom-width: 0px !important;border-left-width: 0px !important;padding-top: 0px !important;padding-right: 0px !important;padding-bottom: 0px !important;padding-left: 0px !important;}&#8221;][vc_gallery interval=&#8221;5&#8243; images=&#8221;2476,2475,2471,2477,2472,2474,2473,2577&#8243; img_size=&#8221;full&#8221; css=&#8221;.vc_custom_1598025645920{margin-top: 0px !important;margin-right: 0px !important;margin-bottom: 0px !important;margin-left: 0px !important;border-top-width: 0px !important;border-right-width: 0px !important;border-bottom-width: 0px !important;border-left-width: 0px !important;padding-top: 0px !important;padding-right: 0px !important;padding-bottom: 0px !important;padding-left: 0px !important;}&#8221;][\/vc_column][vc_column width=&#8221;1\/3&#8243; css=&#8221;.vc_custom_1580120817682{padding-top: 10px !important;padding-right: 15px !important;padding-bottom: 20px !important;padding-left: 25px !important;background-color: #f28941 !important;}&#8221;][vc_column_text]<\/p>\n<h3 style=\"text-align: center;\">Es braucht ein Dorf, um ein Kind gross zu ziehen.<\/h3>\n<h4 style=\"text-align: center;\">Lass uns Dein Dorf sein.<\/h4>\n<p style=\"text-align: center;\">Unsere Kinderkrippe ist ein Ort, an dem Dein Kind gl\u00fccklich und sicher ist, w\u00e4hrend Du bei der Arbeit bist; an dem Du und Dein Kleines Freunde finden k\u00f6nnen; an dem unsere Teams gerne Deine Fragen beantworten; an dem Du gute Gespr\u00e4che f\u00fchren kannst; an dem wir unser Bestes tun, um in unvorhergesehenen Situationen zu helfen; und an dem Du unsere Feste und Veranstaltungen geniessen kannst.<\/p>\n<p>[\/vc_column_text][\/vc_column][\/vc_row][vc_row gap=&#8221;30&#8243; equal_height=&#8221;yes&#8221; content_placement=&#8221;top&#8221; css=&#8221;.vc_custom_1567844877097{margin-top: 0px !important;margin-bottom: 0px !important;}&#8221;][vc_column width=&#8221;1\/3&#8243; css=&#8221;.vc_custom_1567844038301{padding-top: 20px !important;padding-right: 30px !important;padding-bottom: 0px !important;padding-left: 30px !important;background-color: #ed6c84 !important;}&#8221;][vc_column_text]<img loading=\"lazy\" decoding=\"async\" class=\"aligncenter size-full wp-image-4431\" src=\"https:\/\/littlegreenhouse.ch\/wp-content\/uploads\/2019\/12\/celebrate_DE.png\" alt=\"\" width=\"800\" height=\"600\" srcset=\"https:\/\/www.littlegreenhouse.ch\/wp-content\/uploads\/2019\/12\/celebrate_DE.png 800w, https:\/\/www.littlegreenhouse.ch\/wp-content\/uploads\/2019\/12\/celebrate_DE-300x225.png 300w, https:\/\/www.littlegreenhouse.ch\/wp-content\/uploads\/2019\/12\/celebrate_DE-768x576.png 768w\" sizes=\"auto, (max-width: 800px) 100vw, 800px\" \/><\/p>\n<p style=\"text-align: center; margin-top: 20px;\"><strong>Du bist jederzeit eingeladen, am Leben Deines Kindes im Little Green House teilzunehmen. Bleib zum Fr\u00fchst\u00fcck. Plaudere mit uns am Ende des Tages. Besprich mit uns die Entwicklung Deines Kindes. Oder komm einfach zu unseren Veranstaltungen, Picknicks oder Partys.<br \/>\n<\/strong><\/p>\n<p>[\/vc_column_text][\/vc_column][vc_column width=&#8221;1\/3&#8243; css=&#8221;.vc_custom_1567844006192{padding-top: 20px !important;padding-right: 30px !important;padding-bottom: 0px !important;padding-left: 30px !important;background-color: #7c6fb0 !important;}&#8221; textcolor=&#8221;#ffffff&#8221;][vc_column_text]<\/p>\n<h4 style=\"text-align: center;\"><span style=\"color: #ffffff;\">Lange \u00d6ffnungszeiten<br \/>\n<\/span><\/h4>\n<h3 style=\"text-align: center;\"><span style=\"color: #ffffff;\">MONTAGS BIS FREITAGS<br \/>\nVON 7:00 BIS 18:30<\/span><\/h3>\n<p style=\"text-align: center;\">Sollte der regul\u00e4re Zeitplan einmal nicht gen\u00fcgen, tun wir unser Bestes, eine L\u00f6sung f\u00fcr den jeweiligen Bedarf zu finden.<\/p>\n<p><img loading=\"lazy\" decoding=\"async\" class=\"aligncenter size-full wp-image-2850\" src=\"https:\/\/littlegreenhouse.ch\/wp-content\/uploads\/2019\/09\/open_white.png\" alt=\"\" width=\"800\" height=\"429\" srcset=\"https:\/\/www.littlegreenhouse.ch\/wp-content\/uploads\/2019\/09\/open_white.png 800w, https:\/\/www.littlegreenhouse.ch\/wp-content\/uploads\/2019\/09\/open_white-300x161.png 300w, https:\/\/www.littlegreenhouse.ch\/wp-content\/uploads\/2019\/09\/open_white-768x412.png 768w\" sizes=\"auto, (max-width: 800px) 100vw, 800px\" \/>[\/vc_column_text][\/vc_column][vc_column width=&#8221;1\/3&#8243; css=&#8221;.vc_custom_1578597461865{margin-top: 0px !important;margin-right: 0px !important;margin-bottom: 0px !important;margin-left: 0px !important;border-top-width: 0px !important;border-right-width: 0px !important;border-bottom-width: 0px !important;border-left-width: 0px !important;padding-top: 20px !important;padding-right: 30px !important;padding-bottom: 20px !important;padding-left: 30px !important;background-color: #2aad74 !important;}&#8221; textcolor=&#8221;#ffffff&#8221;][vc_column_text]<img loading=\"lazy\" decoding=\"async\" class=\"aligncenter size-full wp-image-4490\" src=\"https:\/\/littlegreenhouse.ch\/wp-content\/uploads\/2019\/12\/Holidays_white_2_DE.png\" alt=\"\" width=\"800\" height=\"487\" srcset=\"https:\/\/www.littlegreenhouse.ch\/wp-content\/uploads\/2019\/12\/Holidays_white_2_DE.png 800w, https:\/\/www.littlegreenhouse.ch\/wp-content\/uploads\/2019\/12\/Holidays_white_2_DE-300x183.png 300w, https:\/\/www.littlegreenhouse.ch\/wp-content\/uploads\/2019\/12\/Holidays_white_2_DE-768x468.png 768w\" sizes=\"auto, (max-width: 800px) 100vw, 800px\" \/><\/p>\n<p style=\"text-align: center; margin-top: 20px;\">F\u00fcr unsere Mitarbeiter. F\u00fcr Dich und Deine Familie hoffentlich. Aber nicht oft f\u00fcr unsere Kitas.<\/p>\n<h3 style=\"text-align: center;\"><span style=\"color: #ffffff;\">Wir haben das ganze Jahr ge\u00f6ffnet.<br \/>\n<\/span><\/h3>\n<p style=\"text-align: center; margin-top: 20px;\">Wir schliessen nur an offiziellen Feiertagen, 2 Wochen in den Weihnachtsferien und f\u00fcr 2 p\u00e4dagogische Weiterbildungstage pro Jahr.<\/p>\n<p>[\/vc_column_text][\/vc_column][\/vc_row][vc_row gap=&#8221;30&#8243; equal_height=&#8221;yes&#8221; disable_element=&#8221;yes&#8221; css=&#8221;.vc_custom_1612161499632{margin-top: 0px !important;margin-right: 0px !important;margin-bottom: 0px !important;margin-left: 0px !important;}&#8221;][vc_column width=&#8221;1\/3&#8243; css=&#8221;.vc_custom_1567761139069{padding-top: 30px !important;padding-right: 30px !important;padding-left: 30px !important;background-color: #393939 !important;}&#8221;][vc_column_text]<a href=\"https:\/\/www.littlegreenhouse.ch\/de\/the-club\/\"><img loading=\"lazy\" decoding=\"async\" class=\"aligncenter size-full wp-image-2695\" src=\"https:\/\/littlegreenhouse.ch\/wp-content\/uploads\/2019\/09\/the_club_logo_white.png\" alt=\"\" width=\"300\" height=\"310\" srcset=\"https:\/\/www.littlegreenhouse.ch\/wp-content\/uploads\/2019\/09\/the_club_logo_white.png 600w, https:\/\/www.littlegreenhouse.ch\/wp-content\/uploads\/2019\/09\/the_club_logo_white-290x300.png 290w\" sizes=\"auto, (max-width: 300px) 100vw, 300px\" \/><\/a>[\/vc_column_text][vc_column_text]<\/p>\n<h3 style=\"text-align: center;\"><span style=\"color: #ffffff;\">Aktivit\u00e4ten und Feiern.<br \/>\nVortr\u00e4ge und Spass.<br \/>\n<\/span><\/h3>\n<p>[\/vc_column_text][vc_btn title=&#8221;LERNE UNSEREN CLUB KENNEN&#8221; style=&#8221;custom&#8221; custom_background=&#8221;#ffffff&#8221; custom_text=&#8221;#393939&#8243; align=&#8221;center&#8221; link=&#8221;url:https%3A%2F%2Fwww.littlegreenhouse.ch%2Fde%2Fthe-club%2F||target:%20_blank|&#8221; css=&#8221;.vc_custom_1580209909525{margin-top: 30px !important;}&#8221;][\/vc_column][vc_column width=&#8221;2\/3&#8243;][vc_gallery interval=&#8221;3&#8243; images=&#8221;6223,6220,6217,6211,6199,6202,6226,6208,6205,6214&#8243; img_size=&#8221;full&#8221;][\/vc_column][\/vc_row][vc_row gap=&#8221;30&#8243; equal_height=&#8221;yes&#8221; css=&#8221;.vc_custom_1580211705428{margin-top: 0px !important;margin-right: 0px !important;margin-bottom: 50px !important;margin-left: 0px !important;}&#8221;][vc_column width=&#8221;1\/2&#8243; css=&#8221;.vc_custom_1580108878326{padding-right: 0px !important;padding-left: 0px !important;background-image: url(https:\/\/www.littlegreenhouse.ch\/wp-content\/uploads\/2020\/01\/the_little_blog_V9.png?id=5826) !important;background-position: center !important;background-repeat: no-repeat !important;background-size: cover !important;}&#8221;][vc_row_inner css=&#8221;.vc_custom_1558340314867{margin-top: 120px !important;}&#8221;][vc_column_inner width=&#8221;1\/3&#8243;][\/vc_column_inner][vc_column_inner width=&#8221;2\/3&#8243;][vc_column_text]<\/p>\n<p style=\"text-align: center;\"><strong><span style=\"color: #ffffff; font-size: 1.4em;\">Auf der Suche nach Inspiration, Information oder einfach etwas zum Lachen?<br \/>\n<\/span><\/strong><\/p>\n<p>[\/vc_column_text][vc_btn title=&#8221;BESUCHE UNSEREN BLOG&#8221; style=&#8221;custom&#8221; custom_background=&#8221;#000000&#8243; custom_text=&#8221;#ffdc00&#8243; align=&#8221;center&#8221; link=&#8221;url:http%3A%2F%2Flittlegreenhouse.ch%2Fblog%2F||target:%20_blank|&#8221; css=&#8221;.vc_custom_1579548592979{margin-top: 30px !important;}&#8221;][\/vc_column_inner][\/vc_row_inner][\/vc_column][vc_column width=&#8221;1\/2&#8243; css=&#8221;.vc_custom_1558341841286{background-color: #000000 !important;}&#8221;][vc_column_text]<\/p>\n<p><iframe loading=\"lazy\" src=\"https:\/\/www.youtube.com\/embed\/kOrZRmqML6o\" width=\"580\" height=\"332\" frameborder=\"0\" allowfullscreen=\"allowfullscreen\"><\/iframe><\/p>\n<p>[\/vc_column_text][\/vc_column][\/vc_row]<\/p>\n","protected":false},"excerpt":{"rendered":"<p>[vc_row css=&#8221;.vc_custom_1573219653829{margin-top: 0px !important;margin-right: 15px !important;margin-left: 15px !important;background-color: #ffdc00 !important;}&#8221;][vc_column css=&#8221;.vc_custom_1566195737301{padding-top: 0px !important;padding-bottom: 0px !important;}&#8221;][vc_column_text] Partner to Parents [\/vc_column_text][\/vc_column][\/vc_row][vc_row gap=&#8221;30&#8243; equal_height=&#8221;yes&#8221; content_placement=&#8221;top&#8221; css=&#8221;.vc_custom_1566931433795{margin-top: 20px !important;}&#8221;][vc_column width=&#8221;2\/3&#8243; css=&#8221;.vc_custom_1560319784025{margin-top: 0px !important;margin-right: 0px !important;margin-bottom: 0px !important;margin-left: 0px !important;border-top-width: 0px !important;border-right-width: 0px !important;border-bottom-width: 0px !important;border-left-width: 0px !important;padding-top: 0px !important;padding-right: 0px !important;padding-bottom: 0px !important;padding-left: 0px !important;}&#8221;][vc_gallery interval=&#8221;5&#8243; images=&#8221;2476,2475,2471,2477,2472,2474,2473,2577&#8243; img_size=&#8221;full&#8221; css=&#8221;.vc_custom_1598025645920{margin-top: &hellip; <a href=\"https:\/\/www.littlegreenhouse.ch\/de\/partner-to-parents\/\" title=\"Partner to Parents\" class=\"read-more\">Read More<\/a><\/p>\n","protected":false},"author":1,"featured_media":5006,"parent":0,"menu_order":0,"comment_status":"closed","ping_status":"closed","template":"","meta":{"_monsterinsights_skip_tracking":false,"_monsterinsights_sitenote_active":false,"_monsterinsights_sitenote_note":"","_monsterinsights_sitenote_category":0,"footnotes":""},"class_list":["post-4044","page","type-page","status-publish","has-post-thumbnail","hentry"],"yoast_head":"<!-- This site is optimized with the Yoast SEO plugin v15.1.1 - https:\/\/yoast.com\/wordpress\/plugins\/seo\/ -->\n<title>Partner to Parents - Little Green House<\/title>\n<meta name=\"description\" content=\"Mit unseren langen, flexiblen \u00d6ffnungszeiten, minimalen Ferien und zus\u00e4tzlichen Betreuungsangeboten sind wir ein verl\u00e4sslicher Partner berufst\u00e4tiger Eltern.\" \/>\n<meta name=\"robots\" content=\"index, follow, max-snippet:-1, max-image-preview:large, max-video-preview:-1\" \/>\n<link rel=\"canonical\" href=\"https:\/\/www.littlegreenhouse.ch\/de\/partner-to-parents\/\" \/>\n<meta property=\"og:locale\" content=\"de_DE\" \/>\n<meta property=\"og:type\" content=\"article\" \/>\n<meta property=\"og:title\" content=\"Partner to Parents - Little Green House\" \/>\n<meta property=\"og:description\" content=\"Mit unseren langen, flexiblen \u00d6ffnungszeiten, minimalen Ferien und zus\u00e4tzlichen Betreuungsangeboten sind wir ein verl\u00e4sslicher Partner berufst\u00e4tiger Eltern.\" \/>\n<meta property=\"og:url\" content=\"https:\/\/www.littlegreenhouse.ch\/de\/partner-to-parents\/\" \/>\n<meta property=\"og:site_name\" content=\"Little Green House\" \/>\n<meta property=\"article:publisher\" content=\"https:\/\/www.facebook.com\/littlegreenhouse.the.next.generation\/\" \/>\n<meta property=\"article:modified_time\" content=\"2021-02-01T06:38:22+00:00\" \/>\n<meta property=\"og:image\" content=\"https:\/\/www.littlegreenhouse.ch\/wp-content\/uploads\/2019\/09\/Little_green_House-Partner_to_parents_1.jpg\" \/>\n\t<meta property=\"og:image:width\" content=\"1200\" \/>\n\t<meta property=\"og:image:height\" content=\"800\" \/>\n<meta name=\"twitter:card\" content=\"summary_large_image\" \/>\n<meta name=\"twitter:creator\" content=\"@lg_house\" \/>\n<meta name=\"twitter:site\" content=\"@lg_house\" \/>\n<script type=\"application\/ld+json\" class=\"yoast-schema-graph\">{\"@context\":\"https:\/\/schema.org\",\"@graph\":[{\"@type\":\"Organization\",\"@id\":\"https:\/\/www.littlegreenhouse.ch\/de\/#organization\",\"name\":\"Little Green House\",\"url\":\"https:\/\/www.littlegreenhouse.ch\/de\/\",\"sameAs\":[\"https:\/\/www.facebook.com\/littlegreenhouse.the.next.generation\/\",\"https:\/\/www.instagram.com\/littlegreenhouse_childcare\/\",\"https:\/\/www.linkedin.com\/company\/little-green-house\/\",\"https:\/\/www.youtube.com\/channel\/UCPQiQBtt0Hp-4Y-HWPiIjyQ\",\"https:\/\/twitter.com\/lg_house\"],\"logo\":{\"@type\":\"ImageObject\",\"@id\":\"https:\/\/www.littlegreenhouse.ch\/de\/#logo\",\"inLanguage\":\"de\",\"url\":\"https:\/\/www.littlegreenhouse.ch\/wp-content\/uploads\/2020\/01\/LGH_logo_2019.png\",\"width\":369,\"height\":283,\"caption\":\"Little Green House\"},\"image\":{\"@id\":\"https:\/\/www.littlegreenhouse.ch\/de\/#logo\"}},{\"@type\":\"WebSite\",\"@id\":\"https:\/\/www.littlegreenhouse.ch\/de\/#website\",\"url\":\"https:\/\/www.littlegreenhouse.ch\/de\/\",\"name\":\"Little Green House\",\"description\":\"Cr\\u00e8che | Childcare | Kita\",\"publisher\":{\"@id\":\"https:\/\/www.littlegreenhouse.ch\/de\/#organization\"},\"potentialAction\":[{\"@type\":\"SearchAction\",\"target\":\"https:\/\/www.littlegreenhouse.ch\/de\/?s={search_term_string}\",\"query-input\":\"required name=search_term_string\"}],\"inLanguage\":\"de\"},{\"@type\":\"ImageObject\",\"@id\":\"https:\/\/www.littlegreenhouse.ch\/de\/partner-to-parents\/#primaryimage\",\"inLanguage\":\"de\",\"url\":\"https:\/\/www.littlegreenhouse.ch\/wp-content\/uploads\/2019\/09\/Little_green_House-Partner_to_parents_1.jpg\",\"width\":1200,\"height\":800},{\"@type\":\"WebPage\",\"@id\":\"https:\/\/www.littlegreenhouse.ch\/de\/partner-to-parents\/#webpage\",\"url\":\"https:\/\/www.littlegreenhouse.ch\/de\/partner-to-parents\/\",\"name\":\"Partner to Parents - Little Green House\",\"isPartOf\":{\"@id\":\"https:\/\/www.littlegreenhouse.ch\/de\/#website\"},\"primaryImageOfPage\":{\"@id\":\"https:\/\/www.littlegreenhouse.ch\/de\/partner-to-parents\/#primaryimage\"},\"datePublished\":\"2019-08-29T19:37:34+00:00\",\"dateModified\":\"2021-02-01T06:38:22+00:00\",\"description\":\"Mit unseren langen, flexiblen \\u00d6ffnungszeiten, minimalen Ferien und zus\\u00e4tzlichen Betreuungsangeboten sind wir ein verl\\u00e4sslicher Partner berufst\\u00e4tiger Eltern.\",\"inLanguage\":\"de\",\"potentialAction\":[{\"@type\":\"ReadAction\",\"target\":[\"https:\/\/www.littlegreenhouse.ch\/de\/partner-to-parents\/\"]}]}]}<\/script>\n<!-- \/ Yoast SEO plugin. -->","jetpack_sharing_enabled":true,"_links":{"self":[{"href":"https:\/\/www.littlegreenhouse.ch\/de\/wp-json\/wp\/v2\/pages\/4044","targetHints":{"allow":["GET"]}}],"collection":[{"href":"https:\/\/www.littlegreenhouse.ch\/de\/wp-json\/wp\/v2\/pages"}],"about":[{"href":"https:\/\/www.littlegreenhouse.ch\/de\/wp-json\/wp\/v2\/types\/page"}],"author":[{"embeddable":true,"href":"https:\/\/www.littlegreenhouse.ch\/de\/wp-json\/wp\/v2\/users\/1"}],"replies":[{"embeddable":true,"href":"https:\/\/www.littlegreenhouse.ch\/de\/wp-json\/wp\/v2\/comments?post=4044"}],"version-history":[{"count":0,"href":"https:\/\/www.littlegreenhouse.ch\/de\/wp-json\/wp\/v2\/pages\/4044\/revisions"}],"wp:featuredmedia":[{"embeddable":true,"href":"https:\/\/www.littlegreenhouse.ch\/de\/wp-json\/wp\/v2\/media\/5006"}],"wp:attachment":[{"href":"https:\/\/www.littlegreenhouse.ch\/de\/wp-json\/wp\/v2\/media?parent=4044"}],"curies":[{"name":"wp","href":"https:\/\/api.w.org\/{rel}","templated":true}]}}