{"id":4049,"date":"2019-08-29T22:00:40","date_gmt":"2019-08-29T20:00:40","guid":{"rendered":"http:\/\/littlegreenhouse.ch\/NEW\/mighty-minds\/"},"modified":"2026-04-24T14:35:06","modified_gmt":"2026-04-24T12:35:06","slug":"mighty-minds","status":"publish","type":"page","link":"https:\/\/www.littlegreenhouse.ch\/de\/mighty-minds\/","title":{"rendered":"Mighty Minds"},"content":{"rendered":"<p>[vc_row css=&#8221;.vc_custom_1573220049362{margin-top: 0px !important;margin-right: 30px !important;margin-left: 0px !important;}&#8221;][vc_column css=&#8221;.vc_custom_1573219742146{margin-right: 15px !important;margin-left: 15px !important;padding-top: 0px !important;padding-bottom: 0px !important;background-color: #ffdc00 !important;}&#8221;][vc_column_text css=&#8221;.vc_custom_1777034099498{margin-top: 40px !important;margin-bottom: 40px !important;}&#8221;]<\/p>\n<h1 class=\"soustitreh1\"><span style=\"color: #000000;\">Mighty Minds<\/span><\/h1>\n<p>[\/vc_column_text][\/vc_column][\/vc_row][vc_row gap=&#8221;30&#8243; equal_height=&#8221;yes&#8221; css=&#8221;.vc_custom_1573220070305{margin-top: 20px !important;margin-right: 1px !important;margin-left: 1px !important;}&#8221;][vc_column width=&#8221;1\/2&#8243; css=&#8221;.vc_custom_1567406702560{padding-top: 0px !important;padding-bottom: 0px !important;background-position: center !important;background-repeat: no-repeat !important;background-size: cover !important;}&#8221;][vc_single_image image=&#8221;4445&#8243; img_size=&#8221;full&#8221;][\/vc_column][vc_column width=&#8221;1\/2&#8243;][vc_single_image image=&#8221;5241&#8243; img_size=&#8221;full&#8221;][\/vc_column][\/vc_row][vc_row gap=&#8221;30&#8243; equal_height=&#8221;yes&#8221; content_placement=&#8221;top&#8221; css=&#8221;.vc_custom_1567846002056{margin-top: 00px !important;margin-right: 0px !important;margin-bottom: 0px !important;margin-left: 0px !important;padding-right: 0px !important;}&#8221;][vc_column width=&#8221;1\/3&#8243; css=&#8221;.vc_custom_1579595766687{margin-top: 0px !important;margin-right: 0px !important;margin-bottom: 0px !important;margin-left: 0px !important;border-top-width: 0px !important;border-right-width: 0px !important;border-bottom-width: 0px !important;border-left-width: 0px !important;padding-top: 30px !important;padding-right: 30px !important;padding-bottom: 30px !important;padding-left: 30px !important;background-color: #ed6c6c !important;}&#8221; textcolor=&#8221;#000000&#8243; offset=&#8221;vc_hidden-xs&#8221;][vc_single_image image=&#8221;4442&#8243; img_size=&#8221;full&#8221;][vc_column_text]<\/p>\n<h3 style=\"text-align: center;\"><span style=\"color: #000000;\">Beziehungen<\/span><\/h3>\n<h3 style=\"text-align: center;\"><span style=\"color: #000000;\">Sprache<\/span><\/h3>\n<h3 style=\"text-align: center;\"><span style=\"color: #000000;\">Dinge<\/span><\/h3>\n<h3 style=\"text-align: center;\"><span style=\"color: #000000;\">Gef\u00fchle<\/span><\/h3>\n<p style=\"text-align: center;\"><strong>In unserer Kinderkrippe schaffen wir eine sichere Umgebung, in der Kinder experimentieren und viele positive Erfahrungen machen k\u00f6nnen.<br \/>\n<\/strong><\/p>\n<p style=\"text-align: center;\"><strong>Solche Erfahrungen sind wichtig f\u00fcr die Gehirnentwicklung und Neuroplastizit\u00e4t. Sie stimulieren den Aufbau von Synapsen und neurologischen Verbindungen. Und diese wiederum helfen unseren Kleinen, agile &#8220;kluge K\u00f6pfchen&#8221; zu werden.<br \/>\n<\/strong><\/p>\n<p>[\/vc_column_text][\/vc_column][vc_column width=&#8221;2\/3&#8243; css=&#8221;.vc_custom_1579595772796{padding-top: 30px !important;padding-right: 30px !important;padding-bottom: 0px !important;padding-left: 30px !important;background-color: #7c6fb0 !important;}&#8221; textcolor=&#8221;#ffffff&#8221; offset=&#8221;vc_hidden-xs&#8221;][vc_column_text css=&#8221;.vc_custom_1577389139149{margin-top: 0px !important;margin-bottom: 20px !important;}&#8221;]<\/p>\n<h3 style=\"text-align: center;\"><strong><span style=\"color: #ffffff;\"> Die Qualit\u00e4t der Umgebung im fr\u00fchesten Kindesalter und die richtigen Erfahrungen und Inputs zur richtigen Zeit sind entscheidend f\u00fcr die Gehirnentwicklung. Sie sind die Grundlage f\u00fcr leistungsf\u00e4higes Lernen im sp\u00e4teren Leben. <\/span><\/strong><\/h3>\n<p>[\/vc_column_text][vc_column_text]<img loading=\"lazy\" decoding=\"async\" class=\"aligncenter size-full wp-image-4439\" src=\"https:\/\/littlegreenhouse.ch\/wp-content\/uploads\/2019\/12\/Positive_NEW_white_DE.png\" alt=\"\" width=\"1000\" height=\"600\" srcset=\"https:\/\/www.littlegreenhouse.ch\/wp-content\/uploads\/2019\/12\/Positive_NEW_white_DE.png 1000w, https:\/\/www.littlegreenhouse.ch\/wp-content\/uploads\/2019\/12\/Positive_NEW_white_DE-300x180.png 300w, https:\/\/www.littlegreenhouse.ch\/wp-content\/uploads\/2019\/12\/Positive_NEW_white_DE-768x461.png 768w\" sizes=\"auto, (max-width: 1000px) 100vw, 1000px\" \/>[\/vc_column_text][\/vc_column][\/vc_row][vc_row gap=&#8221;30&#8243; equal_height=&#8221;yes&#8221; content_placement=&#8221;top&#8221; css=&#8221;.vc_custom_1567846002056{margin-top: 00px !important;margin-right: 0px !important;margin-bottom: 0px !important;margin-left: 0px !important;padding-right: 0px !important;}&#8221;][vc_column width=&#8221;1\/3&#8243; css=&#8221;.vc_custom_1579595781422{margin-top: 0px !important;margin-right: 0px !important;margin-bottom: 0px !important;margin-left: 0px !important;border-top-width: 0px !important;border-right-width: 0px !important;border-bottom-width: 0px !important;border-left-width: 0px !important;padding-top: 30px !important;padding-right: 30px !important;padding-bottom: 30px !important;padding-left: 30px !important;background-color: #ed6c6c !important;}&#8221; textcolor=&#8221;#000000&#8243; offset=&#8221;vc_hidden-lg vc_hidden-md vc_hidden-sm&#8221;][vc_single_image image=&#8221;4442&#8243; img_size=&#8221;full&#8221;][vc_column_text]<\/p>\n<h3 style=\"text-align: center;\"><span style=\"color: #000000;\">Beziehungen<\/span><\/h3>\n<h3 style=\"text-align: center;\"><span style=\"color: #000000;\">Sprache<\/span><\/h3>\n<h3 style=\"text-align: center;\"><span style=\"color: #000000;\">Dinge<\/span><\/h3>\n<h3 style=\"text-align: center;\"><span style=\"color: #000000;\">Gef\u00fchle<\/span><\/h3>\n<p style=\"text-align: center;\"><strong>Wir schaffen eine sichere Umgebung, in der Kinder experimentieren und viele positive Erfahrungen machen k\u00f6nnen.<br \/>\n<\/strong><\/p>\n<p style=\"text-align: center;\"><strong>Solche Erfahrungen sind wichtig f\u00fcr die Gehirnentwicklung und Neuroplastizit\u00e4t. Sie stimulieren den Aufbau von Synapsen und neurologischen Verbindungen. Und diese wiederum helfen unseren Kleinen, agile &#8220;kluge K\u00f6pfchen&#8221; zu werden.<br \/>\n<\/strong><\/p>\n<p>[\/vc_column_text][\/vc_column][vc_column width=&#8221;2\/3&#8243; css=&#8221;.vc_custom_1579596205491{padding-top: 10px !important;padding-right: 20px !important;padding-bottom: 10px !important;padding-left: 20px !important;background-color: #7c6fb0 !important;}&#8221; textcolor=&#8221;#ffffff&#8221; offset=&#8221;vc_hidden-lg vc_hidden-md vc_hidden-sm&#8221;][vc_column_text css=&#8221;.vc_custom_1577389139149{margin-top: 0px !important;margin-bottom: 20px !important;}&#8221;]<\/p>\n<h3 style=\"text-align: center;\"><strong><span style=\"color: #ffffff;\"> Die Qualit\u00e4t der Umgebung im fr\u00fchesten Kindesalter und die richtigen Erfahrungen und Inputs zur richtigen Zeit sind entscheidend f\u00fcr die Gehirnentwicklung. Sie sind die Grundlage f\u00fcr leistungsf\u00e4higes Lernen im sp\u00e4teren Leben. <\/span><\/strong><\/h3>\n<p>[\/vc_column_text][vc_column_text]<img loading=\"lazy\" decoding=\"async\" class=\"aligncenter size-full wp-image-5250\" src=\"https:\/\/littlegreenhouse.ch\/wp-content\/uploads\/2020\/01\/Positive_smart_DE_white.png\" alt=\"\" width=\"600\" height=\"600\" srcset=\"https:\/\/www.littlegreenhouse.ch\/wp-content\/uploads\/2020\/01\/Positive_smart_DE_white.png 600w, https:\/\/www.littlegreenhouse.ch\/wp-content\/uploads\/2020\/01\/Positive_smart_DE_white-150x150.png 150w, https:\/\/www.littlegreenhouse.ch\/wp-content\/uploads\/2020\/01\/Positive_smart_DE_white-300x300.png 300w\" sizes=\"auto, (max-width: 600px) 100vw, 600px\" \/>[\/vc_column_text][\/vc_column][\/vc_row][vc_row gap=&#8221;30&#8243; equal_height=&#8221;yes&#8221; content_placement=&#8221;top&#8221; css=&#8221;.vc_custom_1567846853390{margin-top: 00px !important;margin-right: 0px !important;margin-bottom: 50px !important;margin-left: 0px !important;padding-right: 0px !important;}&#8221;][vc_column css=&#8221;.vc_custom_1579595148372{margin-top: 0px !important;margin-right: 0px !important;margin-bottom: 0px !important;margin-left: 0px !important;border-top-width: 0px !important;border-right-width: 0px !important;border-bottom-width: 0px !important;border-left-width: 0px !important;padding-top: 30px !important;padding-right: 30px !important;padding-bottom: 30px !important;padding-left: 30px !important;background-color: #9bcc96 !important;}&#8221; textcolor=&#8221;#000000&#8243; offset=&#8221;vc_hidden-xs&#8221;][vc_column_text]<img loading=\"lazy\" decoding=\"async\" class=\"aligncenter size-full wp-image-4436\" src=\"https:\/\/littlegreenhouse.ch\/wp-content\/uploads\/2019\/12\/second_2_DE.png\" alt=\"\" width=\"1200\" height=\"222\" srcset=\"https:\/\/www.littlegreenhouse.ch\/wp-content\/uploads\/2019\/12\/second_2_DE.png 1200w, https:\/\/www.littlegreenhouse.ch\/wp-content\/uploads\/2019\/12\/second_2_DE-300x56.png 300w, https:\/\/www.littlegreenhouse.ch\/wp-content\/uploads\/2019\/12\/second_2_DE-768x142.png 768w, https:\/\/www.littlegreenhouse.ch\/wp-content\/uploads\/2019\/12\/second_2_DE-1024x189.png 1024w\" sizes=\"auto, (max-width: 1200px) 100vw, 1200px\" \/>[\/vc_column_text][vc_column_text css=&#8221;.vc_custom_1575987902163{padding-top: 30px !important;}&#8221;]<\/p>\n<h3>Die Gene legen die &#8220;Architektur&#8221; unseres Gehirns fest. Aber es sind die t\u00e4glichen Erfahrungen, Stimuli und Beziehungen, die die Verbindungen zwischen den Zellen schaffen und damit\u00a0in einem unglaublichen Tempo quasi die &#8220;Inneneinrichtung&#8221; formen &#8211; jede Sekunde, jeden Tag.<\/h3>\n<p>[\/vc_column_text][\/vc_column][\/vc_row][vc_row gap=&#8221;30&#8243; equal_height=&#8221;yes&#8221; content_placement=&#8221;top&#8221; css=&#8221;.vc_custom_1567846853390{margin-top: 00px !important;margin-right: 0px !important;margin-bottom: 50px !important;margin-left: 0px !important;padding-right: 0px !important;}&#8221;][vc_column css=&#8221;.vc_custom_1579596237745{margin-top: 0px !important;margin-right: 0px !important;margin-bottom: 0px !important;margin-left: 0px !important;border-top-width: 0px !important;border-right-width: 0px !important;border-bottom-width: 0px !important;border-left-width: 0px !important;padding-top: 20px !important;padding-right: 20px !important;padding-bottom: 20px !important;padding-left: 20px !important;background-color: #9bcc96 !important;}&#8221; textcolor=&#8221;#000000&#8243; offset=&#8221;vc_hidden-lg vc_hidden-md vc_hidden-sm&#8221;][vc_column_text]<img loading=\"lazy\" decoding=\"async\" class=\"aligncenter size-full wp-image-5224\" src=\"https:\/\/littlegreenhouse.ch\/wp-content\/uploads\/2020\/01\/second_DE.png\" alt=\"\" width=\"800\" height=\"719\" srcset=\"https:\/\/www.littlegreenhouse.ch\/wp-content\/uploads\/2020\/01\/second_DE.png 800w, https:\/\/www.littlegreenhouse.ch\/wp-content\/uploads\/2020\/01\/second_DE-300x270.png 300w, https:\/\/www.littlegreenhouse.ch\/wp-content\/uploads\/2020\/01\/second_DE-768x690.png 768w\" sizes=\"auto, (max-width: 800px) 100vw, 800px\" \/>[\/vc_column_text][vc_column_text css=&#8221;.vc_custom_1575987902163{padding-top: 30px !important;}&#8221;]<\/p>\n<h3>Die Gene legen die &#8220;Architektur&#8221; unseres Gehirns fest. Aber es sind die t\u00e4glichen Erfahrungen, Stimuli und Beziehungen, die die Verbindungen zwischen den Zellen schaffen und damit\u00a0in einem unglaublichen Tempo quasi die &#8220;Inneneinrichtung&#8221; formen &#8211; jede Sekunde, jeden Tag.<\/h3>\n<p>[\/vc_column_text][\/vc_column][\/vc_row]<\/p>\n","protected":false},"excerpt":{"rendered":"<p>[vc_row css=&#8221;.vc_custom_1573220049362{margin-top: 0px !important;margin-right: 30px !important;margin-left: 0px !important;}&#8221;][vc_column css=&#8221;.vc_custom_1573219742146{margin-right: 15px !important;margin-left: 15px !important;padding-top: 0px !important;padding-bottom: 0px !important;background-color: #ffdc00 !important;}&#8221;][vc_column_text css=&#8221;.vc_custom_1777034099498{margin-top: 40px !important;margin-bottom: 40px !important;}&#8221;] Mighty Minds [\/vc_column_text][\/vc_column][\/vc_row][vc_row gap=&#8221;30&#8243; equal_height=&#8221;yes&#8221; css=&#8221;.vc_custom_1573220070305{margin-top: 20px !important;margin-right: 1px !important;margin-left: 1px !important;}&#8221;][vc_column width=&#8221;1\/2&#8243; css=&#8221;.vc_custom_1567406702560{padding-top: 0px !important;padding-bottom: 0px !important;background-position: center !important;background-repeat: no-repeat !important;background-size: cover !important;}&#8221;][vc_single_image image=&#8221;4445&#8243; img_size=&#8221;full&#8221;][\/vc_column][vc_column width=&#8221;1\/2&#8243;][vc_single_image image=&#8221;5241&#8243; img_size=&#8221;full&#8221;][\/vc_column][\/vc_row][vc_row gap=&#8221;30&#8243; equal_height=&#8221;yes&#8221; &hellip; <a href=\"https:\/\/www.littlegreenhouse.ch\/de\/mighty-minds\/\" title=\"Mighty Minds\" class=\"read-more\">Read More<\/a><\/p>\n","protected":false},"author":1,"featured_media":5238,"parent":0,"menu_order":0,"comment_status":"closed","ping_status":"closed","template":"","meta":{"_monsterinsights_skip_tracking":false,"_monsterinsights_sitenote_active":false,"_monsterinsights_sitenote_note":"","_monsterinsights_sitenote_category":0,"footnotes":""},"class_list":["post-4049","page","type-page","status-publish","has-post-thumbnail","hentry"],"yoast_head":"<!-- This site is optimized with the Yoast SEO plugin v15.1.1 - https:\/\/yoast.com\/wordpress\/plugins\/seo\/ -->\n<title>Mighty Minds - Little Green House<\/title>\n<meta name=\"description\" content=\"Beziehungen, Sprache, Gef\u00fchle. Wir geben den K\u00f6pfchen unserer Kinder Nahrung durch viele positive Erfahrungen, die die Neuroplastizit\u00e4t des Gehirns stimulieren.\" \/>\n<meta name=\"robots\" content=\"index, follow, max-snippet:-1, max-image-preview:large, max-video-preview:-1\" \/>\n<link rel=\"canonical\" href=\"https:\/\/www.littlegreenhouse.ch\/de\/mighty-minds\/\" \/>\n<meta property=\"og:locale\" content=\"de_DE\" \/>\n<meta property=\"og:type\" content=\"article\" \/>\n<meta property=\"og:title\" content=\"Mighty Minds - Little Green House\" \/>\n<meta property=\"og:description\" content=\"Beziehungen, Sprache, Gef\u00fchle. Wir geben den K\u00f6pfchen unserer Kinder Nahrung durch viele positive Erfahrungen, die die Neuroplastizit\u00e4t des Gehirns stimulieren.\" \/>\n<meta property=\"og:url\" content=\"https:\/\/www.littlegreenhouse.ch\/de\/mighty-minds\/\" \/>\n<meta property=\"og:site_name\" content=\"Little Green House\" \/>\n<meta property=\"article:publisher\" content=\"https:\/\/www.facebook.com\/littlegreenhouse.the.next.generation\/\" \/>\n<meta property=\"article:modified_time\" content=\"2026-04-24T12:35:06+00:00\" \/>\n<meta property=\"og:image\" content=\"https:\/\/www.littlegreenhouse.ch\/wp-content\/uploads\/2019\/09\/Mighty_minds.jpg\" \/>\n\t<meta property=\"og:image:width\" content=\"1200\" \/>\n\t<meta property=\"og:image:height\" content=\"800\" \/>\n<meta name=\"twitter:card\" content=\"summary_large_image\" \/>\n<meta name=\"twitter:creator\" content=\"@lg_house\" \/>\n<meta name=\"twitter:site\" content=\"@lg_house\" \/>\n<script type=\"application\/ld+json\" class=\"yoast-schema-graph\">{\"@context\":\"https:\/\/schema.org\",\"@graph\":[{\"@type\":\"Organization\",\"@id\":\"https:\/\/www.littlegreenhouse.ch\/de\/#organization\",\"name\":\"Little Green House\",\"url\":\"https:\/\/www.littlegreenhouse.ch\/de\/\",\"sameAs\":[\"https:\/\/www.facebook.com\/littlegreenhouse.the.next.generation\/\",\"https:\/\/www.instagram.com\/littlegreenhouse_childcare\/\",\"https:\/\/www.linkedin.com\/company\/little-green-house\/\",\"https:\/\/www.youtube.com\/channel\/UCPQiQBtt0Hp-4Y-HWPiIjyQ\",\"https:\/\/twitter.com\/lg_house\"],\"logo\":{\"@type\":\"ImageObject\",\"@id\":\"https:\/\/www.littlegreenhouse.ch\/de\/#logo\",\"inLanguage\":\"de\",\"url\":\"https:\/\/www.littlegreenhouse.ch\/wp-content\/uploads\/2020\/01\/LGH_logo_2019.png\",\"width\":369,\"height\":283,\"caption\":\"Little Green House\"},\"image\":{\"@id\":\"https:\/\/www.littlegreenhouse.ch\/de\/#logo\"}},{\"@type\":\"WebSite\",\"@id\":\"https:\/\/www.littlegreenhouse.ch\/de\/#website\",\"url\":\"https:\/\/www.littlegreenhouse.ch\/de\/\",\"name\":\"Little Green House\",\"description\":\"Cr\\u00e8che | Childcare | Kita\",\"publisher\":{\"@id\":\"https:\/\/www.littlegreenhouse.ch\/de\/#organization\"},\"potentialAction\":[{\"@type\":\"SearchAction\",\"target\":\"https:\/\/www.littlegreenhouse.ch\/de\/?s={search_term_string}\",\"query-input\":\"required name=search_term_string\"}],\"inLanguage\":\"de\"},{\"@type\":\"ImageObject\",\"@id\":\"https:\/\/www.littlegreenhouse.ch\/de\/mighty-minds\/#primaryimage\",\"inLanguage\":\"de\",\"url\":\"https:\/\/www.littlegreenhouse.ch\/wp-content\/uploads\/2019\/09\/Mighty_minds.jpg\",\"width\":1200,\"height\":800},{\"@type\":\"WebPage\",\"@id\":\"https:\/\/www.littlegreenhouse.ch\/de\/mighty-minds\/#webpage\",\"url\":\"https:\/\/www.littlegreenhouse.ch\/de\/mighty-minds\/\",\"name\":\"Mighty Minds - Little Green House\",\"isPartOf\":{\"@id\":\"https:\/\/www.littlegreenhouse.ch\/de\/#website\"},\"primaryImageOfPage\":{\"@id\":\"https:\/\/www.littlegreenhouse.ch\/de\/mighty-minds\/#primaryimage\"},\"datePublished\":\"2019-08-29T20:00:40+00:00\",\"dateModified\":\"2026-04-24T12:35:06+00:00\",\"description\":\"Beziehungen, Sprache, Gef\\u00fchle. Wir geben den K\\u00f6pfchen unserer Kinder Nahrung durch viele positive Erfahrungen, die die Neuroplastizit\\u00e4t des Gehirns stimulieren.\",\"inLanguage\":\"de\",\"potentialAction\":[{\"@type\":\"ReadAction\",\"target\":[\"https:\/\/www.littlegreenhouse.ch\/de\/mighty-minds\/\"]}]}]}<\/script>\n<!-- \/ Yoast SEO plugin. -->","jetpack_sharing_enabled":true,"_links":{"self":[{"href":"https:\/\/www.littlegreenhouse.ch\/de\/wp-json\/wp\/v2\/pages\/4049","targetHints":{"allow":["GET"]}}],"collection":[{"href":"https:\/\/www.littlegreenhouse.ch\/de\/wp-json\/wp\/v2\/pages"}],"about":[{"href":"https:\/\/www.littlegreenhouse.ch\/de\/wp-json\/wp\/v2\/types\/page"}],"author":[{"embeddable":true,"href":"https:\/\/www.littlegreenhouse.ch\/de\/wp-json\/wp\/v2\/users\/1"}],"replies":[{"embeddable":true,"href":"https:\/\/www.littlegreenhouse.ch\/de\/wp-json\/wp\/v2\/comments?post=4049"}],"version-history":[{"count":2,"href":"https:\/\/www.littlegreenhouse.ch\/de\/wp-json\/wp\/v2\/pages\/4049\/revisions"}],"predecessor-version":[{"id":25283,"href":"https:\/\/www.littlegreenhouse.ch\/de\/wp-json\/wp\/v2\/pages\/4049\/revisions\/25283"}],"wp:featuredmedia":[{"embeddable":true,"href":"https:\/\/www.littlegreenhouse.ch\/de\/wp-json\/wp\/v2\/media\/5238"}],"wp:attachment":[{"href":"https:\/\/www.littlegreenhouse.ch\/de\/wp-json\/wp\/v2\/media?parent=4049"}],"curies":[{"name":"wp","href":"https:\/\/api.w.org\/{rel}","templated":true}]}}