{"id":4053,"date":"2019-11-20T13:33:01","date_gmt":"2019-11-20T12:33:01","guid":{"rendered":"http:\/\/littlegreenhouse.ch\/NEW\/our-vision-and-philosophy\/"},"modified":"2020-10-19T08:20:54","modified_gmt":"2020-10-19T06:20:54","slug":"unsere-philosophie","status":"publish","type":"page","link":"https:\/\/www.littlegreenhouse.ch\/de\/unsere-philosophie\/","title":{"rendered":"Unsere Philosophie"},"content":{"rendered":"<p>[vc_row css=&#8221;.vc_custom_1573219653829{margin-top: 0px !important;margin-right: 15px !important;margin-left: 15px !important;background-color: #ffdc00 !important;}&#8221;][vc_column css=&#8221;.vc_custom_1566195737301{padding-top: 0px !important;padding-bottom: 0px !important;}&#8221;][vc_column_text]<\/p>\n<h1 class=\"soustitreh1\"><span style=\"color: #000000;\">Unsere Vision und unsere Philosophie<\/span><\/h1>\n<p>[\/vc_column_text][\/vc_column][\/vc_row][vc_row gap=&#8221;30&#8243; equal_height=&#8221;yes&#8221; content_placement=&#8221;top&#8221; css=&#8221;.vc_custom_1566931433795{margin-top: 20px !important;}&#8221;][vc_column width=&#8221;2\/3&#8243; css=&#8221;.vc_custom_1560319784025{margin-top: 0px !important;margin-right: 0px !important;margin-bottom: 0px !important;margin-left: 0px !important;border-top-width: 0px !important;border-right-width: 0px !important;border-bottom-width: 0px !important;border-left-width: 0px !important;padding-top: 0px !important;padding-right: 0px !important;padding-bottom: 0px !important;padding-left: 0px !important;}&#8221;][vc_gallery interval=&#8221;5&#8243; images=&#8221;3075,2958,2992,3097,3099,2942&#8243; img_size=&#8221;full&#8221; css=&#8221;.vc_custom_1579697449488{margin-top: 0px !important;margin-right: 0px !important;margin-bottom: 0px !important;margin-left: 0px !important;border-top-width: 0px !important;border-right-width: 0px !important;border-bottom-width: 0px !important;border-left-width: 0px !important;padding-top: 0px !important;padding-right: 0px !important;padding-bottom: 0px !important;padding-left: 0px !important;}&#8221;][\/vc_column][vc_column width=&#8221;1\/3&#8243; css=&#8221;.vc_custom_1574253418705{padding-top: 20px !important;padding-right: 25px !important;padding-bottom: 0px !important;padding-left: 25px !important;background-color: #9bcc96 !important;}&#8221;][vc_column_text]<\/p>\n<h4 style=\"text-align: center; font-size: 1.6em; margin-bottom: 20px;\"><strong>F\u00fcr uns ist es das Gr\u00f6sste, wenn Little Green House-Kinder zu\u00a0 <\/strong><\/h4>\n<p><img loading=\"lazy\" decoding=\"async\" class=\"aligncenter size-full wp-image-4636\" src=\"https:\/\/littlegreenhouse.ch\/wp-content\/uploads\/2019\/12\/happy_2_DE.png\" alt=\"\" width=\"800\" height=\"677\" srcset=\"https:\/\/www.littlegreenhouse.ch\/wp-content\/uploads\/2019\/12\/happy_2_DE.png 800w, https:\/\/www.littlegreenhouse.ch\/wp-content\/uploads\/2019\/12\/happy_2_DE-300x254.png 300w, https:\/\/www.littlegreenhouse.ch\/wp-content\/uploads\/2019\/12\/happy_2_DE-768x650.png 768w\" sizes=\"auto, (max-width: 800px) 100vw, 800px\" \/>[\/vc_column_text][\/vc_column][\/vc_row][vc_row gap=&#8221;30&#8243; equal_height=&#8221;yes&#8221; content_placement=&#8221;top&#8221; css=&#8221;.vc_custom_1575056889848{margin-top: 0px !important;margin-bottom: 0px !important;}&#8221;][vc_column width=&#8221;1\/2&#8243; css=&#8221;.vc_custom_1574254004227{padding-top: 20px !important;padding-right: 30px !important;padding-bottom: 0px !important;padding-left: 30px !important;background-color: #7ac7c1 !important;}&#8221;][vc_column_text]<\/p>\n<p style=\"margin-bottom: 0px;\"><strong>Zugegeben, das klingt vielleicht ein wenig versponnen, aber deshalb sind wir hier &#8211; jeden Tag &#8211; und versuchen, einen Ort zu schaffen, an dem kleine Kinder in ihrem eigenen Tempo<\/strong><\/p>\n<p><img loading=\"lazy\" decoding=\"async\" class=\"aligncenter size-full wp-image-4633\" src=\"https:\/\/littlegreenhouse.ch\/wp-content\/uploads\/2019\/12\/develop_3_DE.png\" alt=\"\" width=\"800\" height=\"115\" srcset=\"https:\/\/www.littlegreenhouse.ch\/wp-content\/uploads\/2019\/12\/develop_3_DE.png 800w, https:\/\/www.littlegreenhouse.ch\/wp-content\/uploads\/2019\/12\/develop_3_DE-300x43.png 300w, https:\/\/www.littlegreenhouse.ch\/wp-content\/uploads\/2019\/12\/develop_3_DE-768x110.png 768w\" sizes=\"auto, (max-width: 800px) 100vw, 800px\" \/><\/p>\n<p style=\"margin-top: 0px;\"><strong>und lernen k\u00f6nnen, und sich dabei angenommen und geliebt f\u00fchlen, genau so wie sie sind, und an dem sie unterst\u00fctzt und angeregt werden, ihre Potentiale zu entfalten.<\/strong><\/p>\n<p>[\/vc_column_text][\/vc_column][vc_column width=&#8221;1\/2&#8243; css=&#8221;.vc_custom_1574427434138{margin-top: 0px !important;margin-right: 0px !important;margin-bottom: 0px !important;margin-left: 0px !important;border-top-width: 0px !important;border-right-width: 0px !important;border-bottom-width: 0px !important;border-left-width: 0px !important;padding-top: 20px !important;padding-right: 30px !important;padding-bottom: 20px !important;padding-left: 30px !important;background-color: #2aad74 !important;}&#8221; textcolor=&#8221;#ffffff&#8221;][vc_column_text]Emotionales Wohlbefinden und soziale Kompetenz sind die Grundbausteine f\u00fcr die sich gerade entwickelnden<br \/>\n<img loading=\"lazy\" decoding=\"async\" class=\"aligncenter size-full wp-image-4664\" src=\"http:\/\/littlegreenhouse.ch\/NEW\/wp-content\/uploads\/2019\/12\/emerging-cognitive-abilities_DE-2.png\" alt=\"\" width=\"800\" height=\"80\" srcset=\"https:\/\/www.littlegreenhouse.ch\/wp-content\/uploads\/2019\/12\/emerging-cognitive-abilities_DE-2.png 800w, https:\/\/www.littlegreenhouse.ch\/wp-content\/uploads\/2019\/12\/emerging-cognitive-abilities_DE-2-300x30.png 300w, https:\/\/www.littlegreenhouse.ch\/wp-content\/uploads\/2019\/12\/emerging-cognitive-abilities_DE-2-768x77.png 768w\" sizes=\"auto, (max-width: 800px) 100vw, 800px\" \/>und eine gesunde Hirnentwicklung. Die emotionale und k\u00f6rperliche Gesundheit, sowie die sozialen und die kognitiv-sprachlichen F\u00e4higkeiten, die sich in den ersten Jahren entwickeln, sind alle wichtige Voraussetzungen f\u00fcr den Erfolg in der Schule und im sp\u00e4teren Leben.[\/vc_column_text][\/vc_column][\/vc_row][vc_row css=&#8221;.vc_custom_1575058719165{margin-top: 20px !important;margin-right: 10px !important;margin-left: 10px !important;padding-top: 0px !important;padding-right: 50px !important;padding-bottom: 10px !important;padding-left: 50px !important;background-color: #ffdc00 !important;}&#8221;][vc_column offset=&#8221;vc_hidden-xs&#8221;][vc_column_text]<img loading=\"lazy\" decoding=\"async\" class=\"aligncenter size-full wp-image-4627\" src=\"https:\/\/littlegreenhouse.ch\/wp-content\/uploads\/2019\/12\/freely-2_DE.png\" alt=\"\" width=\"1200\" height=\"446\" srcset=\"https:\/\/www.littlegreenhouse.ch\/wp-content\/uploads\/2019\/12\/freely-2_DE.png 1200w, https:\/\/www.littlegreenhouse.ch\/wp-content\/uploads\/2019\/12\/freely-2_DE-300x112.png 300w, https:\/\/www.littlegreenhouse.ch\/wp-content\/uploads\/2019\/12\/freely-2_DE-768x285.png 768w, https:\/\/www.littlegreenhouse.ch\/wp-content\/uploads\/2019\/12\/freely-2_DE-1024x381.png 1024w\" sizes=\"auto, (max-width: 1200px) 100vw, 1200px\" \/>[\/vc_column_text][\/vc_column][\/vc_row][vc_row css=&#8221;.vc_custom_1580122172229{margin-top: 0px !important;margin-right: 10px !important;margin-left: 10px !important;padding-top: 0px !important;padding-right: 50px !important;padding-bottom: 10px !important;padding-left: 50px !important;}&#8221;][vc_column offset=&#8221;vc_hidden-lg vc_hidden-md vc_hidden-sm&#8221; css=&#8221;.vc_custom_1580122137739{background-color: #ffdc00 !important;}&#8221;][vc_column_text]<img loading=\"lazy\" decoding=\"async\" class=\"aligncenter size-full wp-image-5950\" src=\"https:\/\/www.littlegreenhouse.ch\/wp-content\/uploads\/2020\/01\/freely-2_smart_DE.png\" alt=\"\" width=\"600\" height=\"645\" srcset=\"https:\/\/www.littlegreenhouse.ch\/wp-content\/uploads\/2020\/01\/freely-2_smart_DE.png 600w, https:\/\/www.littlegreenhouse.ch\/wp-content\/uploads\/2020\/01\/freely-2_smart_DE-279x300.png 279w\" sizes=\"auto, (max-width: 600px) 100vw, 600px\" \/>[\/vc_column_text][\/vc_column][\/vc_row][vc_row gap=&#8221;30&#8243; equal_height=&#8221;yes&#8221; content_placement=&#8221;top&#8221; css=&#8221;.vc_custom_1575058726193{margin-top: 20px !important;margin-bottom: 50px !important;}&#8221;][vc_column width=&#8221;1\/2&#8243; css=&#8221;.vc_custom_1574427434138{margin-top: 0px !important;margin-right: 0px !important;margin-bottom: 0px !important;margin-left: 0px !important;border-top-width: 0px !important;border-right-width: 0px !important;border-bottom-width: 0px !important;border-left-width: 0px !important;padding-top: 20px !important;padding-right: 30px !important;padding-bottom: 20px !important;padding-left: 30px !important;background-color: #2aad74 !important;}&#8221; textcolor=&#8221;#ffffff&#8221;][vc_column_text]<img loading=\"lazy\" decoding=\"async\" class=\"aligncenter size-full wp-image-4624\" src=\"https:\/\/littlegreenhouse.ch\/wp-content\/uploads\/2019\/12\/We-love-to-be-inspired-4_DE.png\" alt=\"\" width=\"800\" height=\"215\" srcset=\"https:\/\/www.littlegreenhouse.ch\/wp-content\/uploads\/2019\/12\/We-love-to-be-inspired-4_DE.png 800w, https:\/\/www.littlegreenhouse.ch\/wp-content\/uploads\/2019\/12\/We-love-to-be-inspired-4_DE-300x81.png 300w, https:\/\/www.littlegreenhouse.ch\/wp-content\/uploads\/2019\/12\/We-love-to-be-inspired-4_DE-768x206.png 768w\" sizes=\"auto, (max-width: 800px) 100vw, 800px\" \/><\/p>\n<p style=\"margin-top: 0px;\"><strong>Unsere Kinderbetreuung st\u00fctzt sich auf Erkenntnisse aus der neuesten neurowissenschaftlichen Forschung zur fr\u00fchkindlichen Entwicklung sowie auf die Bildungsphilosophien von Maria Montessori, Loris Malaguzzi (Reggio Emilia) und Rudolf Steiner. Sie alle glauben an die angeborenen F\u00e4higkeiten von Kindern. Genau wie wir.<\/strong><\/p>\n<p>[\/vc_column_text][\/vc_column][vc_column width=&#8221;1\/2&#8243; css=&#8221;.vc_custom_1575395421893{padding-top: 10px !important;padding-right: 30px !important;padding-bottom: 0px !important;padding-left: 30px !important;background-color: #7ac7c1 !important;}&#8221;][vc_column_text]<img loading=\"lazy\" decoding=\"async\" class=\"aligncenter size-full wp-image-4621\" src=\"https:\/\/littlegreenhouse.ch\/wp-content\/uploads\/2019\/12\/playing-5_DE.png\" alt=\"\" width=\"800\" height=\"155\" srcset=\"https:\/\/www.littlegreenhouse.ch\/wp-content\/uploads\/2019\/12\/playing-5_DE.png 800w, https:\/\/www.littlegreenhouse.ch\/wp-content\/uploads\/2019\/12\/playing-5_DE-300x58.png 300w, https:\/\/www.littlegreenhouse.ch\/wp-content\/uploads\/2019\/12\/playing-5_DE-768x149.png 768w\" sizes=\"auto, (max-width: 800px) 100vw, 800px\" \/><\/p>\n<p style=\"margin-top: 5px;\"><strong>Beim Spielen entdecken Kinder die Welt, Ihre Spielkameraden und sich selbst. Spielen bedeutet die Freude am Entdecken,\u00a0 Ausprobieren, Erfinden und Gestalten, Kopieren und Nachahmen. Es bedeutet, soziale, emotionale und kognitive F\u00e4higkeiten spielerisch zu erwerben. Hier gewinnen Kinder Selbstvertrauen und entwickeln ein Gef\u00fchl der Selbstbestimmung und des sozialen Verhaltens, das sie auf ein selbstbewusstes und aktives Leben vorbereitet.<\/strong><\/p>\n<p>[\/vc_column_text][\/vc_column][\/vc_row]<\/p>\n","protected":false},"excerpt":{"rendered":"<p>[vc_row css=&#8221;.vc_custom_1573219653829{margin-top: 0px !important;margin-right: 15px !important;margin-left: 15px !important;background-color: #ffdc00 !important;}&#8221;][vc_column css=&#8221;.vc_custom_1566195737301{padding-top: 0px !important;padding-bottom: 0px !important;}&#8221;][vc_column_text] Unsere Vision und unsere Philosophie [\/vc_column_text][\/vc_column][\/vc_row][vc_row gap=&#8221;30&#8243; equal_height=&#8221;yes&#8221; content_placement=&#8221;top&#8221; css=&#8221;.vc_custom_1566931433795{margin-top: 20px !important;}&#8221;][vc_column width=&#8221;2\/3&#8243; css=&#8221;.vc_custom_1560319784025{margin-top: 0px !important;margin-right: 0px !important;margin-bottom: 0px !important;margin-left: 0px !important;border-top-width: 0px !important;border-right-width: 0px !important;border-bottom-width: 0px !important;border-left-width: 0px !important;padding-top: 0px !important;padding-right: 0px !important;padding-bottom: 0px !important;padding-left: 0px !important;}&#8221;][vc_gallery interval=&#8221;5&#8243; images=&#8221;3075,2958,2992,3097,3099,2942&#8243; &hellip; <a href=\"https:\/\/www.littlegreenhouse.ch\/de\/unsere-philosophie\/\" title=\"Unsere Philosophie\" class=\"read-more\">Read More<\/a><\/p>\n","protected":false},"author":1,"featured_media":3940,"parent":0,"menu_order":0,"comment_status":"closed","ping_status":"closed","template":"","meta":{"_monsterinsights_skip_tracking":false,"_monsterinsights_sitenote_active":false,"_monsterinsights_sitenote_note":"","_monsterinsights_sitenote_category":0,"footnotes":""},"class_list":["post-4053","page","type-page","status-publish","has-post-thumbnail","hentry"],"yoast_head":"<!-- This site is optimized with the Yoast SEO plugin v15.1.1 - https:\/\/yoast.com\/wordpress\/plugins\/seo\/ -->\n<title>Unsere Philosophie - Little Green House<\/title>\n<meta name=\"description\" content=\"Wir m\u00f6chten, dass die Kinder unserer Kinderkrippe gl\u00fcckliche, kreative, frei-denkende Menschen werden.\" \/>\n<meta name=\"robots\" content=\"index, follow, max-snippet:-1, max-image-preview:large, max-video-preview:-1\" \/>\n<link rel=\"canonical\" href=\"https:\/\/www.littlegreenhouse.ch\/de\/unsere-philosophie\/\" \/>\n<meta property=\"og:locale\" content=\"de_DE\" \/>\n<meta property=\"og:type\" content=\"article\" \/>\n<meta property=\"og:title\" content=\"Unsere Philosophie - Little Green House\" \/>\n<meta property=\"og:description\" content=\"Wir m\u00f6chten, dass die Kinder unserer Kinderkrippe gl\u00fcckliche, kreative, frei-denkende Menschen werden.\" \/>\n<meta property=\"og:url\" content=\"https:\/\/www.littlegreenhouse.ch\/de\/unsere-philosophie\/\" \/>\n<meta property=\"og:site_name\" content=\"Little Green House\" \/>\n<meta property=\"article:publisher\" content=\"https:\/\/www.facebook.com\/littlegreenhouse.the.next.generation\/\" \/>\n<meta property=\"article:modified_time\" content=\"2020-10-19T06:20:54+00:00\" \/>\n<meta property=\"og:image\" content=\"https:\/\/www.littlegreenhouse.ch\/wp-content\/uploads\/2019\/09\/Creche_Daycare_Kita_Versoix_IMG_20190423_162406.jpg\" \/>\n\t<meta property=\"og:image:width\" content=\"1200\" \/>\n\t<meta property=\"og:image:height\" content=\"800\" \/>\n<meta name=\"twitter:card\" content=\"summary_large_image\" \/>\n<meta name=\"twitter:creator\" content=\"@lg_house\" \/>\n<meta name=\"twitter:site\" content=\"@lg_house\" \/>\n<script type=\"application\/ld+json\" class=\"yoast-schema-graph\">{\"@context\":\"https:\/\/schema.org\",\"@graph\":[{\"@type\":\"Organization\",\"@id\":\"https:\/\/www.littlegreenhouse.ch\/de\/#organization\",\"name\":\"Little Green House\",\"url\":\"https:\/\/www.littlegreenhouse.ch\/de\/\",\"sameAs\":[\"https:\/\/www.facebook.com\/littlegreenhouse.the.next.generation\/\",\"https:\/\/www.instagram.com\/littlegreenhouse_childcare\/\",\"https:\/\/www.linkedin.com\/company\/little-green-house\/\",\"https:\/\/www.youtube.com\/channel\/UCPQiQBtt0Hp-4Y-HWPiIjyQ\",\"https:\/\/twitter.com\/lg_house\"],\"logo\":{\"@type\":\"ImageObject\",\"@id\":\"https:\/\/www.littlegreenhouse.ch\/de\/#logo\",\"inLanguage\":\"de\",\"url\":\"https:\/\/www.littlegreenhouse.ch\/wp-content\/uploads\/2020\/01\/LGH_logo_2019.png\",\"width\":369,\"height\":283,\"caption\":\"Little Green House\"},\"image\":{\"@id\":\"https:\/\/www.littlegreenhouse.ch\/de\/#logo\"}},{\"@type\":\"WebSite\",\"@id\":\"https:\/\/www.littlegreenhouse.ch\/de\/#website\",\"url\":\"https:\/\/www.littlegreenhouse.ch\/de\/\",\"name\":\"Little Green House\",\"description\":\"Cr\\u00e8che | Childcare | Kita\",\"publisher\":{\"@id\":\"https:\/\/www.littlegreenhouse.ch\/de\/#organization\"},\"potentialAction\":[{\"@type\":\"SearchAction\",\"target\":\"https:\/\/www.littlegreenhouse.ch\/de\/?s={search_term_string}\",\"query-input\":\"required name=search_term_string\"}],\"inLanguage\":\"de\"},{\"@type\":\"ImageObject\",\"@id\":\"https:\/\/www.littlegreenhouse.ch\/de\/unsere-philosophie\/#primaryimage\",\"inLanguage\":\"de\",\"url\":\"https:\/\/www.littlegreenhouse.ch\/wp-content\/uploads\/2019\/09\/Creche_Daycare_Kita_Versoix_IMG_20190423_162406.jpg\",\"width\":1200,\"height\":800},{\"@type\":\"WebPage\",\"@id\":\"https:\/\/www.littlegreenhouse.ch\/de\/unsere-philosophie\/#webpage\",\"url\":\"https:\/\/www.littlegreenhouse.ch\/de\/unsere-philosophie\/\",\"name\":\"Unsere Philosophie - Little Green House\",\"isPartOf\":{\"@id\":\"https:\/\/www.littlegreenhouse.ch\/de\/#website\"},\"primaryImageOfPage\":{\"@id\":\"https:\/\/www.littlegreenhouse.ch\/de\/unsere-philosophie\/#primaryimage\"},\"datePublished\":\"2019-11-20T12:33:01+00:00\",\"dateModified\":\"2020-10-19T06:20:54+00:00\",\"description\":\"Wir m\\u00f6chten, dass die Kinder unserer Kinderkrippe gl\\u00fcckliche, kreative, frei-denkende Menschen werden.\",\"inLanguage\":\"de\",\"potentialAction\":[{\"@type\":\"ReadAction\",\"target\":[\"https:\/\/www.littlegreenhouse.ch\/de\/unsere-philosophie\/\"]}]}]}<\/script>\n<!-- \/ Yoast SEO plugin. -->","jetpack_sharing_enabled":true,"_links":{"self":[{"href":"https:\/\/www.littlegreenhouse.ch\/de\/wp-json\/wp\/v2\/pages\/4053","targetHints":{"allow":["GET"]}}],"collection":[{"href":"https:\/\/www.littlegreenhouse.ch\/de\/wp-json\/wp\/v2\/pages"}],"about":[{"href":"https:\/\/www.littlegreenhouse.ch\/de\/wp-json\/wp\/v2\/types\/page"}],"author":[{"embeddable":true,"href":"https:\/\/www.littlegreenhouse.ch\/de\/wp-json\/wp\/v2\/users\/1"}],"replies":[{"embeddable":true,"href":"https:\/\/www.littlegreenhouse.ch\/de\/wp-json\/wp\/v2\/comments?post=4053"}],"version-history":[{"count":0,"href":"https:\/\/www.littlegreenhouse.ch\/de\/wp-json\/wp\/v2\/pages\/4053\/revisions"}],"wp:featuredmedia":[{"embeddable":true,"href":"https:\/\/www.littlegreenhouse.ch\/de\/wp-json\/wp\/v2\/media\/3940"}],"wp:attachment":[{"href":"https:\/\/www.littlegreenhouse.ch\/de\/wp-json\/wp\/v2\/media?parent=4053"}],"curies":[{"name":"wp","href":"https:\/\/api.w.org\/{rel}","templated":true}]}}