{"id":4061,"date":"2019-11-20T14:00:42","date_gmt":"2019-11-20T13:00:42","guid":{"rendered":"http:\/\/littlegreenhouse.ch\/NEW\/the-little-green-house-story\/"},"modified":"2020-10-19T08:25:05","modified_gmt":"2020-10-19T06:25:05","slug":"little-green-house-geschichte","status":"publish","type":"page","link":"https:\/\/www.littlegreenhouse.ch\/de\/little-green-house-geschichte\/","title":{"rendered":"Die Geschichte des Little Green House"},"content":{"rendered":"<p>[vc_row css=&#8221;.vc_custom_1573219653829{margin-top: 0px !important;margin-right: 15px !important;margin-left: 15px !important;background-color: #ffdc00 !important;}&#8221;][vc_column css=&#8221;.vc_custom_1566195737301{padding-top: 0px !important;padding-bottom: 0px !important;}&#8221;][vc_column_text]<\/p>\n<h1 class=\"soustitreh1\"><span style=\"color: #000000;\">Die Geschichte des Little Green House<\/span><\/h1>\n<p>[\/vc_column_text][\/vc_column][\/vc_row][vc_row gap=&#8221;30&#8243; equal_height=&#8221;yes&#8221; css=&#8221;.vc_custom_1574423111413{margin-top: 20px !important;}&#8221;][vc_column width=&#8221;1\/3&#8243; css=&#8221;.vc_custom_1574422376574{padding-top: 0px !important;}&#8221;][vc_single_image image=&#8221;3396&#8243; img_size=&#8221;full&#8221;][\/vc_column][vc_column width=&#8221;1\/3&#8243; css=&#8221;.vc_custom_1574422034570{padding-top: 0px !important;padding-right: 20px !important;padding-left: 20px !important;background-color: #9bcc96 !important;}&#8221;][vc_column_text css=&#8221;.vc_custom_1580122645706{padding-top: 20px !important;}&#8221;]<img loading=\"lazy\" decoding=\"async\" class=\"aligncenter size-full wp-image-3389\" src=\"https:\/\/littlegreenhouse.ch\/wp-content\/uploads\/2019\/11\/quote-3.png\" alt=\"\" width=\"800\" height=\"133\" srcset=\"https:\/\/www.littlegreenhouse.ch\/wp-content\/uploads\/2019\/11\/quote-3.png 800w, https:\/\/www.littlegreenhouse.ch\/wp-content\/uploads\/2019\/11\/quote-3-300x50.png 300w, https:\/\/www.littlegreenhouse.ch\/wp-content\/uploads\/2019\/11\/quote-3-768x128.png 768w\" sizes=\"auto, (max-width: 800px) 100vw, 800px\" \/>[\/vc_column_text][vc_custom_heading text=&#8221;Was macht man, wenn man einfach nicht die &#8220;richtige&#8220; Kita f\u00fcr sein Baby findet?&#8221; font_container=&#8221;tag:h3|text_align:center&#8221; google_fonts=&#8221;font_family:Merriweather%3A300%2C300italic%2Cregular%2Citalic%2C700%2C700italic%2C900%2C900italic|font_style:400%20italic%3A400%3Aitalic&#8221; css=&#8221;.vc_custom_1575917096114{margin-top: 0px !important;padding-top: 10px !important;padding-right: 0px !important;padding-bottom: 00px !important;padding-left: 0px !important;}&#8221;][vc_column_text]<img loading=\"lazy\" decoding=\"async\" class=\"aligncenter size-full wp-image-4413\" src=\"https:\/\/littlegreenhouse.ch\/wp-content\/uploads\/2019\/12\/create_DE.png\" alt=\"Man gr\u00fcndet eine eigene.\" width=\"800\" height=\"700\" srcset=\"https:\/\/www.littlegreenhouse.ch\/wp-content\/uploads\/2019\/12\/create_DE.png 800w, https:\/\/www.littlegreenhouse.ch\/wp-content\/uploads\/2019\/12\/create_DE-300x263.png 300w, https:\/\/www.littlegreenhouse.ch\/wp-content\/uploads\/2019\/12\/create_DE-768x672.png 768w\" sizes=\"auto, (max-width: 800px) 100vw, 800px\" \/>[\/vc_column_text][vc_column_text css=&#8221;.vc_custom_1575917162480{margin-top: 0px !important;}&#8221;]<\/p>\n<p style=\"text-align: center;\"><strong>Barbara Lax<\/strong><\/p>\n<p style=\"text-align: center;\">Gr\u00fcnderin von<em> Little Green House<\/em><\/p>\n<p>[\/vc_column_text][\/vc_column][vc_column width=&#8221;1\/3&#8243; css=&#8221;.vc_custom_1574422383312{padding-top: 0px !important;}&#8221;][vc_single_image image=&#8221;8001&#8243; img_size=&#8221;full&#8221; css=&#8221;.vc_custom_1602661580552{margin-top: 0px !important;}&#8221;][vc_single_image image=&#8221;3362&#8243; img_size=&#8221;full&#8221; css=&#8221;.vc_custom_1602661595897{margin-top: 30px !important;}&#8221;][\/vc_column][\/vc_row][vc_row gap=&#8221;30&#8243; css=&#8221;.vc_custom_1574425949327{margin-top: 20px !important;margin-right: 0px !important;margin-left: 0px !important;padding-top: 0px !important;padding-right: 0px !important;padding-left: 0px !important;background-color: #ffdc00 !important;}&#8221;][vc_column width=&#8221;1\/3&#8243; css=&#8221;.vc_custom_1574425619311{padding-top: 0px !important;padding-right: 0px !important;padding-bottom: 0px !important;padding-left: 0px !important;}&#8221;][vc_custom_heading text=&#8221;Genau wie viele unserer &#8220;Alumni&#8220;, hat die Idee f\u00fcr Little Green House 2010 das Licht der Welt erblickt. Als ich f\u00fcr meine kleine Tochter nach einer Kita gesucht habe, sah meine Wunschliste folgendermassen aus:&#8221; font_container=&#8221;tag:h3|font_size:1.4em|text_align:center&#8221; google_fonts=&#8221;font_family:Merriweather%3A300%2C300italic%2Cregular%2Citalic%2C700%2C700italic%2C900%2C900italic|font_style:400%20italic%3A400%3Aitalic&#8221; css=&#8221;.vc_custom_1575966804783{margin-top: 20px !important;padding-top: 0px !important;padding-right: 0px !important;padding-bottom: 0px !important;padding-left: 0px !important;}&#8221;][\/vc_column][vc_column width=&#8221;2\/3&#8243; css=&#8221;.vc_custom_1574425631537{padding-top: 0px !important;padding-right: 0px !important;padding-bottom: 0px !important;padding-left: 0px !important;}&#8221;][vc_row_inner gap=&#8221;30&#8243; css=&#8221;.vc_custom_1574426250370{margin-top: 0px !important;padding-top: 0px !important;padding-right: 0px !important;padding-bottom: 0px !important;padding-left: 0px !important;}&#8221;][vc_column_inner width=&#8221;1\/2&#8243; css=&#8221;.vc_custom_1574426262575{padding-top: 0px !important;}&#8221;][vc_column_text css=&#8221;.vc_custom_1575917949541{margin-top: 0px !important;margin-bottom: 0px !important;}&#8221;]<\/p>\n<h5 style=\"text-align: center;\">Ein Ort, an dem Kinder die Welt spielerisch entdecken und an dem sie die Welt durch t\u00e4gliches Spielen im Freien erkunden.<\/h5>\n<p>[\/vc_column_text][vc_column_text css=&#8221;.vc_custom_1575918029910{margin-top: 20px !important;margin-bottom: 0px !important;}&#8221;]<\/p>\n<h5 style=\"text-align: center;\">Ein Ort, an dem Kinder und Team-Mitglieder ganz selbstverst\u00e4ndlich nachhaltig leben; ein Ort, an dem sie die Natur und Umwelt kennen und achten.<\/h5>\n<p>[\/vc_column_text][\/vc_column_inner][vc_column_inner width=&#8221;1\/2&#8243; css=&#8221;.vc_custom_1574426269955{padding-top: 0px !important;}&#8221;][vc_column_text css=&#8221;.vc_custom_1575919959324{margin-top: 0px !important;margin-bottom: 0px !important;}&#8221;]<\/p>\n<h5 style=\"text-align: center;\">Ein Ort, der das internationale Leben der Region widerspiegelt und der m\u00fchelos die Sprachen, die dort gesprochen werden, aufnimmt.<\/h5>\n<p>[\/vc_column_text][vc_column_text css=&#8221;.vc_custom_1575918116668{margin-top: 20px !important;margin-bottom: 0px !important;}&#8221;]<\/p>\n<h5 style=\"text-align: center;\">Ein Ort, an dem man die Belastung berufst\u00e4tiger Eltern versteht, und an dem M\u00fctter und V\u00e4ter auf einen verl\u00e4sslichen Partner vertrauen k\u00f6nnen.<\/h5>\n<p>[\/vc_column_text][\/vc_column_inner][\/vc_row_inner][\/vc_column][\/vc_row][vc_row gap=&#8221;30&#8243; equal_height=&#8221;yes&#8221; css=&#8221;.vc_custom_1574426358839{margin-top: 20px !important;margin-bottom: 50px !important;}&#8221;][vc_column width=&#8221;1\/3&#8243; css=&#8221;.vc_custom_1574426343786{margin-top: 0px !important;padding-top: 0px !important;}&#8221;][vc_single_image image=&#8221;2474&#8243; img_size=&#8221;full&#8221;][\/vc_column][vc_column width=&#8221;1\/3&#8243; css=&#8221;.vc_custom_1574426213707{padding-top: 20px !important;padding-right: 20px !important;padding-left: 20px !important;background-color: #7ac7c1 !important;}&#8221;][vc_column_text]<strong>Zusammen mit den p\u00e4dagogischen Leiterinnen des Little Green House haben wir die ersten Ideen zu dem soliden Programm entwickelt, das wir im Little Green House umsetzen. Seit den Anf\u00e4ngen in Gland sind Kinderkrippen in der ganzen Schweiz dazugekommen, f\u00fcr Babys von 3 Monaten bis zu Schulkindern bis 6 Jahren.<\/strong>[\/vc_column_text][\/vc_column][vc_column width=&#8221;1\/3&#8243; css=&#8221;.vc_custom_1574426352456{margin-top: 0px !important;padding-top: 0px !important;}&#8221;][vc_single_image image=&#8221;3106&#8243; img_size=&#8221;full&#8221;][\/vc_column][\/vc_row]<\/p>\n","protected":false},"excerpt":{"rendered":"<p>[vc_row css=&#8221;.vc_custom_1573219653829{margin-top: 0px !important;margin-right: 15px !important;margin-left: 15px !important;background-color: #ffdc00 !important;}&#8221;][vc_column css=&#8221;.vc_custom_1566195737301{padding-top: 0px !important;padding-bottom: 0px !important;}&#8221;][vc_column_text] Die Geschichte des Little Green House [\/vc_column_text][\/vc_column][\/vc_row][vc_row gap=&#8221;30&#8243; equal_height=&#8221;yes&#8221; css=&#8221;.vc_custom_1574423111413{margin-top: 20px !important;}&#8221;][vc_column width=&#8221;1\/3&#8243; css=&#8221;.vc_custom_1574422376574{padding-top: 0px !important;}&#8221;][vc_single_image image=&#8221;3396&#8243; img_size=&#8221;full&#8221;][\/vc_column][vc_column width=&#8221;1\/3&#8243; css=&#8221;.vc_custom_1574422034570{padding-top: 0px !important;padding-right: 20px !important;padding-left: 20px !important;background-color: #9bcc96 !important;}&#8221;][vc_column_text css=&#8221;.vc_custom_1580122645706{padding-top: 20px !important;}&#8221;][\/vc_column_text][vc_custom_heading text=&#8221;Was macht man, wenn man einfach nicht die &#8220;richtige&#8220; &hellip; <a href=\"https:\/\/www.littlegreenhouse.ch\/de\/little-green-house-geschichte\/\" title=\"Die Geschichte des Little Green House\" class=\"read-more\">Read More<\/a><\/p>\n","protected":false},"author":1,"featured_media":4063,"parent":0,"menu_order":0,"comment_status":"closed","ping_status":"closed","template":"","meta":{"_monsterinsights_skip_tracking":false,"_monsterinsights_sitenote_active":false,"_monsterinsights_sitenote_note":"","_monsterinsights_sitenote_category":0,"footnotes":""},"class_list":["post-4061","page","type-page","status-publish","has-post-thumbnail","hentry"],"yoast_head":"<!-- This site is optimized with the Yoast SEO plugin v15.1.1 - https:\/\/yoast.com\/wordpress\/plugins\/seo\/ -->\n<title>Die Geschichte des Little Green House - Little Green House<\/title>\n<meta name=\"description\" content=\"Eine Kinderkrippe, in der Kinder spielerisch die Welt entdecken, wir alle die Umwelt respektieren, unser internationales Umfeld widerspiegeln, und Eltern unterst\u00fctzen.\" \/>\n<meta name=\"robots\" content=\"index, follow, max-snippet:-1, max-image-preview:large, max-video-preview:-1\" \/>\n<link rel=\"canonical\" href=\"https:\/\/www.littlegreenhouse.ch\/de\/little-green-house-geschichte\/\" \/>\n<meta property=\"og:locale\" content=\"de_DE\" \/>\n<meta property=\"og:type\" content=\"article\" \/>\n<meta property=\"og:title\" content=\"Die Geschichte des Little Green House - Little Green House\" \/>\n<meta property=\"og:description\" content=\"Eine Kinderkrippe, in der Kinder spielerisch die Welt entdecken, wir alle die Umwelt respektieren, unser internationales Umfeld widerspiegeln, und Eltern unterst\u00fctzen.\" \/>\n<meta property=\"og:url\" content=\"https:\/\/www.littlegreenhouse.ch\/de\/little-green-house-geschichte\/\" \/>\n<meta property=\"og:site_name\" content=\"Little Green House\" \/>\n<meta property=\"article:publisher\" content=\"https:\/\/www.facebook.com\/littlegreenhouse.the.next.generation\/\" \/>\n<meta property=\"article:modified_time\" content=\"2020-10-19T06:25:05+00:00\" \/>\n<meta property=\"og:image\" content=\"https:\/\/www.littlegreenhouse.ch\/wp-content\/uploads\/2019\/11\/Barbara_Lax.jpg\" \/>\n\t<meta property=\"og:image:width\" content=\"1499\" \/>\n\t<meta property=\"og:image:height\" content=\"999\" \/>\n<meta name=\"twitter:card\" content=\"summary_large_image\" \/>\n<meta name=\"twitter:creator\" content=\"@lg_house\" \/>\n<meta name=\"twitter:site\" content=\"@lg_house\" \/>\n<script type=\"application\/ld+json\" class=\"yoast-schema-graph\">{\"@context\":\"https:\/\/schema.org\",\"@graph\":[{\"@type\":\"Organization\",\"@id\":\"https:\/\/www.littlegreenhouse.ch\/de\/#organization\",\"name\":\"Little Green House\",\"url\":\"https:\/\/www.littlegreenhouse.ch\/de\/\",\"sameAs\":[\"https:\/\/www.facebook.com\/littlegreenhouse.the.next.generation\/\",\"https:\/\/www.instagram.com\/littlegreenhouse_childcare\/\",\"https:\/\/www.linkedin.com\/company\/little-green-house\/\",\"https:\/\/www.youtube.com\/channel\/UCPQiQBtt0Hp-4Y-HWPiIjyQ\",\"https:\/\/twitter.com\/lg_house\"],\"logo\":{\"@type\":\"ImageObject\",\"@id\":\"https:\/\/www.littlegreenhouse.ch\/de\/#logo\",\"inLanguage\":\"de\",\"url\":\"https:\/\/www.littlegreenhouse.ch\/wp-content\/uploads\/2020\/01\/LGH_logo_2019.png\",\"width\":369,\"height\":283,\"caption\":\"Little Green House\"},\"image\":{\"@id\":\"https:\/\/www.littlegreenhouse.ch\/de\/#logo\"}},{\"@type\":\"WebSite\",\"@id\":\"https:\/\/www.littlegreenhouse.ch\/de\/#website\",\"url\":\"https:\/\/www.littlegreenhouse.ch\/de\/\",\"name\":\"Little Green House\",\"description\":\"Cr\\u00e8che | Childcare | Kita\",\"publisher\":{\"@id\":\"https:\/\/www.littlegreenhouse.ch\/de\/#organization\"},\"potentialAction\":[{\"@type\":\"SearchAction\",\"target\":\"https:\/\/www.littlegreenhouse.ch\/de\/?s={search_term_string}\",\"query-input\":\"required name=search_term_string\"}],\"inLanguage\":\"de\"},{\"@type\":\"ImageObject\",\"@id\":\"https:\/\/www.littlegreenhouse.ch\/de\/little-green-house-geschichte\/#primaryimage\",\"inLanguage\":\"de\",\"url\":\"https:\/\/www.littlegreenhouse.ch\/wp-content\/uploads\/2019\/11\/Barbara_Lax.jpg\",\"width\":1499,\"height\":999},{\"@type\":\"WebPage\",\"@id\":\"https:\/\/www.littlegreenhouse.ch\/de\/little-green-house-geschichte\/#webpage\",\"url\":\"https:\/\/www.littlegreenhouse.ch\/de\/little-green-house-geschichte\/\",\"name\":\"Die Geschichte des Little Green House - Little Green House\",\"isPartOf\":{\"@id\":\"https:\/\/www.littlegreenhouse.ch\/de\/#website\"},\"primaryImageOfPage\":{\"@id\":\"https:\/\/www.littlegreenhouse.ch\/de\/little-green-house-geschichte\/#primaryimage\"},\"datePublished\":\"2019-11-20T13:00:42+00:00\",\"dateModified\":\"2020-10-19T06:25:05+00:00\",\"description\":\"Eine Kinderkrippe, in der Kinder spielerisch die Welt entdecken, wir alle die Umwelt respektieren, unser internationales Umfeld widerspiegeln, und Eltern unterst\\u00fctzen.\",\"inLanguage\":\"de\",\"potentialAction\":[{\"@type\":\"ReadAction\",\"target\":[\"https:\/\/www.littlegreenhouse.ch\/de\/little-green-house-geschichte\/\"]}]}]}<\/script>\n<!-- \/ Yoast SEO plugin. -->","jetpack_sharing_enabled":true,"_links":{"self":[{"href":"https:\/\/www.littlegreenhouse.ch\/de\/wp-json\/wp\/v2\/pages\/4061","targetHints":{"allow":["GET"]}}],"collection":[{"href":"https:\/\/www.littlegreenhouse.ch\/de\/wp-json\/wp\/v2\/pages"}],"about":[{"href":"https:\/\/www.littlegreenhouse.ch\/de\/wp-json\/wp\/v2\/types\/page"}],"author":[{"embeddable":true,"href":"https:\/\/www.littlegreenhouse.ch\/de\/wp-json\/wp\/v2\/users\/1"}],"replies":[{"embeddable":true,"href":"https:\/\/www.littlegreenhouse.ch\/de\/wp-json\/wp\/v2\/comments?post=4061"}],"version-history":[{"count":0,"href":"https:\/\/www.littlegreenhouse.ch\/de\/wp-json\/wp\/v2\/pages\/4061\/revisions"}],"wp:featuredmedia":[{"embeddable":true,"href":"https:\/\/www.littlegreenhouse.ch\/de\/wp-json\/wp\/v2\/media\/4063"}],"wp:attachment":[{"href":"https:\/\/www.littlegreenhouse.ch\/de\/wp-json\/wp\/v2\/media?parent=4061"}],"curies":[{"name":"wp","href":"https:\/\/api.w.org\/{rel}","templated":true}]}}