{"id":18951,"date":"2025-05-27T07:07:44","date_gmt":"2025-05-27T05:07:44","guid":{"rendered":"https:\/\/www.littlegreenhouse.ch\/?page_id=18951"},"modified":"2026-05-04T15:37:50","modified_gmt":"2026-05-04T13:37:50","slug":"camps-de-vacances-tolochenaz","status":"publish","type":"page","link":"https:\/\/www.littlegreenhouse.ch\/fr\/camps-de-vacances-tolochenaz\/","title":{"rendered":"Camps de vacances \u00e0 Tolochenaz"},"content":{"rendered":"<p>[vc_row][vc_column css=&#8221;.vc_custom_1777385248997{margin-right: 15px !important;margin-left: 15px !important;padding-top: 0px !important;background-color: #ffdc00 !important;}&#8221; offset=&#8221;vc_hidden-xs&#8221;][vc_column_text css=&#8221;.vc_custom_1777561028719{margin-top: 50px !important;margin-bottom: 50px !important;}&#8221;]<\/p>\n<h1 class=\"soustitreh1\" style=\"text-align: center; font-size: 38px; color: #000000;\">Camps de vacances \u00e0 Tolochenaz<\/h1>\n<h1 class=\"soustitreh1\" style=\"text-align: center;\"><span style=\"color: #000000; font-size: 38px;\">destin\u00e9s aux 1P-2P<\/span><\/h1>\n<p>[\/vc_column_text][\/vc_column][\/vc_row][vc_row gap=&#8221;20&#8243; css=&#8221;.vc_custom_1747820273101{margin-top: 30px !important;margin-right: 30px !important;}&#8221;][vc_column width=&#8221;1\/2&#8243; css=&#8221;.vc_custom_1777385496577{margin-right: 15px !important;margin-left: 15px !important;padding-top: 0px !important;padding-right: 20px !important;padding-bottom: 30px !important;padding-left: 20px !important;border-radius: 20px !important;}&#8221; offset=&#8221;vc_hidden-xs&#8221;][vc_single_image image=&#8221;18856&#8243; img_size=&#8221;full&#8221; css=&#8221;.vc_custom_1777379835795{border-radius: 20px !important;}&#8221;][\/vc_column][vc_column width=&#8221;1\/2&#8243; offset=&#8221;vc_hidden-xs&#8221;][vc_column_text css=&#8221;.vc_custom_1777388356400{padding-bottom: 20px !important;}&#8221;]<\/p>\n<h2 style=\"font-family: 'TuttiFruttiRegular'; color: #009cde; font-size: 25px; line-height: 25px;\">Cet \u00e9t\u00e9, embarque avec nous pour l&#8217;aventure !<\/h2>\n<p>[\/vc_column_text][vc_column_text]<\/p>\n<p style=\"display: flex; align-items: center; font-size: 17px; line-height: 35px;\"><img loading=\"lazy\" decoding=\"async\" class=\"alignnone wp-image-20303\" src=\"https:\/\/www.littlegreenhouse.ch\/wp-content\/uploads\/2025\/07\/1.png\" alt=\"\" width=\"25\" height=\"25\" \/>\u00a0 Route de Lully 5, 1131 Tolochenaz<\/p>\n<p style=\"display: flex; align-items: center; font-size: 17px; line-height: 17px;\"><img loading=\"lazy\" decoding=\"async\" class=\"alignnone wp-image-25194 \" src=\"https:\/\/www.littlegreenhouse.ch\/wp-content\/uploads\/2026\/04\/Pictos-web-01-1.jpg\" alt=\"\" width=\"26\" height=\"26\" \/> \u00a0 Du 29 juin au 14 ao\u00fbt 2026<\/p>\n<p class=\"alignnone wp-image-20306\" style=\"display: flex; align-items: center; font-size: 17px; line-height: 35px;\"><img loading=\"lazy\" decoding=\"async\" class=\"alignnone wp-image-20306\" src=\"https:\/\/www.littlegreenhouse.ch\/wp-content\/uploads\/2025\/07\/2.png\" alt=\"\" width=\"27\" height=\"27\" \/>\u00a0 Du lundi au vendredi : 8:00 &#8211; 17:30<\/p>\n<p style=\"display: flex; align-items: center; font-size: 17px; line-height: 17px;\"><img loading=\"lazy\" decoding=\"async\" class=\"alignnone wp-image-25197 \" src=\"https:\/\/www.littlegreenhouse.ch\/wp-content\/uploads\/2026\/04\/Pictos-web-02-1.jpg\" alt=\"\" width=\"28\" height=\"28\" \/> \u00a0 Tarif 5 jours du lundi au vendredi : 600 CHF<\/p>\n<p style=\"display: flex; align-items: center; font-size: 17px; line-height: 17px;\">\u00a0 \u00a0 \u00a0 \u00a0 \u00a0(Hors frais d\u2019inscription | Repas et collations inclus)<\/p>\n<p style=\"display: flex; align-items: center; font-size: 17px; line-height: 25px;\">\u00a0 \u00a0 \u00a0 \u00a0 \u00a0Inscription minimum 2 jours\/semaine (tarif calcul\u00e9 au prorata)<\/p>\n<p class=\"alignnone wp-image-20306\" style=\"display: flex; align-items: center; font-size: 17px; line-height: 35px;\"><img loading=\"lazy\" decoding=\"async\" class=\"alignnone wp-image-20312\" src=\"https:\/\/www.littlegreenhouse.ch\/wp-content\/uploads\/2025\/07\/Icone-smartphone.png\" alt=\"\" width=\"25\" height=\"25\" \/>\u00a0 T\u00e9l\u00e9phone :\u00a0<a href=\"tel:0218009339\">T +41(0)21 800 93 39<\/a><\/p>\n<p style=\"display: flex; align-items: center; font-size: 17px; line-height: 35px;\"><img loading=\"lazy\" decoding=\"async\" class=\"alignnone wp-image-20309\" src=\"https:\/\/www.littlegreenhouse.ch\/wp-content\/uploads\/2025\/07\/Icone-e-mail.png\" alt=\"\" width=\"25\" height=\"25\" \/> \u00a0 E-mail :\u00a0<a class=\"mail\" href=\"mailto:tolochenaz@littlegreenhouse.ch\">tolochenaz@littlegreenhouse.ch<\/a><\/p>\n<p>[\/vc_column_text][vc_btn title=&#8221;INSCRIPTION*&#8221; style=&#8221;custom&#8221; custom_background=&#8221;#009cde&#8221; custom_text=&#8221;#ffdc00&#8243; shape=&#8221;round&#8221; align=&#8221;left&#8221; css=&#8221;.vc_custom_1777387548699{padding-top: 20px !important;}&#8221; link=&#8221;url:https%3A%2F%2Fnemcockpitlittlegreenhouse.nemborn.com%2FFrontend%2FadmissionProcess||target:%20_blank|&#8221;][vc_column_text]*<span data-olk-copy-source=\"MessageBody\">Lors de l&#8217;inscription mentionnez les dates souhait\u00e9es dans la section &#8220;Note&#8221;.<\/span>[\/vc_column_text][\/vc_column][\/vc_row][vc_row full_width=&#8221;stretch_row_content&#8221;][vc_column css=&#8221;.vc_custom_1777385834672{background-color: #ffdc00 !important;}&#8221; offset=&#8221;vc_hidden-lg vc_hidden-md vc_hidden-sm&#8221;][vc_column_text css=&#8221;.vc_custom_1777561045228{margin-top: 10px !important;margin-right: 10px !important;margin-bottom: 30px !important;margin-left: 10px !important;}&#8221;]<\/p>\n<h1 class=\"soustitreh1\" style=\"text-align: center; font-size: 15px; color: #000000; line-height: 20px;\">Camps de vacances<\/h1>\n<h1 class=\"soustitreh1\" style=\"text-align: center; font-size: 15px; color: #000000; line-height: 20px;\">\u00e0 Tolochenaz<\/h1>\n<h1 class=\"soustitreh1\" style=\"text-align: center; font-size: 15px; color: #000000; line-height: 20px;\">destin\u00e9s aux 1P-2P<\/h1>\n<p>[\/vc_column_text][\/vc_column][\/vc_row][vc_row gap=&#8221;5&#8243; css=&#8221;.vc_custom_1777386065936{margin-top: 30px !important;}&#8221;][vc_column offset=&#8221;vc_hidden-lg vc_hidden-md vc_hidden-sm&#8221;][vc_single_image image=&#8221;18856&#8243; img_size=&#8221;full&#8221; css=&#8221;.vc_custom_1777379835795{border-radius: 20px !important;}&#8221;][vc_column_text css=&#8221;.vc_custom_1777385737066{padding-top: 20px !important;padding-bottom: 20px !important;}&#8221;]<\/p>\n<h2 style=\"font-family: 'TuttiFruttiRegular'; color: #009cde;\">Cet \u00e9t\u00e9, embarque avec nous pour l&#8217;aventure !<\/h2>\n<p>[\/vc_column_text][vc_column_text]<\/p>\n<p style=\"display: flex; align-items: center; font-size: 15px; line-height: 20px;\"><img loading=\"lazy\" decoding=\"async\" class=\"alignnone wp-image-20303\" src=\"https:\/\/www.littlegreenhouse.ch\/wp-content\/uploads\/2025\/07\/1.png\" alt=\"\" width=\"20\" height=\"20\" \/>\u00a0 Route de Lully 5,<\/p>\n<p style=\"display: flex; align-items: center; font-size: 15px; line-height: 20px;\">\u00a0 \u00a0 \u00a0 \u00a0 1131 Tolochenaz<\/p>\n<p style=\"display: flex; align-items: center; font-size: 15px; line-height: 25px;\"><img loading=\"lazy\" decoding=\"async\" class=\"alignnone wp-image-25194 \" src=\"https:\/\/www.littlegreenhouse.ch\/wp-content\/uploads\/2026\/04\/Pictos-web-01-1.jpg\" alt=\"\" width=\"20\" height=\"20\" \/>\u00a0 \u00a0Du 29 juin au 14 ao\u00fbt 2026<\/p>\n<p class=\"alignnone wp-image-20306\" style=\"display: flex; align-items: center; font-size: 15px; line-height: 25px;\"><img loading=\"lazy\" decoding=\"async\" class=\"alignnone wp-image-20306\" src=\"https:\/\/www.littlegreenhouse.ch\/wp-content\/uploads\/2025\/07\/2.png\" alt=\"\" width=\"20\" height=\"20\" \/>\u00a0 \u00a0Du lundi au vendredi : 8:00 &#8211; 17:30<\/p>\n<p style=\"display: flex; align-items: center; font-size: 15px; line-height: 25px;\"><img loading=\"lazy\" decoding=\"async\" class=\"alignnone wp-image-25197 \" src=\"https:\/\/www.littlegreenhouse.ch\/wp-content\/uploads\/2026\/04\/Pictos-web-02-1.jpg\" alt=\"\" width=\"20\" height=\"20\" \/> \u00a0 Tarif 5 jours du lundi au vendredi : 600 CHF<\/p>\n<p style=\"display: flex; align-items: center; font-size: 15px; line-height: 25px;\">\u00a0 \u00a0 \u00a0 \u00a0 \u2022 Hors frais d\u2019inscription<\/p>\n<p style=\"display: flex; align-items: center; font-size: 15px; line-height: 25px;\">\u00a0 \u00a0 \u00a0 \u00a0 \u2022 Repas et collations inclus<\/p>\n<p style=\"display: flex; align-items: center; font-size: 15px; line-height: 25px;\">\u00a0 \u00a0 \u00a0 \u00a0 \u2022\u00a0Inscription minimum 2 jours\/semaine<\/p>\n<p style=\"display: flex; align-items: center; font-size: 15px; line-height: 25px;\">\u00a0 \u00a0 \u00a0 \u00a0 \u00a0 (tarif calcul\u00e9 au prorata)<\/p>\n<p class=\"alignnone wp-image-20306\" style=\"display: flex; align-items: center; font-size: 15px; line-height: 25px;\"><img loading=\"lazy\" decoding=\"async\" class=\"alignnone wp-image-20312\" src=\"https:\/\/www.littlegreenhouse.ch\/wp-content\/uploads\/2025\/07\/Icone-smartphone.png\" alt=\"\" width=\"20\" height=\"20\" \/>\u00a0 T\u00e9l\u00e9phone :\u00a0<a href=\"tel:0218009339\">T +41(0)21 800 93 39<\/a><\/p>\n<p style=\"display: flex; align-items: center; font-size: 15px; line-height: 25px;\"><img loading=\"lazy\" decoding=\"async\" class=\"alignnone wp-image-20309\" src=\"https:\/\/www.littlegreenhouse.ch\/wp-content\/uploads\/2025\/07\/Icone-e-mail.png\" alt=\"\" width=\"20\" height=\"20\" \/> \u00a0 E-mail :<\/p>\n<p style=\"display: flex; align-items: center; font-size: 15px; line-height: 25px;\">\u00a0 \u00a0 \u00a0 \u00a0 <a class=\"mail\" href=\"mailto:tolochenaz@littlegreenhouse.ch\">tolochenaz@littlegreenhouse.ch<\/a><\/p>\n<p>[\/vc_column_text][vc_btn title=&#8221;INSCRIPTION*&#8221; style=&#8221;custom&#8221; custom_background=&#8221;#009cde&#8221; custom_text=&#8221;#ffdc00&#8243; shape=&#8221;round&#8221; align=&#8221;left&#8221; css=&#8221;.vc_custom_1777384953814{padding-top: 20px !important;}&#8221; link=&#8221;url:https%3A%2F%2Fnemcockpitlittlegreenhouse.nemborn.com%2FFrontend%2FadmissionProcess||target:%20_blank|&#8221; el_class=&#8221;InscriptionCTA&#8221;][vc_column_text]*<span data-olk-copy-source=\"MessageBody\">Lors de l&#8217;inscription mentionnez les dates souhait\u00e9es dans la section &#8220;Note&#8221;.<\/span>[\/vc_column_text][\/vc_column][\/vc_row][vc_row gap=&#8221;5&#8243; css=&#8221;.vc_custom_1777387212735{margin-top: 50px !important;margin-bottom: 50px !important;}&#8221;][vc_column][vc_column_text]<\/p>\n<p style=\"text-align: center; font-family: 'TuttiFruttiRegular';\"><span style=\"font-size: 32px; line-height: 38px;\">PROGRAMME DU CAMP D&#8217;\u00c9T\u00c9 2026<\/span><\/p>\n<p>[\/vc_column_text][\/vc_column][\/vc_row][vc_row gap=&#8221;15&#8243; equal_height=&#8221;yes&#8221; css=&#8221;.vc_custom_1777899553100{margin-top: 30px !important;margin-bottom: 30px !important;}&#8221;][vc_column width=&#8221;1\/4&#8243;][vc_single_image image=&#8221;25440&#8243; img_size=&#8221;medium&#8221; alignment=&#8221;center&#8221;][vc_column_text]<\/p>\n<div class=\"space20 \"><\/div>\n<p>[\/vc_column_text][vc_column_text]<\/p>\n<h2><span style=\"color: #34a1a1;\"><span style=\"font-size: 18px;\">Voyage au temps des dinosaures<\/span> <\/span><\/h2>\n<h3>Du 29 juin au 03 juillet 2026<\/h3>\n<p>Remonte le temps \u00e0 l\u2019\u00e9poque des g\u00e9ants ! Les enfants partent sur les traces des dinosaures \u00e0 travers jeux, d\u00e9couvertes et aventures pr\u00e9historiques dignes des plus grands explorateurs.[\/vc_column_text][\/vc_column][vc_column width=&#8221;1\/4&#8243;][vc_single_image image=&#8221;25384&#8243; img_size=&#8221;medium&#8221; alignment=&#8221;center&#8221;][vc_column_text]<\/p>\n<div class=\"space20 \"><\/div>\n<p>[\/vc_column_text][vc_column_text]<\/p>\n<h2><span style=\"color: #80ba27; font-size: 18px;\">Les aventuriers de la for\u00eat<\/span><\/h2>\n<h3>Du 06 juillet au 10 juillet 2026<\/h3>\n<p>Put on your explorer\u2019s boots and head deep into the forest! Nature spotting, outdoor games and secret missions await adventurers ready to unravel the mysteries of the wild.[\/vc_column_text][\/vc_column][vc_column width=&#8221;1\/4&#8243;][vc_single_image image=&#8221;25449&#8243; img_size=&#8221;medium&#8221; alignment=&#8221;center&#8221;][vc_column_text]<\/p>\n<div class=\"space20 \"><\/div>\n<p>[\/vc_column_text][vc_column_text]<\/p>\n<h2><span style=\"color: #f28941; font-size: 18px;\">Les mini-h\u00e9ros du quotidien<\/span><\/h2>\n<h3>Du 13 au 17 juillet<\/h3>\n<p>Chaque enfant a un super-pouvoir ! Entraide, courage et imagination rythment cette semaine o\u00f9 les mini-h\u00e9ros d\u00e9couvrent qu\u2019on peut changer le monde par de petits gestes.[\/vc_column_text][\/vc_column][vc_column width=&#8221;1\/4&#8243;][vc_single_image image=&#8221;25201&#8243; img_size=&#8221;medium&#8221; alignment=&#8221;center&#8221;][vc_column_text]<\/p>\n<div class=\"space20 \"><\/div>\n<p>[\/vc_column_text][vc_column_text]<\/p>\n<h2><span style=\"color: #ffdc00;\"><span style=\"font-size: 18px;\">Voyage autour du monde<\/span> <\/span><\/h2>\n<h3>Du 20 au 24 juillet 2026<\/h3>\n<p>Pr\u00e9pare ton passeport ! Chaque jour est une nouvelle escale pour d\u00e9couvrir cultures, traditions et merveilles venues des quatre coins du monde. Un grand voyage sans quitter le camp.[\/vc_column_text][\/vc_column][\/vc_row][vc_row gap=&#8221;15&#8243; equal_height=&#8221;yes&#8221; css=&#8221;.vc_custom_1777899546047{margin-top: 30px !important;margin-bottom: 30px !important;}&#8221;][vc_column width=&#8221;1\/3&#8243;][vc_single_image image=&#8221;25443&#8243; img_size=&#8221;medium&#8221; alignment=&#8221;center&#8221;][vc_column_text]<\/p>\n<div class=\"space20 \"><\/div>\n<p>[\/vc_column_text][vc_column_text]<\/p>\n<h2><span style=\"color: #7c6eb0;\"><span style=\"font-size: 18px;\">L\u2019acad\u00e9mie des petits magiciens<\/span> <\/span><\/h2>\n<h3>Du 27 au 31 juillet 2026<\/h3>\n<p>Bienvenue \u00e0 l\u2019\u00e9cole de magie ! Sortil\u00e8ges, myst\u00e8res et d\u00e9fis enchant\u00e9s plongent les enfants dans un univers f\u00e9erique o\u00f9 l\u2019imaginaire prend le pouvoir.[\/vc_column_text][\/vc_column][vc_column width=&#8221;1\/3&#8243;][vc_single_image image=&#8221;25452&#8243; img_size=&#8221;medium&#8221; alignment=&#8221;center&#8221;][vc_column_text]<\/p>\n<div class=\"space20 \"><\/div>\n<p>[\/vc_column_text][vc_column_text]<\/p>\n<h2><span style=\"color: #009cde;\"><span style=\"font-size: 18px;\">\u00c0 la d\u00e9couverte du monde sous-marin<\/span> <\/span><\/h2>\n<h3>Du 03 au 07 ao\u00fbt 2026<\/h3>\n<p>Plonge dans les profondeurs oc\u00e9aniques ! Poissons color\u00e9s, cr\u00e9atures surprenantes et secrets des oc\u00e9ans attendent les explorateurs des mers.[\/vc_column_text][\/vc_column][vc_column width=&#8221;1\/3&#8243;][vc_single_image image=&#8221;25446&#8243; img_size=&#8221;medium&#8221; alignment=&#8221;center&#8221;][vc_column_text]<\/p>\n<div class=\"space20 \"><\/div>\n<p>[\/vc_column_text][vc_column_text]<\/p>\n<h2><span style=\"color: #2a337e; font-size: 18px;\">Les pirates \u00e0 l\u2019honneur<\/span><\/h2>\n<h3>Du 10 au 14 ao\u00fbt 2026<\/h3>\n<p>\u00c0 l\u2019abordage ! Cartes au tr\u00e9sor, \u00e9preuves de pirates et aventures en haute mer promettent une semaine pleine d\u2019action pour les corsaires en herbe.[\/vc_column_text][\/vc_column][\/vc_row]<\/p>\n","protected":false},"excerpt":{"rendered":"<p>[vc_row][vc_column css=&#8221;.vc_custom_1777385248997{margin-right: 15px !important;margin-left: 15px !important;padding-top: 0px !important;background-color: #ffdc00 !important;}&#8221; offset=&#8221;vc_hidden-xs&#8221;][vc_column_text css=&#8221;.vc_custom_1777561028719{margin-top: 50px !important;margin-bottom: 50px !important;}&#8221;] Camps de vacances \u00e0 Tolochenaz destin\u00e9s aux 1P-2P [\/vc_column_text][\/vc_column][\/vc_row][vc_row gap=&#8221;20&#8243; css=&#8221;.vc_custom_1747820273101{margin-top: 30px !important;margin-right: 30px !important;}&#8221;][vc_column width=&#8221;1\/2&#8243; css=&#8221;.vc_custom_1777385496577{margin-right: 15px !important;margin-left: 15px !important;padding-top: 0px !important;padding-right: 20px !important;padding-bottom: 30px !important;padding-left: 20px !important;border-radius: 20px !important;}&#8221; offset=&#8221;vc_hidden-xs&#8221;][vc_single_image image=&#8221;18856&#8243; img_size=&#8221;full&#8221; css=&#8221;.vc_custom_1777379835795{border-radius: 20px !important;}&#8221;][\/vc_column][vc_column width=&#8221;1\/2&#8243; offset=&#8221;vc_hidden-xs&#8221;][vc_column_text &hellip; <a href=\"https:\/\/www.littlegreenhouse.ch\/fr\/camps-de-vacances-tolochenaz\/\" title=\"Camps de vacances \u00e0 Tolochenaz\" class=\"read-more\">Read More<\/a><\/p>\n","protected":false},"author":1,"featured_media":18856,"parent":0,"menu_order":0,"comment_status":"closed","ping_status":"closed","template":"","meta":{"_monsterinsights_skip_tracking":false,"_monsterinsights_sitenote_active":false,"_monsterinsights_sitenote_note":"","_monsterinsights_sitenote_category":0,"footnotes":""},"class_list":["post-18951","page","type-page","status-publish","has-post-thumbnail","hentry"],"yoast_head":"<!-- This site is optimized with the Yoast SEO plugin v15.1.1 - https:\/\/yoast.com\/wordpress\/plugins\/seo\/ -->\n<title>Camps de vacances \u00e0 Tolochenaz - Little Green House<\/title>\n<meta name=\"robots\" content=\"index, follow, max-snippet:-1, max-image-preview:large, max-video-preview:-1\" \/>\n<link rel=\"canonical\" href=\"https:\/\/www.littlegreenhouse.ch\/fr\/camps-de-vacances-tolochenaz\/\" \/>\n<meta property=\"og:locale\" content=\"fr_FR\" \/>\n<meta property=\"og:type\" content=\"article\" \/>\n<meta property=\"og:title\" content=\"Camps de vacances \u00e0 Tolochenaz - Little Green House\" \/>\n<meta property=\"og:description\" content=\"[vc_row][vc_column css=&#8221;.vc_custom_1777385248997{margin-right: 15px !important;margin-left: 15px !important;padding-top: 0px !important;background-color: #ffdc00 !important;}&#8221; offset=&#8221;vc_hidden-xs&#8221;][vc_column_text css=&#8221;.vc_custom_1777561028719{margin-top: 50px !important;margin-bottom: 50px !important;}&#8221;] Camps de vacances \u00e0 Tolochenaz destin\u00e9s aux 1P-2P [\/vc_column_text][\/vc_column][\/vc_row][vc_row gap=&#8221;20&#8243; css=&#8221;.vc_custom_1747820273101{margin-top: 30px !important;margin-right: 30px !important;}&#8221;][vc_column width=&#8221;1\/2&#8243; css=&#8221;.vc_custom_1777385496577{margin-right: 15px !important;margin-left: 15px !important;padding-top: 0px !important;padding-right: 20px !important;padding-bottom: 30px !important;padding-left: 20px !important;border-radius: 20px !important;}&#8221; offset=&#8221;vc_hidden-xs&#8221;][vc_single_image image=&#8221;18856&#8243; img_size=&#8221;full&#8221; css=&#8221;.vc_custom_1777379835795{border-radius: 20px !important;}&#8221;][\/vc_column][vc_column width=&#8221;1\/2&#8243; offset=&#8221;vc_hidden-xs&#8221;][vc_column_text [&hellip;]\" \/>\n<meta property=\"og:url\" content=\"https:\/\/www.littlegreenhouse.ch\/fr\/camps-de-vacances-tolochenaz\/\" \/>\n<meta property=\"og:site_name\" content=\"Little Green House\" \/>\n<meta property=\"article:publisher\" content=\"https:\/\/www.facebook.com\/littlegreenhouse.the.next.generation\/\" \/>\n<meta property=\"article:modified_time\" content=\"2026-05-04T13:37:50+00:00\" \/>\n<meta property=\"og:image\" content=\"https:\/\/www.littlegreenhouse.ch\/wp-content\/uploads\/2025\/05\/camps_de_vacances_Little_Green_House-1.jpg\" \/>\n\t<meta property=\"og:image:width\" content=\"1660\" \/>\n\t<meta property=\"og:image:height\" content=\"1334\" \/>\n<meta name=\"twitter:card\" content=\"summary_large_image\" \/>\n<meta name=\"twitter:creator\" content=\"@lg_house\" \/>\n<meta name=\"twitter:site\" content=\"@lg_house\" \/>\n<script type=\"application\/ld+json\" class=\"yoast-schema-graph\">{\"@context\":\"https:\/\/schema.org\",\"@graph\":[{\"@type\":\"Organization\",\"@id\":\"https:\/\/www.littlegreenhouse.ch\/fr\/#organization\",\"name\":\"Little Green House\",\"url\":\"https:\/\/www.littlegreenhouse.ch\/fr\/\",\"sameAs\":[\"https:\/\/www.facebook.com\/littlegreenhouse.the.next.generation\/\",\"https:\/\/www.instagram.com\/littlegreenhouse_childcare\/\",\"https:\/\/www.linkedin.com\/company\/little-green-house\/\",\"https:\/\/www.youtube.com\/channel\/UCPQiQBtt0Hp-4Y-HWPiIjyQ\",\"https:\/\/twitter.com\/lg_house\"],\"logo\":{\"@type\":\"ImageObject\",\"@id\":\"https:\/\/www.littlegreenhouse.ch\/fr\/#logo\",\"inLanguage\":\"fr-FR\",\"url\":\"https:\/\/www.littlegreenhouse.ch\/wp-content\/uploads\/2020\/01\/LGH_logo_2019.png\",\"width\":369,\"height\":283,\"caption\":\"Little Green House\"},\"image\":{\"@id\":\"https:\/\/www.littlegreenhouse.ch\/fr\/#logo\"}},{\"@type\":\"WebSite\",\"@id\":\"https:\/\/www.littlegreenhouse.ch\/fr\/#website\",\"url\":\"https:\/\/www.littlegreenhouse.ch\/fr\/\",\"name\":\"Little Green House\",\"description\":\"Cr\\u00e8che | Childcare | Kita\",\"publisher\":{\"@id\":\"https:\/\/www.littlegreenhouse.ch\/fr\/#organization\"},\"potentialAction\":[{\"@type\":\"SearchAction\",\"target\":\"https:\/\/www.littlegreenhouse.ch\/fr\/?s={search_term_string}\",\"query-input\":\"required name=search_term_string\"}],\"inLanguage\":\"fr-FR\"},{\"@type\":\"ImageObject\",\"@id\":\"https:\/\/www.littlegreenhouse.ch\/fr\/camps-de-vacances-tolochenaz\/#primaryimage\",\"inLanguage\":\"fr-FR\",\"url\":\"https:\/\/www.littlegreenhouse.ch\/wp-content\/uploads\/2025\/05\/camps_de_vacances_Little_Green_House-1.jpg\",\"width\":1660,\"height\":1334,\"caption\":\"Vacances d'\\u00e9t\\u00e9 2026 \\u00e0 Gland, Morges et Lausanne\"},{\"@type\":\"WebPage\",\"@id\":\"https:\/\/www.littlegreenhouse.ch\/fr\/camps-de-vacances-tolochenaz\/#webpage\",\"url\":\"https:\/\/www.littlegreenhouse.ch\/fr\/camps-de-vacances-tolochenaz\/\",\"name\":\"Camps de vacances \\u00e0 Tolochenaz - Little Green House\",\"isPartOf\":{\"@id\":\"https:\/\/www.littlegreenhouse.ch\/fr\/#website\"},\"primaryImageOfPage\":{\"@id\":\"https:\/\/www.littlegreenhouse.ch\/fr\/camps-de-vacances-tolochenaz\/#primaryimage\"},\"datePublished\":\"2025-05-27T05:07:44+00:00\",\"dateModified\":\"2026-05-04T13:37:50+00:00\",\"inLanguage\":\"fr-FR\",\"potentialAction\":[{\"@type\":\"ReadAction\",\"target\":[\"https:\/\/www.littlegreenhouse.ch\/fr\/camps-de-vacances-tolochenaz\/\"]}]}]}<\/script>\n<!-- \/ Yoast SEO plugin. -->","jetpack_sharing_enabled":true,"_links":{"self":[{"href":"https:\/\/www.littlegreenhouse.ch\/fr\/wp-json\/wp\/v2\/pages\/18951","targetHints":{"allow":["GET"]}}],"collection":[{"href":"https:\/\/www.littlegreenhouse.ch\/fr\/wp-json\/wp\/v2\/pages"}],"about":[{"href":"https:\/\/www.littlegreenhouse.ch\/fr\/wp-json\/wp\/v2\/types\/page"}],"author":[{"embeddable":true,"href":"https:\/\/www.littlegreenhouse.ch\/fr\/wp-json\/wp\/v2\/users\/1"}],"replies":[{"embeddable":true,"href":"https:\/\/www.littlegreenhouse.ch\/fr\/wp-json\/wp\/v2\/comments?post=18951"}],"version-history":[{"count":12,"href":"https:\/\/www.littlegreenhouse.ch\/fr\/wp-json\/wp\/v2\/pages\/18951\/revisions"}],"predecessor-version":[{"id":25373,"href":"https:\/\/www.littlegreenhouse.ch\/fr\/wp-json\/wp\/v2\/pages\/18951\/revisions\/25373"}],"wp:featuredmedia":[{"embeddable":true,"href":"https:\/\/www.littlegreenhouse.ch\/fr\/wp-json\/wp\/v2\/media\/18856"}],"wp:attachment":[{"href":"https:\/\/www.littlegreenhouse.ch\/fr\/wp-json\/wp\/v2\/media?parent=18951"}],"curies":[{"name":"wp","href":"https:\/\/api.w.org\/{rel}","templated":true}]}}