{"id":4000,"date":"2019-08-23T07:23:07","date_gmt":"2019-08-23T05:23:07","guid":{"rendered":"http:\/\/littlegreenhouse.ch\/NEW\/woods-wellbeing\/"},"modified":"2024-12-10T10:12:21","modified_gmt":"2024-12-10T09:12:21","slug":"notre-concept-nature-et-bien-etre","status":"publish","type":"page","link":"https:\/\/www.littlegreenhouse.ch\/fr\/notre-concept-nature-et-bien-etre\/","title":{"rendered":"Nature &#038; Bien-\u00eatre"},"content":{"rendered":"<p>[vc_row css=&#8221;.vc_custom_1573219476516{margin-top: 0px !important;margin-right: 15px !important;margin-left: 15px !important;background-color: #ffdc00 !important;}&#8221;][vc_column css=&#8221;.vc_custom_1566195737301{padding-top: 0px !important;padding-bottom: 0px !important;}&#8221;][vc_column_text]<\/p>\n<h1 class=\"soustitreh1\"><span style=\"color: #000000;\">Nature &amp; Bien-\u00eatre<\/span><\/h1>\n<p>[\/vc_column_text][\/vc_column][\/vc_row][vc_row gap=&#8221;30&#8243; equal_height=&#8221;yes&#8221; content_placement=&#8221;top&#8221; css=&#8221;.vc_custom_1567407678554{margin-top: 20px !important;margin-right: 1px !important;margin-left: 1px !important;}&#8221;][vc_column width=&#8221;2\/3&#8243; css=&#8221;.vc_custom_1560319784025{margin-top: 0px !important;margin-right: 0px !important;margin-bottom: 0px !important;margin-left: 0px !important;border-top-width: 0px !important;border-right-width: 0px !important;border-bottom-width: 0px !important;border-left-width: 0px !important;padding-top: 0px !important;padding-right: 0px !important;padding-bottom: 0px !important;padding-left: 0px !important;}&#8221;][vc_gallery interval=&#8221;5&#8243; images=&#8221;2324,2328,2325,2327,2331,2326,2329,2597,2292,2300,7664,7667,7670&#8243; img_size=&#8221;full&#8221; css=&#8221;.vc_custom_1598025544682{margin-top: 0px !important;margin-right: 0px !important;margin-bottom: 0px !important;margin-left: 0px !important;border-top-width: 0px !important;border-right-width: 0px !important;border-bottom-width: 0px !important;border-left-width: 0px !important;padding-top: 0px !important;padding-right: 0px !important;padding-bottom: 0px !important;padding-left: 0px !important;}&#8221;][\/vc_column][vc_column width=&#8221;1\/3&#8243; css=&#8221;.vc_custom_1567768911738{padding-top: 30px !important;padding-right: 30px !important;padding-bottom: 0px !important;padding-left: 30px !important;background-color: #ee6f55 !important;}&#8221;][vc_column_text]<img loading=\"lazy\" decoding=\"async\" class=\"aligncenter size-full wp-image-4400\" src=\"https:\/\/littlegreenhouse.ch\/wp-content\/uploads\/2019\/12\/pirates_3_FR.png\" alt=\"\" width=\"1200\" height=\"831\" srcset=\"https:\/\/www.littlegreenhouse.ch\/wp-content\/uploads\/2019\/12\/pirates_3_FR.png 1200w, https:\/\/www.littlegreenhouse.ch\/wp-content\/uploads\/2019\/12\/pirates_3_FR-300x208.png 300w, https:\/\/www.littlegreenhouse.ch\/wp-content\/uploads\/2019\/12\/pirates_3_FR-768x532.png 768w, https:\/\/www.littlegreenhouse.ch\/wp-content\/uploads\/2019\/12\/pirates_3_FR-1024x709.png 1024w\" sizes=\"auto, (max-width: 1200px) 100vw, 1200px\" \/><\/p>\n<h3 style=\"text-align: center;\"><strong>Nous n&#8217;avons pas peur du mauvais temps.<br \/>\n<\/strong><strong> <span style=\"color: #ffffff;\">Tous dehors.<\/span><\/strong><\/h3>\n<p style=\"text-align: center;\">Il s&#8217;agit d&#8217;explorer notre environnement, les bois et les prairies; de cr\u00e9er nos propres petits jardins, de d\u00e9sherber et de r\u00e9colter. Il s&#8217;agit de conna\u00eetre les saisons et de traiter la nature avec respect et soin.<\/p>\n<p>[\/vc_column_text][\/vc_column][\/vc_row][vc_row equal_height=&#8221;yes&#8221; content_placement=&#8221;top&#8221; css=&#8221;.vc_custom_1580119731464{margin-top: 20px !important;margin-right: 15px !important;margin-bottom: 20px !important;margin-left: 15px !important;padding-right: 20px !important;padding-left: 20px !important;background-image: url(https:\/\/www.littlegreenhouse.ch\/wp-content\/uploads\/2019\/08\/Back_concept_Green-4-1.png?id=4029) !important;background-position: center !important;background-repeat: no-repeat !important;background-size: cover !important;}&#8221;][vc_column css=&#8221;.vc_custom_1566539474319{border-top-width: 0px !important;border-right-width: 0px !important;border-bottom-width: 0px !important;border-left-width: 0px !important;padding-top: 0px !important;padding-right: 0px !important;padding-bottom: 0px !important;padding-left: 0px !important;background-position: center !important;background-repeat: no-repeat !important;background-size: cover !important;border-left-color: #ffffff !important;border-left-style: solid !important;border-right-color: #ffffff !important;border-right-style: solid !important;border-top-color: #ffffff !important;border-top-style: solid !important;border-bottom-color: #ffffff !important;border-bottom-style: solid !important;}&#8221;][vc_row_inner gap=&#8221;20&#8243; css=&#8221;.vc_custom_1567766818458{padding-top: 20px !important;padding-right: 20px !important;padding-bottom: 20px !important;padding-left: 20px !important;}&#8221;][vc_column_inner width=&#8221;1\/4&#8243;][vc_column_text]<\/p>\n<p><img loading=\"lazy\" decoding=\"async\" class=\"aligncenter size-full wp-image-4397\" src=\"https:\/\/littlegreenhouse.ch\/wp-content\/uploads\/2019\/12\/Bonheur.png\" alt=\"\" width=\"600\" height=\"600\" srcset=\"https:\/\/www.littlegreenhouse.ch\/wp-content\/uploads\/2019\/12\/Bonheur.png 600w, https:\/\/www.littlegreenhouse.ch\/wp-content\/uploads\/2019\/12\/Bonheur-150x150.png 150w, https:\/\/www.littlegreenhouse.ch\/wp-content\/uploads\/2019\/12\/Bonheur-300x300.png 300w\" sizes=\"auto, (max-width: 600px) 100vw, 600px\" \/><\/p>\n<p>[\/vc_column_text][\/vc_column_inner][vc_column_inner width=&#8221;1\/4&#8243;][vc_single_image image=&#8221;4391&#8243; img_size=&#8221;full&#8221; alignment=&#8221;center&#8221; css_animation=&#8221;slideInDown&#8221;][\/vc_column_inner][vc_column_inner width=&#8221;1\/4&#8243;][vc_single_image image=&#8221;4394&#8243; img_size=&#8221;full&#8221; alignment=&#8221;center&#8221; css_animation=&#8221;slideInDown&#8221;][\/vc_column_inner][vc_column_inner width=&#8221;1\/4&#8243;][vc_single_image image=&#8221;4388&#8243; img_size=&#8221;full&#8221; alignment=&#8221;center&#8221; css_animation=&#8221;slideInDown&#8221;][\/vc_column_inner][\/vc_row_inner][\/vc_column][\/vc_row][vc_row gap=&#8221;30&#8243; equal_height=&#8221;yes&#8221; content_placement=&#8221;top&#8221; css=&#8221;.vc_custom_1568052180977{margin-top: 10px !important;margin-right: 1px !important;margin-bottom: 50px !important;margin-left: 1px !important;}&#8221;][vc_column width=&#8221;1\/2&#8243; css=&#8221;.vc_custom_1560319621535{margin-top: 0px !important;margin-right: 0px !important;margin-bottom: 0px !important;margin-left: 0px !important;border-top-width: 0px !important;border-right-width: 0px !important;border-bottom-width: 0px !important;border-left-width: 0px !important;padding-top: 0px !important;padding-right: 0px !important;padding-bottom: 0px !important;padding-left: 0px !important;}&#8221;][vc_gallery interval=&#8221;5&#8243; images=&#8221;4404,2061,17363,2062&#8243; img_size=&#8221;full&#8221; css=&#8221;.vc_custom_1733821938527{margin-top: 0px !important;margin-right: 0px !important;margin-bottom: 0px !important;margin-left: 0px !important;border-top-width: 0px !important;border-right-width: 0px !important;border-bottom-width: 0px !important;border-left-width: 0px !important;padding-top: 0px !important;padding-right: 0px !important;padding-bottom: 0px !important;padding-left: 0px !important;}&#8221;][\/vc_column][vc_column width=&#8221;1\/4&#8243; css=&#8221;.vc_custom_1578597159375{padding-top: 30px !important;padding-right: 30px !important;padding-bottom: 30px !important;padding-left: 30px !important;background-color: #ed6c84 !important;}&#8221;][vc_column_text]<\/p>\n<h4 style=\"text-align: center;\">Penser global, manger local<\/h4>\n<p style=\"text-align: center;\"><strong>Dans la cuisine de notre cr\u00e8che, nous privil\u00e9gions les produits frais et de saison, avec des fruits, des l\u00e9gumes et des aliments complets au c\u0153ur de nos repas.<\/strong><\/p>\n<p>[\/vc_column_text][\/vc_column][vc_column width=&#8221;1\/4&#8243; css=&#8221;.vc_custom_1577385425447{padding-top: 10px !important;padding-right: 20px !important;padding-bottom: 0px !important;padding-left: 20px !important;background-color: #7c6fb0 !important;}&#8221; textcolor=&#8221;#ffffff&#8221;][vc_column_text]<img loading=\"lazy\" decoding=\"async\" class=\"aligncenter size-full wp-image-4382\" src=\"https:\/\/www.littlegreenhouse.ch\/wp-content\/uploads\/2019\/12\/savais_tu.png\" alt=\"\" width=\"1200\" height=\"745\" srcset=\"https:\/\/www.littlegreenhouse.ch\/wp-content\/uploads\/2019\/12\/savais_tu.png 1200w, https:\/\/www.littlegreenhouse.ch\/wp-content\/uploads\/2019\/12\/savais_tu-300x186.png 300w, https:\/\/www.littlegreenhouse.ch\/wp-content\/uploads\/2019\/12\/savais_tu-768x477.png 768w, https:\/\/www.littlegreenhouse.ch\/wp-content\/uploads\/2019\/12\/savais_tu-1024x636.png 1024w\" sizes=\"auto, (max-width: 1200px) 100vw, 1200px\" \/><\/p>\n<h3 style=\"text-align: center;\"><span style=\"color: #ffffff;\">Que ton b\u00e9b\u00e9 est un g\u00e9nie des langues ?<br \/>\n<\/span><\/h3>\n<p style=\"text-align: center;\">D\u00e9couvrez comment votre enfant peut d\u00e9velopper cette capacit\u00e9 inn\u00e9e.<\/p>\n<p>[\/vc_column_text][vc_btn title=&#8221;EN SAVOIR PLUS&#8221; color=&#8221;white&#8221; align=&#8221;center&#8221; css=&#8221;.vc_custom_1580209683981{padding-top: 20px !important;}&#8221; link=&#8221;url:https%3A%2F%2Fwww.littlegreenhouse.ch%2Ffr%2Fvivre-les-langues%2F|title:Vivre%20les%20langues|target:%20_blank|&#8221;][\/vc_column][\/vc_row]<\/p>\n","protected":false},"excerpt":{"rendered":"<p>[vc_row css=&#8221;.vc_custom_1573219476516{margin-top: 0px !important;margin-right: 15px !important;margin-left: 15px !important;background-color: #ffdc00 !important;}&#8221;][vc_column css=&#8221;.vc_custom_1566195737301{padding-top: 0px !important;padding-bottom: 0px !important;}&#8221;][vc_column_text] Nature &amp; Bien-\u00eatre [\/vc_column_text][\/vc_column][\/vc_row][vc_row gap=&#8221;30&#8243; equal_height=&#8221;yes&#8221; content_placement=&#8221;top&#8221; css=&#8221;.vc_custom_1567407678554{margin-top: 20px !important;margin-right: 1px !important;margin-left: 1px !important;}&#8221;][vc_column width=&#8221;2\/3&#8243; css=&#8221;.vc_custom_1560319784025{margin-top: 0px !important;margin-right: 0px !important;margin-bottom: 0px !important;margin-left: 0px !important;border-top-width: 0px !important;border-right-width: 0px !important;border-bottom-width: 0px !important;border-left-width: 0px !important;padding-top: 0px !important;padding-right: 0px !important;padding-bottom: 0px !important;padding-left: 0px !important;}&#8221;][vc_gallery &hellip; <a href=\"https:\/\/www.littlegreenhouse.ch\/fr\/notre-concept-nature-et-bien-etre\/\" title=\"Nature &#038; Bien-\u00eatre\" class=\"read-more\">Read More<\/a><\/p>\n","protected":false},"author":1,"featured_media":4010,"parent":0,"menu_order":0,"comment_status":"closed","ping_status":"closed","template":"","meta":{"_monsterinsights_skip_tracking":false,"_monsterinsights_sitenote_active":false,"_monsterinsights_sitenote_note":"","_monsterinsights_sitenote_category":0,"footnotes":""},"class_list":["post-4000","page","type-page","status-publish","has-post-thumbnail","hentry"],"yoast_head":"<!-- This site is optimized with the Yoast SEO plugin v15.1.1 - https:\/\/yoast.com\/wordpress\/plugins\/seo\/ -->\n<title>Nature &amp; Bien-\u00eatre - Little Green House<\/title>\n<meta name=\"description\" content=\"Nous aimons la nature, la nourriture saine, jouer dehors, explorer nos jardins et nos potagers, d\u00e9couvrir les for\u00eats et les parcs de la r\u00e9gion.\" \/>\n<meta name=\"robots\" content=\"index, follow, max-snippet:-1, max-image-preview:large, max-video-preview:-1\" \/>\n<link rel=\"canonical\" href=\"https:\/\/www.littlegreenhouse.ch\/fr\/notre-concept-nature-et-bien-etre\/\" \/>\n<meta property=\"og:locale\" content=\"fr_FR\" \/>\n<meta property=\"og:type\" content=\"article\" \/>\n<meta property=\"og:title\" content=\"Nature &amp; Bien-\u00eatre - Little Green House\" \/>\n<meta property=\"og:description\" content=\"Nous aimons la nature, la nourriture saine, jouer dehors, explorer nos jardins et nos potagers, d\u00e9couvrir les for\u00eats et les parcs de la r\u00e9gion.\" \/>\n<meta property=\"og:url\" content=\"https:\/\/www.littlegreenhouse.ch\/fr\/notre-concept-nature-et-bien-etre\/\" \/>\n<meta property=\"og:site_name\" content=\"Little Green House\" \/>\n<meta property=\"article:publisher\" content=\"https:\/\/www.facebook.com\/littlegreenhouse.the.next.generation\/\" \/>\n<meta property=\"article:modified_time\" content=\"2024-12-10T09:12:21+00:00\" \/>\n<meta property=\"og:image\" content=\"https:\/\/www.littlegreenhouse.ch\/wp-content\/uploads\/2019\/08\/Concept_daycare-867143622.jpg\" \/>\n\t<meta property=\"og:image:width\" content=\"1200\" \/>\n\t<meta property=\"og:image:height\" content=\"801\" \/>\n<meta name=\"twitter:card\" content=\"summary_large_image\" \/>\n<meta name=\"twitter:creator\" content=\"@lg_house\" \/>\n<meta name=\"twitter:site\" content=\"@lg_house\" \/>\n<script type=\"application\/ld+json\" class=\"yoast-schema-graph\">{\"@context\":\"https:\/\/schema.org\",\"@graph\":[{\"@type\":\"Organization\",\"@id\":\"https:\/\/www.littlegreenhouse.ch\/fr\/#organization\",\"name\":\"Little Green House\",\"url\":\"https:\/\/www.littlegreenhouse.ch\/fr\/\",\"sameAs\":[\"https:\/\/www.facebook.com\/littlegreenhouse.the.next.generation\/\",\"https:\/\/www.instagram.com\/littlegreenhouse_childcare\/\",\"https:\/\/www.linkedin.com\/company\/little-green-house\/\",\"https:\/\/www.youtube.com\/channel\/UCPQiQBtt0Hp-4Y-HWPiIjyQ\",\"https:\/\/twitter.com\/lg_house\"],\"logo\":{\"@type\":\"ImageObject\",\"@id\":\"https:\/\/www.littlegreenhouse.ch\/fr\/#logo\",\"inLanguage\":\"fr-FR\",\"url\":\"https:\/\/www.littlegreenhouse.ch\/wp-content\/uploads\/2020\/01\/LGH_logo_2019.png\",\"width\":369,\"height\":283,\"caption\":\"Little Green House\"},\"image\":{\"@id\":\"https:\/\/www.littlegreenhouse.ch\/fr\/#logo\"}},{\"@type\":\"WebSite\",\"@id\":\"https:\/\/www.littlegreenhouse.ch\/fr\/#website\",\"url\":\"https:\/\/www.littlegreenhouse.ch\/fr\/\",\"name\":\"Little Green House\",\"description\":\"Cr\\u00e8che | Childcare | Kita\",\"publisher\":{\"@id\":\"https:\/\/www.littlegreenhouse.ch\/fr\/#organization\"},\"potentialAction\":[{\"@type\":\"SearchAction\",\"target\":\"https:\/\/www.littlegreenhouse.ch\/fr\/?s={search_term_string}\",\"query-input\":\"required name=search_term_string\"}],\"inLanguage\":\"fr-FR\"},{\"@type\":\"ImageObject\",\"@id\":\"https:\/\/www.littlegreenhouse.ch\/fr\/notre-concept-nature-et-bien-etre\/#primaryimage\",\"inLanguage\":\"fr-FR\",\"url\":\"https:\/\/www.littlegreenhouse.ch\/wp-content\/uploads\/2019\/08\/Concept_daycare-867143622.jpg\",\"width\":1200,\"height\":801,\"caption\":\"Three ethnic siblings are outdoors in a forest on an autumn day. They are wearing warm clothes. They are sitting in fallen leaves and the girl in front is throwing them into the air while laughing.\"},{\"@type\":\"WebPage\",\"@id\":\"https:\/\/www.littlegreenhouse.ch\/fr\/notre-concept-nature-et-bien-etre\/#webpage\",\"url\":\"https:\/\/www.littlegreenhouse.ch\/fr\/notre-concept-nature-et-bien-etre\/\",\"name\":\"Nature & Bien-\\u00eatre - Little Green House\",\"isPartOf\":{\"@id\":\"https:\/\/www.littlegreenhouse.ch\/fr\/#website\"},\"primaryImageOfPage\":{\"@id\":\"https:\/\/www.littlegreenhouse.ch\/fr\/notre-concept-nature-et-bien-etre\/#primaryimage\"},\"datePublished\":\"2019-08-23T05:23:07+00:00\",\"dateModified\":\"2024-12-10T09:12:21+00:00\",\"description\":\"Nous aimons la nature, la nourriture saine, jouer dehors, explorer nos jardins et nos potagers, d\\u00e9couvrir les for\\u00eats et les parcs de la r\\u00e9gion.\",\"inLanguage\":\"fr-FR\",\"potentialAction\":[{\"@type\":\"ReadAction\",\"target\":[\"https:\/\/www.littlegreenhouse.ch\/fr\/notre-concept-nature-et-bien-etre\/\"]}]}]}<\/script>\n<!-- \/ Yoast SEO plugin. -->","jetpack_sharing_enabled":true,"_links":{"self":[{"href":"https:\/\/www.littlegreenhouse.ch\/fr\/wp-json\/wp\/v2\/pages\/4000","targetHints":{"allow":["GET"]}}],"collection":[{"href":"https:\/\/www.littlegreenhouse.ch\/fr\/wp-json\/wp\/v2\/pages"}],"about":[{"href":"https:\/\/www.littlegreenhouse.ch\/fr\/wp-json\/wp\/v2\/types\/page"}],"author":[{"embeddable":true,"href":"https:\/\/www.littlegreenhouse.ch\/fr\/wp-json\/wp\/v2\/users\/1"}],"replies":[{"embeddable":true,"href":"https:\/\/www.littlegreenhouse.ch\/fr\/wp-json\/wp\/v2\/comments?post=4000"}],"version-history":[{"count":2,"href":"https:\/\/www.littlegreenhouse.ch\/fr\/wp-json\/wp\/v2\/pages\/4000\/revisions"}],"predecessor-version":[{"id":17375,"href":"https:\/\/www.littlegreenhouse.ch\/fr\/wp-json\/wp\/v2\/pages\/4000\/revisions\/17375"}],"wp:featuredmedia":[{"embeddable":true,"href":"https:\/\/www.littlegreenhouse.ch\/fr\/wp-json\/wp\/v2\/media\/4010"}],"wp:attachment":[{"href":"https:\/\/www.littlegreenhouse.ch\/fr\/wp-json\/wp\/v2\/media?parent=4000"}],"curies":[{"name":"wp","href":"https:\/\/api.w.org\/{rel}","templated":true}]}}