{"id":4037,"date":"2019-08-29T21:21:19","date_gmt":"2019-08-29T19:21:19","guid":{"rendered":"http:\/\/littlegreenhouse.ch\/NEW\/living-languages\/"},"modified":"2026-04-24T14:04:56","modified_gmt":"2026-04-24T12:04:56","slug":"une-creche-multilingue-pour-vos-enfants","status":"publish","type":"page","link":"https:\/\/www.littlegreenhouse.ch\/fr\/une-creche-multilingue-pour-vos-enfants\/","title":{"rendered":"Vivre les langues"},"content":{"rendered":"<p>[vc_row css=&#8221;.vc_custom_1573219537161{margin-top: 0px !important;margin-right: 15px !important;margin-left: 15px !important;background-color: #ffdc00 !important;}&#8221;][vc_column css=&#8221;.vc_custom_1566196825378{padding-top: 0px !important;padding-bottom: 0px !important;background-position: center !important;background-repeat: no-repeat !important;background-size: cover !important;}&#8221;][vc_column_text css=&#8221;.vc_custom_1777032291917{margin-top: 50px !important;margin-bottom: 50px !important;}&#8221;]<\/p>\n<h1 class=\"soustitreh1\"><span style=\"color: #000000;\">Une cr\u00e8che multilingue pour vos enfants<\/span><\/h1>\n<p>[\/vc_column_text][\/vc_column][\/vc_row][vc_row gap=&#8221;30&#8243; equal_height=&#8221;yes&#8221; content_placement=&#8221;top&#8221; css=&#8221;.vc_custom_1566931433795{margin-top: 20px !important;}&#8221;][vc_column width=&#8221;2\/3&#8243; css=&#8221;.vc_custom_1560319784025{margin-top: 0px !important;margin-right: 0px !important;margin-bottom: 0px !important;margin-left: 0px !important;border-top-width: 0px !important;border-right-width: 0px !important;border-bottom-width: 0px !important;border-left-width: 0px !important;padding-top: 0px !important;padding-right: 0px !important;padding-bottom: 0px !important;padding-left: 0px !important;}&#8221;][vc_gallery interval=&#8221;5&#8243; images=&#8221;4423,4424,4425&#8243; img_size=&#8221;full&#8221; css=&#8221;.vc_custom_1567407984443{margin-top: 0px !important;margin-right: 0px !important;margin-bottom: 0px !important;margin-left: 0px !important;border-top-width: 0px !important;border-right-width: 0px !important;border-bottom-width: 0px !important;border-left-width: 0px !important;padding-top: 0px !important;padding-right: 0px !important;padding-bottom: 0px !important;padding-left: 0px !important;}&#8221;][\/vc_column][vc_column width=&#8221;1\/3&#8243; css=&#8221;.vc_custom_1578597291716{padding-top: 30px !important;padding-right: 30px !important;padding-bottom: 30px !important;padding-left: 30px !important;background-color: #8ec89b !important;}&#8221;][vc_column_text]<img loading=\"lazy\" decoding=\"async\" class=\"aligncenter size-full wp-image-2833\" src=\"https:\/\/littlegreenhouse.ch\/wp-content\/uploads\/2019\/09\/Bonjour_Language.png\" alt=\"\" width=\"800\" height=\"550\" srcset=\"https:\/\/www.littlegreenhouse.ch\/wp-content\/uploads\/2019\/09\/Bonjour_Language.png 800w, https:\/\/www.littlegreenhouse.ch\/wp-content\/uploads\/2019\/09\/Bonjour_Language-300x206.png 300w, https:\/\/www.littlegreenhouse.ch\/wp-content\/uploads\/2019\/09\/Bonjour_Language-768x528.png 768w\" sizes=\"auto, (max-width: 800px) 100vw, 800px\" \/><\/p>\n<h3 style=\"text-align: center;\"><strong>Nous aimons la diversit\u00e9 culturelle et le son des diff\u00e9rentes langues.<\/strong><\/h3>\n<p style=\"text-align: center;\">Dans notre cr\u00e8che multilingue, des \u00e9ducatrices et \u00e9ducateurs francophones, anglophones et germanophones jouent, expliquent, racontent et chantent dans leur langue maternelle.<\/p>\n<p style=\"text-align: center;\">Tout au long de la journ\u00e9e.<\/p>\n<p>[\/vc_column_text][\/vc_column][\/vc_row][vc_row gap=&#8221;30&#8243; equal_height=&#8221;yes&#8221; content_placement=&#8221;top&#8221; css=&#8221;.vc_custom_1567107117372{margin-top: 0px !important;margin-bottom: 0px !important;}&#8221;][vc_column width=&#8221;1\/4&#8243; css=&#8221;.vc_custom_1572430407500{padding-top: 10px !important;padding-right: 20px !important;padding-bottom: 20px !important;padding-left: 20px !important;background-color: #ed6c84 !important;}&#8221;][vc_column_text]<img loading=\"lazy\" decoding=\"async\" class=\"aligncenter size-full wp-image-4418\" src=\"https:\/\/littlegreenhouse.ch\/wp-content\/uploads\/2019\/12\/superpouvoir.png\" alt=\"\" width=\"1200\" height=\"600\" srcset=\"https:\/\/www.littlegreenhouse.ch\/wp-content\/uploads\/2019\/12\/superpouvoir.png 1200w, https:\/\/www.littlegreenhouse.ch\/wp-content\/uploads\/2019\/12\/superpouvoir-300x150.png 300w, https:\/\/www.littlegreenhouse.ch\/wp-content\/uploads\/2019\/12\/superpouvoir-768x384.png 768w, https:\/\/www.littlegreenhouse.ch\/wp-content\/uploads\/2019\/12\/superpouvoir-1024x512.png 1024w, https:\/\/www.littlegreenhouse.ch\/wp-content\/uploads\/2019\/12\/superpouvoir-1000x500.png 1000w\" sizes=\"auto, (max-width: 1200px) 100vw, 1200px\" \/><\/p>\n<p style=\"text-align: center;\">Grandir avec des langues diff\u00e9rentes donne (presque) des super-pouvoirs:<\/p>\n<h3 style=\"text-align: center; margin-top: 10px;\"><strong>un esprit ouvert,<br \/>\nun fort pouvoir d&#8217;observation,<br \/>\nun esprit flexible. <\/strong><\/h3>\n<p style=\"text-align: center;\">Le multilinguisme ouvre l&#8217;esprit des enfants, renforce leurs sens et enrichit leur langue maternelle.<\/p>\n<p style=\"text-align: center; margin-top: 10px;\"><strong>\u00a0<\/strong><\/p>\n<p>[\/vc_column_text][\/vc_column][vc_column width=&#8221;1\/2&#8243; css=&#8221;.vc_custom_1560319621535{margin-top: 0px !important;margin-right: 0px !important;margin-bottom: 0px !important;margin-left: 0px !important;border-top-width: 0px !important;border-right-width: 0px !important;border-bottom-width: 0px !important;border-left-width: 0px !important;padding-top: 0px !important;padding-right: 0px !important;padding-bottom: 0px !important;padding-left: 0px !important;}&#8221;][vc_column_text]<\/p>\n<h4 style=\"letter-spacing: 0px;\">Capacit\u00e9 \u00e0 apprendre une nouvelle langue<\/h4>\n<p>[\/vc_column_text]<div class=\"progress-title clearfix\">0-2 ans<span>100%<\/span><\/div><div class=\"progressbar\" data-perc=\"100\"><div class=\"progress-percentage\" style=\"background: #ffdc00 !important;\"><\/div><\/div><div class=\"progress-title clearfix\">3-7 ans<span>80%<\/span><\/div><div class=\"progressbar\" data-perc=\"80\"><div class=\"progress-percentage\" style=\"background: #ed6c6c !important;\"><\/div><\/div><div class=\"progress-title clearfix\">8-10 ans<span>60%<\/span><\/div><div class=\"progressbar\" data-perc=\"60\"><div class=\"progress-percentage\" style=\"background: #2aad74 !important;\"><\/div><\/div><div class=\"progress-title clearfix\">11-15 ans<span>40%<\/span><\/div><div class=\"progressbar\" data-perc=\"40\"><div class=\"progress-percentage\" style=\"background: #7c6fb0 !important;\"><\/div><\/div><div class=\"progress-title clearfix\">17-39 ans<span>20%<\/span><\/div><div class=\"progressbar\" data-perc=\"20\"><div class=\"progress-percentage\" style=\"background: #bbb9a5 !important;\"><\/div><\/div>[\/vc_column][vc_column width=&#8221;1\/4&#8243; css=&#8221;.vc_custom_1567771206896{padding-top: 10px !important;padding-right: 20px !important;padding-bottom: 20px !important;padding-left: 20px !important;background-color: #7c6fb0 !important;}&#8221; textcolor=&#8221;#ffffff&#8221;][vc_column_text]<\/p>\n<h3 style=\"text-align: center;\"><span style=\"color: #ffffff;\">Citoyens du monde en couches-culottes &amp; cosmopolites curieux.<br \/>\n<\/span><\/h3>\n<p style=\"text-align: center;\"><strong>Une aisance naturelle \u00e0 entendre, parler et comprendre les langues \u00e9trang\u00e8res ouvre un monde de possibilit\u00e9s : Rencontrer. Communiquer. Jouer. Faire l&#8217;exp\u00e9rience de diff\u00e9rentes cultures. Faire l&#8217;exp\u00e9rience de diff\u00e9rences culturelles. S&#8217;int\u00e9grer dans les communaut\u00e9s locales. Se connecter.<\/strong><\/p>\n<p style=\"text-align: center; margin-bottom: 20px;\"><strong>\u00a0<\/strong><\/p>\n<p><img loading=\"lazy\" decoding=\"async\" class=\"aligncenter size-full wp-image-2827\" src=\"https:\/\/littlegreenhouse.ch\/wp-content\/uploads\/2019\/09\/living.png\" alt=\"\" width=\"1200\" height=\"200\" srcset=\"https:\/\/www.littlegreenhouse.ch\/wp-content\/uploads\/2019\/09\/living.png 1200w, https:\/\/www.littlegreenhouse.ch\/wp-content\/uploads\/2019\/09\/living-300x50.png 300w, https:\/\/www.littlegreenhouse.ch\/wp-content\/uploads\/2019\/09\/living-768x128.png 768w, https:\/\/www.littlegreenhouse.ch\/wp-content\/uploads\/2019\/09\/living-1024x171.png 1024w\" sizes=\"auto, (max-width: 1200px) 100vw, 1200px\" \/>[\/vc_column_text][\/vc_column][\/vc_row][vc_row gap=&#8221;30&#8243; equal_height=&#8221;yes&#8221; content_placement=&#8221;top&#8221; css=&#8221;.vc_custom_1567107086170{margin-top: 0px !important;margin-bottom: 30px !important;}&#8221;][vc_column width=&#8221;2\/3&#8243; css=&#8221;.vc_custom_1560319784025{margin-top: 0px !important;margin-right: 0px !important;margin-bottom: 0px !important;margin-left: 0px !important;border-top-width: 0px !important;border-right-width: 0px !important;border-bottom-width: 0px !important;border-left-width: 0px !important;padding-top: 0px !important;padding-right: 0px !important;padding-bottom: 0px !important;padding-left: 0px !important;}&#8221;][vc_column_text]<\/p>\n<div style=\"max-width: 854px;\">\n<div style=\"position: relative; height: 0; padding-bottom: 56.25%;\"><iframe loading=\"lazy\" style=\"position: absolute; left: 0; top: 0; width: 100%; height: 100%;\" src=\"https:\/\/embed.ted.com\/talks\/patricia_kuhl_the_linguistic_genius_of_babies\" width=\"854\" height=\"480\" frameborder=\"0\" scrolling=\"no\" allowfullscreen=\"allowfullscreen\"><\/iframe><\/div>\n<\/div>\n<p>[\/vc_column_text][\/vc_column][vc_column width=&#8221;1\/3&#8243; css=&#8221;.vc_custom_1578597341876{padding-top: 30px !important;padding-right: 30px !important;padding-bottom: 30px !important;padding-left: 30px !important;background-color: #2bac75 !important;}&#8221; textcolor=&#8221;#ffffff&#8221;][vc_column_text]<img loading=\"lazy\" decoding=\"async\" class=\"aligncenter size-full wp-image-4382\" src=\"https:\/\/littlegreenhouse.ch\/wp-content\/uploads\/2019\/12\/savais_tu.png\" alt=\"\" width=\"1200\" height=\"745\" srcset=\"https:\/\/www.littlegreenhouse.ch\/wp-content\/uploads\/2019\/12\/savais_tu.png 1200w, https:\/\/www.littlegreenhouse.ch\/wp-content\/uploads\/2019\/12\/savais_tu-300x186.png 300w, https:\/\/www.littlegreenhouse.ch\/wp-content\/uploads\/2019\/12\/savais_tu-768x477.png 768w, https:\/\/www.littlegreenhouse.ch\/wp-content\/uploads\/2019\/12\/savais_tu-1024x636.png 1024w\" sizes=\"auto, (max-width: 1200px) 100vw, 1200px\" \/><\/p>\n<p>&nbsp;<\/p>\n<p style=\"text-align: center;\">D\u00e8s l&#8217;\u00e2ge de six mois, les b\u00e9b\u00e9s peuvent faire la distinction entre les sons de n&#8217;importe quelle langue du monde et des simples sons. Le d\u00e9veloppement de leur langue maternelle ne se fait que plus tard.<\/p>\n<p>[\/vc_column_text][\/vc_column][\/vc_row]<\/p>\n","protected":false},"excerpt":{"rendered":"<p>[vc_row css=&#8221;.vc_custom_1573219537161{margin-top: 0px !important;margin-right: 15px !important;margin-left: 15px !important;background-color: #ffdc00 !important;}&#8221;][vc_column css=&#8221;.vc_custom_1566196825378{padding-top: 0px !important;padding-bottom: 0px !important;background-position: center !important;background-repeat: no-repeat !important;background-size: cover !important;}&#8221;][vc_column_text css=&#8221;.vc_custom_1777032291917{margin-top: 50px !important;margin-bottom: 50px !important;}&#8221;] Une cr\u00e8che multilingue pour vos enfants [\/vc_column_text][\/vc_column][\/vc_row][vc_row gap=&#8221;30&#8243; equal_height=&#8221;yes&#8221; content_placement=&#8221;top&#8221; css=&#8221;.vc_custom_1566931433795{margin-top: 20px !important;}&#8221;][vc_column width=&#8221;2\/3&#8243; css=&#8221;.vc_custom_1560319784025{margin-top: 0px !important;margin-right: 0px !important;margin-bottom: 0px !important;margin-left: 0px !important;border-top-width: 0px !important;border-right-width: 0px !important;border-bottom-width: 0px !important;border-left-width: &hellip; <a href=\"https:\/\/www.littlegreenhouse.ch\/fr\/une-creche-multilingue-pour-vos-enfants\/\" title=\"Vivre les langues\" class=\"read-more\">Read More<\/a><\/p>\n","protected":false},"author":1,"featured_media":4425,"parent":0,"menu_order":0,"comment_status":"closed","ping_status":"closed","template":"","meta":{"_monsterinsights_skip_tracking":false,"_monsterinsights_sitenote_active":false,"_monsterinsights_sitenote_note":"","_monsterinsights_sitenote_category":0,"footnotes":""},"class_list":["post-4037","page","type-page","status-publish","has-post-thumbnail","hentry"],"yoast_head":"<!-- This site is optimized with the Yoast SEO plugin v15.1.1 - https:\/\/yoast.com\/wordpress\/plugins\/seo\/ -->\n<title>Vivre les langues - Little Green House<\/title>\n<meta name=\"description\" content=\"Dans notre cr\u00e8che multilingue, nos \u00e9ducateurs francophones, anglophones et germanophones jouent et chantent dans leur langue maternelle.\" \/>\n<meta name=\"robots\" content=\"index, follow, max-snippet:-1, max-image-preview:large, max-video-preview:-1\" \/>\n<link rel=\"canonical\" href=\"https:\/\/www.littlegreenhouse.ch\/fr\/une-creche-multilingue-pour-vos-enfants\/\" \/>\n<meta property=\"og:locale\" content=\"fr_FR\" \/>\n<meta property=\"og:type\" content=\"article\" \/>\n<meta property=\"og:title\" content=\"Vivre les langues - Little Green House\" \/>\n<meta property=\"og:description\" content=\"Dans notre cr\u00e8che multilingue, nos \u00e9ducateurs francophones, anglophones et germanophones jouent et chantent dans leur langue maternelle.\" \/>\n<meta property=\"og:url\" content=\"https:\/\/www.littlegreenhouse.ch\/fr\/une-creche-multilingue-pour-vos-enfants\/\" \/>\n<meta property=\"og:site_name\" content=\"Little Green House\" \/>\n<meta property=\"article:publisher\" content=\"https:\/\/www.facebook.com\/littlegreenhouse.the.next.generation\/\" \/>\n<meta property=\"article:modified_time\" content=\"2026-04-24T12:04:56+00:00\" \/>\n<meta property=\"og:image\" content=\"https:\/\/www.littlegreenhouse.ch\/wp-content\/uploads\/2019\/09\/Little_green_House_Living_language_1.jpg\" \/>\n\t<meta property=\"og:image:width\" content=\"1200\" \/>\n\t<meta property=\"og:image:height\" content=\"800\" \/>\n<meta name=\"twitter:card\" content=\"summary_large_image\" \/>\n<meta name=\"twitter:creator\" content=\"@lg_house\" \/>\n<meta name=\"twitter:site\" content=\"@lg_house\" \/>\n<script type=\"application\/ld+json\" class=\"yoast-schema-graph\">{\"@context\":\"https:\/\/schema.org\",\"@graph\":[{\"@type\":\"Organization\",\"@id\":\"https:\/\/www.littlegreenhouse.ch\/fr\/#organization\",\"name\":\"Little Green House\",\"url\":\"https:\/\/www.littlegreenhouse.ch\/fr\/\",\"sameAs\":[\"https:\/\/www.facebook.com\/littlegreenhouse.the.next.generation\/\",\"https:\/\/www.instagram.com\/littlegreenhouse_childcare\/\",\"https:\/\/www.linkedin.com\/company\/little-green-house\/\",\"https:\/\/www.youtube.com\/channel\/UCPQiQBtt0Hp-4Y-HWPiIjyQ\",\"https:\/\/twitter.com\/lg_house\"],\"logo\":{\"@type\":\"ImageObject\",\"@id\":\"https:\/\/www.littlegreenhouse.ch\/fr\/#logo\",\"inLanguage\":\"fr-FR\",\"url\":\"https:\/\/www.littlegreenhouse.ch\/wp-content\/uploads\/2020\/01\/LGH_logo_2019.png\",\"width\":369,\"height\":283,\"caption\":\"Little Green House\"},\"image\":{\"@id\":\"https:\/\/www.littlegreenhouse.ch\/fr\/#logo\"}},{\"@type\":\"WebSite\",\"@id\":\"https:\/\/www.littlegreenhouse.ch\/fr\/#website\",\"url\":\"https:\/\/www.littlegreenhouse.ch\/fr\/\",\"name\":\"Little Green House\",\"description\":\"Cr\\u00e8che | Childcare | Kita\",\"publisher\":{\"@id\":\"https:\/\/www.littlegreenhouse.ch\/fr\/#organization\"},\"potentialAction\":[{\"@type\":\"SearchAction\",\"target\":\"https:\/\/www.littlegreenhouse.ch\/fr\/?s={search_term_string}\",\"query-input\":\"required name=search_term_string\"}],\"inLanguage\":\"fr-FR\"},{\"@type\":\"ImageObject\",\"@id\":\"https:\/\/www.littlegreenhouse.ch\/fr\/une-creche-multilingue-pour-vos-enfants\/#primaryimage\",\"inLanguage\":\"fr-FR\",\"url\":\"https:\/\/www.littlegreenhouse.ch\/wp-content\/uploads\/2019\/09\/Little_green_House_Living_language_1.jpg\",\"width\":1200,\"height\":800},{\"@type\":\"WebPage\",\"@id\":\"https:\/\/www.littlegreenhouse.ch\/fr\/une-creche-multilingue-pour-vos-enfants\/#webpage\",\"url\":\"https:\/\/www.littlegreenhouse.ch\/fr\/une-creche-multilingue-pour-vos-enfants\/\",\"name\":\"Vivre les langues - Little Green House\",\"isPartOf\":{\"@id\":\"https:\/\/www.littlegreenhouse.ch\/fr\/#website\"},\"primaryImageOfPage\":{\"@id\":\"https:\/\/www.littlegreenhouse.ch\/fr\/une-creche-multilingue-pour-vos-enfants\/#primaryimage\"},\"datePublished\":\"2019-08-29T19:21:19+00:00\",\"dateModified\":\"2026-04-24T12:04:56+00:00\",\"description\":\"Dans notre cr\\u00e8che multilingue, nos \\u00e9ducateurs francophones, anglophones et germanophones jouent et chantent dans leur langue maternelle.\",\"inLanguage\":\"fr-FR\",\"potentialAction\":[{\"@type\":\"ReadAction\",\"target\":[\"https:\/\/www.littlegreenhouse.ch\/fr\/une-creche-multilingue-pour-vos-enfants\/\"]}]}]}<\/script>\n<!-- \/ Yoast SEO plugin. -->","jetpack_sharing_enabled":true,"_links":{"self":[{"href":"https:\/\/www.littlegreenhouse.ch\/fr\/wp-json\/wp\/v2\/pages\/4037","targetHints":{"allow":["GET"]}}],"collection":[{"href":"https:\/\/www.littlegreenhouse.ch\/fr\/wp-json\/wp\/v2\/pages"}],"about":[{"href":"https:\/\/www.littlegreenhouse.ch\/fr\/wp-json\/wp\/v2\/types\/page"}],"author":[{"embeddable":true,"href":"https:\/\/www.littlegreenhouse.ch\/fr\/wp-json\/wp\/v2\/users\/1"}],"replies":[{"embeddable":true,"href":"https:\/\/www.littlegreenhouse.ch\/fr\/wp-json\/wp\/v2\/comments?post=4037"}],"version-history":[{"count":2,"href":"https:\/\/www.littlegreenhouse.ch\/fr\/wp-json\/wp\/v2\/pages\/4037\/revisions"}],"predecessor-version":[{"id":25250,"href":"https:\/\/www.littlegreenhouse.ch\/fr\/wp-json\/wp\/v2\/pages\/4037\/revisions\/25250"}],"wp:featuredmedia":[{"embeddable":true,"href":"https:\/\/www.littlegreenhouse.ch\/fr\/wp-json\/wp\/v2\/media\/4425"}],"wp:attachment":[{"href":"https:\/\/www.littlegreenhouse.ch\/fr\/wp-json\/wp\/v2\/media?parent=4037"}],"curies":[{"name":"wp","href":"https:\/\/api.w.org\/{rel}","templated":true}]}}