{"id":4042,"date":"2019-08-29T21:37:34","date_gmt":"2019-08-29T19:37:34","guid":{"rendered":"http:\/\/littlegreenhouse.ch\/NEW\/partner-to-parents\/"},"modified":"2026-04-24T14:11:57","modified_gmt":"2026-04-24T12:11:57","slug":"une-creche-partenaire-des-parents","status":"publish","type":"page","link":"https:\/\/www.littlegreenhouse.ch\/fr\/une-creche-partenaire-des-parents\/","title":{"rendered":"Partenaire des parents"},"content":{"rendered":"<p>[vc_row css=&#8221;.vc_custom_1573219653829{margin-top: 0px !important;margin-right: 15px !important;margin-left: 15px !important;background-color: #ffdc00 !important;}&#8221;][vc_column css=&#8221;.vc_custom_1566195737301{padding-top: 0px !important;padding-bottom: 0px !important;}&#8221;][vc_column_text css=&#8221;.vc_custom_1777032707717{margin-top: 50px !important;margin-bottom: 50px !important;}&#8221;]<\/p>\n<h1 class=\"soustitreh1\"><span style=\"color: #000000;\">Partenaire des Parents<\/span><\/h1>\n<p>[\/vc_column_text][\/vc_column][\/vc_row][vc_row gap=&#8221;30&#8243; equal_height=&#8221;yes&#8221; content_placement=&#8221;top&#8221; css=&#8221;.vc_custom_1566931433795{margin-top: 20px !important;}&#8221;][vc_column width=&#8221;2\/3&#8243; css=&#8221;.vc_custom_1560319784025{margin-top: 0px !important;margin-right: 0px !important;margin-bottom: 0px !important;margin-left: 0px !important;border-top-width: 0px !important;border-right-width: 0px !important;border-bottom-width: 0px !important;border-left-width: 0px !important;padding-top: 0px !important;padding-right: 0px !important;padding-bottom: 0px !important;padding-left: 0px !important;}&#8221;][vc_gallery interval=&#8221;5&#8243; images=&#8221;4512,4511,4507,4513,4508,4510,4509,2577&#8243; img_size=&#8221;full&#8221; css=&#8221;.vc_custom_1598025700243{margin-top: 0px !important;margin-right: 0px !important;margin-bottom: 0px !important;margin-left: 0px !important;border-top-width: 0px !important;border-right-width: 0px !important;border-bottom-width: 0px !important;border-left-width: 0px !important;padding-top: 0px !important;padding-right: 0px !important;padding-bottom: 0px !important;padding-left: 0px !important;}&#8221;][\/vc_column][vc_column width=&#8221;1\/3&#8243; css=&#8221;.vc_custom_1580120747006{padding-top: 10px !important;padding-right: 15px !important;padding-bottom: 20px !important;padding-left: 25px !important;background-color: #f28941 !important;}&#8221;][vc_column_text]<\/p>\n<h3 style=\"text-align: center;\">Il faut tout un village pour \u00e9lever un enfant.<\/h3>\n<h4 style=\"text-align: center;\">Laissez-nous cr\u00e9er le v\u00f4tre.<\/h4>\n<p style=\"text-align: center;\">Nous sommes un lieu d&#8217;accueil o\u00f9 votre enfant est heureux et en s\u00e9curit\u00e9 ; pendant que vous \u00eates au travail, chacun peut respectivement se faire des amis et rencontrer des personnes int\u00e9ressantes, o\u00f9 nos \u00e9quipes se font un plaisir de r\u00e9pondre \u00e0 vos questions, o\u00f9 vous pouvez avoir des conversations captivantes, o\u00f9 nous faisons toujours de notre mieux pour vous proposer des solutions lors de situations impr\u00e9vues, que ce soit au travail ou en famille et o\u00f9 vous pouvez simplement vous d\u00e9tendre, ainsi que vous amuser lors de nos f\u00eates et \u00e9v\u00e9nements.<\/p>\n<p>[\/vc_column_text][\/vc_column][\/vc_row][vc_row gap=&#8221;30&#8243; equal_height=&#8221;yes&#8221; content_placement=&#8221;top&#8221; css=&#8221;.vc_custom_1567844877097{margin-top: 0px !important;margin-bottom: 0px !important;}&#8221;][vc_column width=&#8221;1\/3&#8243; css=&#8221;.vc_custom_1567844038301{padding-top: 20px !important;padding-right: 30px !important;padding-bottom: 0px !important;padding-left: 30px !important;background-color: #ed6c84 !important;}&#8221;][vc_column_text]<img loading=\"lazy\" decoding=\"async\" class=\"aligncenter size-full wp-image-4500\" src=\"https:\/\/littlegreenhouse.ch\/wp-content\/uploads\/2019\/12\/celebrate_FR.png\" alt=\"\" width=\"800\" height=\"600\" srcset=\"https:\/\/www.littlegreenhouse.ch\/wp-content\/uploads\/2019\/12\/celebrate_FR.png 800w, https:\/\/www.littlegreenhouse.ch\/wp-content\/uploads\/2019\/12\/celebrate_FR-300x225.png 300w, https:\/\/www.littlegreenhouse.ch\/wp-content\/uploads\/2019\/12\/celebrate_FR-768x576.png 768w\" sizes=\"auto, (max-width: 800px) 100vw, 800px\" \/><\/p>\n<p>&nbsp;<\/p>\n<p style=\"text-align: center;\"><strong>Vous \u00eates en tout temps invit\u00e9s \u00e0 prendre part \u00e0 la vie de vos enfants au sein de Little Green House. Joignez-vous \u00e0 nous pour le petit d\u00e9jeuner. Discutez avec nous lors de la prise en charge. Parlez du d\u00e9veloppement de votre enfant. Ou rejoignez-nous pour nos activit\u00e9s sociales, nos pique-niques ou nos f\u00eates.<\/strong><\/p>\n<p style=\"text-align: center; margin-top: 20px;\"><strong>\u00a0<\/strong><\/p>\n<p>[\/vc_column_text][\/vc_column][vc_column width=&#8221;1\/3&#8243; css=&#8221;.vc_custom_1567844006192{padding-top: 20px !important;padding-right: 30px !important;padding-bottom: 0px !important;padding-left: 30px !important;background-color: #7c6fb0 !important;}&#8221; textcolor=&#8221;#ffffff&#8221;][vc_column_text]<\/p>\n<h4 style=\"text-align: center;\"><span style=\"color: #ffffff;\">Longues heures d&#8217;ouverture<\/span><\/h4>\n<h3 style=\"text-align: center;\"><span style=\"color: #ffffff;\">Nous sommes ouverts du<br \/>\nlundi au vendredi<br \/>\nde 7:00 \u00e0 18:30<\/span><\/h3>\n<p style=\"text-align: center;\">Pour les heures en dehors de l&#8217;horaire r\u00e9gulier, nous ferons de notre mieux pour organiser un horaire &#8221; sur demande &#8220;.<\/p>\n<p><img loading=\"lazy\" decoding=\"async\" class=\"aligncenter size-full wp-image-2850\" src=\"https:\/\/littlegreenhouse.ch\/wp-content\/uploads\/2019\/09\/open_white.png\" alt=\"\" width=\"800\" height=\"429\" srcset=\"https:\/\/www.littlegreenhouse.ch\/wp-content\/uploads\/2019\/09\/open_white.png 800w, https:\/\/www.littlegreenhouse.ch\/wp-content\/uploads\/2019\/09\/open_white-300x161.png 300w, https:\/\/www.littlegreenhouse.ch\/wp-content\/uploads\/2019\/09\/open_white-768x412.png 768w\" sizes=\"auto, (max-width: 800px) 100vw, 800px\" \/>[\/vc_column_text][\/vc_column][vc_column width=&#8221;1\/3&#8243; css=&#8221;.vc_custom_1578597454694{margin-top: 0px !important;margin-right: 0px !important;margin-bottom: 0px !important;margin-left: 0px !important;border-top-width: 0px !important;border-right-width: 0px !important;border-bottom-width: 0px !important;border-left-width: 0px !important;padding-top: 20px !important;padding-right: 30px !important;padding-bottom: 20px !important;padding-left: 30px !important;background-color: #2aad74 !important;}&#8221; textcolor=&#8221;#ffffff&#8221;][vc_column_text]<\/p>\n<p style=\"text-align: center;\"><img loading=\"lazy\" decoding=\"async\" class=\"alignnone size-medium wp-image-4522\" src=\"https:\/\/littlegreenhouse.ch\/wp-content\/uploads\/2019\/12\/Holidays_white_2_FR-2-300x183.png\" alt=\"\" width=\"300\" height=\"183\" srcset=\"https:\/\/www.littlegreenhouse.ch\/wp-content\/uploads\/2019\/12\/Holidays_white_2_FR-2-300x183.png 300w, https:\/\/www.littlegreenhouse.ch\/wp-content\/uploads\/2019\/12\/Holidays_white_2_FR-2-768x468.png 768w, https:\/\/www.littlegreenhouse.ch\/wp-content\/uploads\/2019\/12\/Holidays_white_2_FR-2.png 800w\" sizes=\"auto, (max-width: 300px) 100vw, 300px\" \/><\/p>\n<p>&nbsp;<\/p>\n<p style=\"text-align: center;\">Pour nos employ\u00e9s. Pour vous et votre famille, nous l\u2019esp\u00e9rons. Mais pas souvent pour nos garderies.<\/p>\n<h3 style=\"text-align: center;\"><span style=\"color: #ffffff;\">Nous sommes ouverts toute l&#8217;ann\u00e9e.<\/span><\/h3>\n<p style=\"text-align: center;\">Et ne fermons que les jours f\u00e9ri\u00e9s officiels, durant 2 semaines entre No\u00ebl et Nouvel An et pour 2 jours de formation p\u00e9dagogique par an.<\/p>\n<p>[\/vc_column_text][\/vc_column][\/vc_row][vc_row gap=&#8221;30&#8243; equal_height=&#8221;yes&#8221; disable_element=&#8221;yes&#8221; css=&#8221;.vc_custom_1612161541595{margin-top: 0px !important;margin-right: 0px !important;margin-bottom: 0px !important;margin-left: 0px !important;}&#8221;][vc_column width=&#8221;1\/3&#8243; css=&#8221;.vc_custom_1578306751101{padding-top: 30px !important;padding-right: 20px !important;padding-left: 20px !important;background-color: #393939 !important;}&#8221;][vc_column_text css=&#8221;.vc_custom_1580209526636{padding-right: 10px !important;padding-left: 10px !important;}&#8221;]<a href=\"https:\/\/www.littlegreenhouse.ch\/fr\/the-club\/\"><img loading=\"lazy\" decoding=\"async\" class=\"aligncenter size-full wp-image-2695\" src=\"https:\/\/littlegreenhouse.ch\/wp-content\/uploads\/2019\/09\/the_club_logo_white.png\" alt=\"\" width=\"300\" height=\"310\" srcset=\"https:\/\/www.littlegreenhouse.ch\/wp-content\/uploads\/2019\/09\/the_club_logo_white.png 600w, https:\/\/www.littlegreenhouse.ch\/wp-content\/uploads\/2019\/09\/the_club_logo_white-290x300.png 290w\" sizes=\"auto, (max-width: 300px) 100vw, 300px\" \/><\/a>[\/vc_column_text][vc_column_text]<\/p>\n<h3 style=\"text-align: center;\"><span style=\"color: #ffffff;\">Activit\u00e9s fun et f\u00eates.<br \/>\nDiscussions et d\u00e9couvertes.<br \/>\n<\/span><\/h3>\n<h3><\/h3>\n<p>[\/vc_column_text][vc_btn title=&#8221;REJOIGNEZ NOTRE FABULEUX CLUB&#8221; style=&#8221;custom&#8221; custom_background=&#8221;#ffffff&#8221; custom_text=&#8221;#393939&#8243; align=&#8221;center&#8221; link=&#8221;url:https%3A%2F%2Fwww.littlegreenhouse.ch%2Ffr%2Fthe-club%2F||target:%20_blank|&#8221; css=&#8221;.vc_custom_1580209532643{margin-top: 20px !important;}&#8221;][\/vc_column][vc_column width=&#8221;2\/3&#8243;][vc_gallery interval=&#8221;3&#8243; images=&#8221;6225,6222,6219,6213,6201,6204,6228,6210,6207,6216&#8243; img_size=&#8221;full&#8221;][\/vc_column][\/vc_row][vc_row gap=&#8221;30&#8243; equal_height=&#8221;yes&#8221; css=&#8221;.vc_custom_1580120576077{margin-top: 0px !important;margin-right: 0px !important;margin-bottom: 50px !important;margin-left: 0px !important;}&#8221;][vc_column width=&#8221;1\/2&#8243; css=&#8221;.vc_custom_1580107230411{padding-right: 0px !important;padding-left: 0px !important;background-image: url(https:\/\/www.littlegreenhouse.ch\/wp-content\/uploads\/2020\/01\/the_little_blog_V9.png?id=5824) !important;background-position: center !important;background-repeat: no-repeat !important;background-size: cover !important;}&#8221;][vc_row_inner css=&#8221;.vc_custom_1558340314867{margin-top: 120px !important;}&#8221;][vc_column_inner width=&#8221;1\/3&#8243;][\/vc_column_inner][vc_column_inner width=&#8221;2\/3&#8243;][vc_column_text]<\/p>\n<p style=\"text-align: center;\"><strong><span style=\"color: #ffffff; font-size: 1.4em;\">A la recherche d\u2019inspirations, d\u2019informations ou juste<br \/>\npour rire un peu ?<\/span><\/strong><\/p>\n<p>[\/vc_column_text][vc_btn title=&#8221;D\u00c9COUVREZ NOTRE BLOG&#8221; style=&#8221;custom&#8221; custom_background=&#8221;#000000&#8243; custom_text=&#8221;#ffdc00&#8243; align=&#8221;center&#8221; link=&#8221;url:http%3A%2F%2Flittlegreenhouse.ch%2Fblog%2F||target:%20_blank|&#8221; css=&#8221;.vc_custom_1579548579566{margin-top: 30px !important;}&#8221;][\/vc_column_inner][\/vc_row_inner][\/vc_column][vc_column width=&#8221;1\/2&#8243; css=&#8221;.vc_custom_1558341841286{background-color: #000000 !important;}&#8221;][vc_column_text]<iframe loading=\"lazy\" src=\"https:\/\/www.youtube.com\/embed\/pvoM-ArqfQ8\" width=\"580\" height=\"332\" frameborder=\"0\" allowfullscreen=\"allowfullscreen\"><\/iframe>[\/vc_column_text][\/vc_column][\/vc_row]<\/p>\n","protected":false},"excerpt":{"rendered":"<p>[vc_row css=&#8221;.vc_custom_1573219653829{margin-top: 0px !important;margin-right: 15px !important;margin-left: 15px !important;background-color: #ffdc00 !important;}&#8221;][vc_column css=&#8221;.vc_custom_1566195737301{padding-top: 0px !important;padding-bottom: 0px !important;}&#8221;][vc_column_text css=&#8221;.vc_custom_1777032707717{margin-top: 50px !important;margin-bottom: 50px !important;}&#8221;] Partenaire des Parents [\/vc_column_text][\/vc_column][\/vc_row][vc_row gap=&#8221;30&#8243; equal_height=&#8221;yes&#8221; content_placement=&#8221;top&#8221; css=&#8221;.vc_custom_1566931433795{margin-top: 20px !important;}&#8221;][vc_column width=&#8221;2\/3&#8243; css=&#8221;.vc_custom_1560319784025{margin-top: 0px !important;margin-right: 0px !important;margin-bottom: 0px !important;margin-left: 0px !important;border-top-width: 0px !important;border-right-width: 0px !important;border-bottom-width: 0px !important;border-left-width: 0px !important;padding-top: 0px !important;padding-right: 0px !important;padding-bottom: 0px !important;padding-left: 0px &hellip; <a href=\"https:\/\/www.littlegreenhouse.ch\/fr\/une-creche-partenaire-des-parents\/\" title=\"Partenaire des parents\" class=\"read-more\">Read More<\/a><\/p>\n","protected":false},"author":1,"featured_media":4513,"parent":0,"menu_order":0,"comment_status":"closed","ping_status":"closed","template":"","meta":{"_monsterinsights_skip_tracking":false,"_monsterinsights_sitenote_active":false,"_monsterinsights_sitenote_note":"","_monsterinsights_sitenote_category":0,"footnotes":""},"class_list":["post-4042","page","type-page","status-publish","has-post-thumbnail","hentry"],"yoast_head":"<!-- This site is optimized with the Yoast SEO plugin v15.1.1 - https:\/\/yoast.com\/wordpress\/plugins\/seo\/ -->\n<title>Partenaire des parents - Little Green House<\/title>\n<meta name=\"description\" content=\"Nous sommes des partenaires des parents. Nous offrons des horaires d\u2019ouvertures flexibles pour les parents qui travaillent\" \/>\n<meta name=\"robots\" content=\"index, follow, max-snippet:-1, max-image-preview:large, max-video-preview:-1\" \/>\n<link rel=\"canonical\" href=\"https:\/\/www.littlegreenhouse.ch\/fr\/une-creche-partenaire-des-parents\/\" \/>\n<meta property=\"og:locale\" content=\"fr_FR\" \/>\n<meta property=\"og:type\" content=\"article\" \/>\n<meta property=\"og:title\" content=\"Partenaire des parents - Little Green House\" \/>\n<meta property=\"og:description\" content=\"Nous sommes des partenaires des parents. Nous offrons des horaires d\u2019ouvertures flexibles pour les parents qui travaillent\" \/>\n<meta property=\"og:url\" content=\"https:\/\/www.littlegreenhouse.ch\/fr\/une-creche-partenaire-des-parents\/\" \/>\n<meta property=\"og:site_name\" content=\"Little Green House\" \/>\n<meta property=\"article:publisher\" content=\"https:\/\/www.facebook.com\/littlegreenhouse.the.next.generation\/\" \/>\n<meta property=\"article:modified_time\" content=\"2026-04-24T12:11:57+00:00\" \/>\n<meta property=\"og:image\" content=\"https:\/\/www.littlegreenhouse.ch\/wp-content\/uploads\/2019\/09\/Little_green_House-Partner_to_parents_1.jpg\" \/>\n\t<meta property=\"og:image:width\" content=\"1200\" \/>\n\t<meta property=\"og:image:height\" content=\"800\" \/>\n<meta name=\"twitter:card\" content=\"summary_large_image\" \/>\n<meta name=\"twitter:creator\" content=\"@lg_house\" \/>\n<meta name=\"twitter:site\" content=\"@lg_house\" \/>\n<script type=\"application\/ld+json\" class=\"yoast-schema-graph\">{\"@context\":\"https:\/\/schema.org\",\"@graph\":[{\"@type\":\"Organization\",\"@id\":\"https:\/\/www.littlegreenhouse.ch\/fr\/#organization\",\"name\":\"Little Green House\",\"url\":\"https:\/\/www.littlegreenhouse.ch\/fr\/\",\"sameAs\":[\"https:\/\/www.facebook.com\/littlegreenhouse.the.next.generation\/\",\"https:\/\/www.instagram.com\/littlegreenhouse_childcare\/\",\"https:\/\/www.linkedin.com\/company\/little-green-house\/\",\"https:\/\/www.youtube.com\/channel\/UCPQiQBtt0Hp-4Y-HWPiIjyQ\",\"https:\/\/twitter.com\/lg_house\"],\"logo\":{\"@type\":\"ImageObject\",\"@id\":\"https:\/\/www.littlegreenhouse.ch\/fr\/#logo\",\"inLanguage\":\"fr-FR\",\"url\":\"https:\/\/www.littlegreenhouse.ch\/wp-content\/uploads\/2020\/01\/LGH_logo_2019.png\",\"width\":369,\"height\":283,\"caption\":\"Little Green House\"},\"image\":{\"@id\":\"https:\/\/www.littlegreenhouse.ch\/fr\/#logo\"}},{\"@type\":\"WebSite\",\"@id\":\"https:\/\/www.littlegreenhouse.ch\/fr\/#website\",\"url\":\"https:\/\/www.littlegreenhouse.ch\/fr\/\",\"name\":\"Little Green House\",\"description\":\"Cr\\u00e8che | Childcare | Kita\",\"publisher\":{\"@id\":\"https:\/\/www.littlegreenhouse.ch\/fr\/#organization\"},\"potentialAction\":[{\"@type\":\"SearchAction\",\"target\":\"https:\/\/www.littlegreenhouse.ch\/fr\/?s={search_term_string}\",\"query-input\":\"required name=search_term_string\"}],\"inLanguage\":\"fr-FR\"},{\"@type\":\"ImageObject\",\"@id\":\"https:\/\/www.littlegreenhouse.ch\/fr\/une-creche-partenaire-des-parents\/#primaryimage\",\"inLanguage\":\"fr-FR\",\"url\":\"https:\/\/www.littlegreenhouse.ch\/wp-content\/uploads\/2019\/09\/Little_green_House-Partner_to_parents_1.jpg\",\"width\":1200,\"height\":800},{\"@type\":\"WebPage\",\"@id\":\"https:\/\/www.littlegreenhouse.ch\/fr\/une-creche-partenaire-des-parents\/#webpage\",\"url\":\"https:\/\/www.littlegreenhouse.ch\/fr\/une-creche-partenaire-des-parents\/\",\"name\":\"Partenaire des parents - Little Green House\",\"isPartOf\":{\"@id\":\"https:\/\/www.littlegreenhouse.ch\/fr\/#website\"},\"primaryImageOfPage\":{\"@id\":\"https:\/\/www.littlegreenhouse.ch\/fr\/une-creche-partenaire-des-parents\/#primaryimage\"},\"datePublished\":\"2019-08-29T19:37:34+00:00\",\"dateModified\":\"2026-04-24T12:11:57+00:00\",\"description\":\"Nous sommes des partenaires des parents. Nous offrons des horaires d\\u2019ouvertures flexibles pour les parents qui travaillent\",\"inLanguage\":\"fr-FR\",\"potentialAction\":[{\"@type\":\"ReadAction\",\"target\":[\"https:\/\/www.littlegreenhouse.ch\/fr\/une-creche-partenaire-des-parents\/\"]}]}]}<\/script>\n<!-- \/ Yoast SEO plugin. -->","jetpack_sharing_enabled":true,"_links":{"self":[{"href":"https:\/\/www.littlegreenhouse.ch\/fr\/wp-json\/wp\/v2\/pages\/4042","targetHints":{"allow":["GET"]}}],"collection":[{"href":"https:\/\/www.littlegreenhouse.ch\/fr\/wp-json\/wp\/v2\/pages"}],"about":[{"href":"https:\/\/www.littlegreenhouse.ch\/fr\/wp-json\/wp\/v2\/types\/page"}],"author":[{"embeddable":true,"href":"https:\/\/www.littlegreenhouse.ch\/fr\/wp-json\/wp\/v2\/users\/1"}],"replies":[{"embeddable":true,"href":"https:\/\/www.littlegreenhouse.ch\/fr\/wp-json\/wp\/v2\/comments?post=4042"}],"version-history":[{"count":3,"href":"https:\/\/www.littlegreenhouse.ch\/fr\/wp-json\/wp\/v2\/pages\/4042\/revisions"}],"predecessor-version":[{"id":25254,"href":"https:\/\/www.littlegreenhouse.ch\/fr\/wp-json\/wp\/v2\/pages\/4042\/revisions\/25254"}],"wp:featuredmedia":[{"embeddable":true,"href":"https:\/\/www.littlegreenhouse.ch\/fr\/wp-json\/wp\/v2\/media\/4513"}],"wp:attachment":[{"href":"https:\/\/www.littlegreenhouse.ch\/fr\/wp-json\/wp\/v2\/media?parent=4042"}],"curies":[{"name":"wp","href":"https:\/\/api.w.org\/{rel}","templated":true}]}}