{"id":4047,"date":"2019-08-29T22:00:40","date_gmt":"2019-08-29T20:00:40","guid":{"rendered":"http:\/\/littlegreenhouse.ch\/NEW\/mighty-minds\/"},"modified":"2020-10-14T10:50:41","modified_gmt":"2020-10-14T08:50:41","slug":"esprits-forts-et-la-neuroscience","status":"publish","type":"page","link":"https:\/\/www.littlegreenhouse.ch\/fr\/esprits-forts-et-la-neuroscience\/","title":{"rendered":"Esprits forts"},"content":{"rendered":"<p>[vc_row css=&#8221;.vc_custom_1573220049362{margin-top: 0px !important;margin-right: 30px !important;margin-left: 0px !important;}&#8221;][vc_column css=&#8221;.vc_custom_1573219742146{margin-right: 15px !important;margin-left: 15px !important;padding-top: 0px !important;padding-bottom: 0px !important;background-color: #ffdc00 !important;}&#8221;][vc_column_text]<\/p>\n<h1 class=\"soustitreh1\"><span style=\"color: #000000;\">Esprits Forts<br \/>\n<\/span><\/h1>\n<p>[\/vc_column_text][\/vc_column][\/vc_row][vc_row gap=&#8221;30&#8243; equal_height=&#8221;yes&#8221; css=&#8221;.vc_custom_1573220070305{margin-top: 20px !important;margin-right: 1px !important;margin-left: 1px !important;}&#8221;][vc_column width=&#8221;1\/2&#8243; css=&#8221;.vc_custom_1567406702560{padding-top: 0px !important;padding-bottom: 0px !important;background-position: center !important;background-repeat: no-repeat !important;background-size: cover !important;}&#8221;][vc_single_image image=&#8221;4456&#8243; img_size=&#8221;full&#8221;][\/vc_column][vc_column width=&#8221;1\/2&#8243;][vc_single_image image=&#8221;2452&#8243; img_size=&#8221;full&#8221;][\/vc_column][\/vc_row][vc_row gap=&#8221;30&#8243; equal_height=&#8221;yes&#8221; content_placement=&#8221;top&#8221; css=&#8221;.vc_custom_1567846002056{margin-top: 00px !important;margin-right: 0px !important;margin-bottom: 0px !important;margin-left: 0px !important;padding-right: 0px !important;}&#8221;][vc_column width=&#8221;1\/3&#8243; css=&#8221;.vc_custom_1579595933012{margin-top: 0px !important;margin-right: 0px !important;margin-bottom: 0px !important;margin-left: 0px !important;border-top-width: 0px !important;border-right-width: 0px !important;border-bottom-width: 0px !important;border-left-width: 0px !important;padding-top: 30px !important;padding-right: 30px !important;padding-bottom: 30px !important;padding-left: 30px !important;background-color: #ed6c6c !important;}&#8221; textcolor=&#8221;#000000&#8243; offset=&#8221;vc_hidden-xs&#8221;][vc_single_image image=&#8221;4459&#8243; img_size=&#8221;full&#8221;][vc_column_text]<\/p>\n<h3 style=\"text-align: center;\"><span style=\"color: #000000;\">Relations<\/span><\/h3>\n<h3 style=\"text-align: center;\"><span style=\"color: #000000;\">Language<\/span><\/h3>\n<h3 style=\"text-align: center;\"><span style=\"color: #000000;\">Objets<\/span><\/h3>\n<h3 style=\"text-align: center;\"><span style=\"color: #000000;\">\u00c9motions<\/span><\/h3>\n<p style=\"text-align: center;\"><strong>Nous cr\u00e9ons un environnement s\u00fbr, dans lequel les enfants peuvent faire des exp\u00e9rimentations et vivre beaucoup d&#8217;exp\u00e9riences positives.<\/strong><\/p>\n<p style=\"text-align: center;\"><strong>Cela s&#8217;est av\u00e9r\u00e9 b\u00e9n\u00e9fique pour le d\u00e9veloppement du cerveau et de la neuroplasticit\u00e9, en stimulant la cr\u00e9ation de synapses et de connexions neurologiques. Tous ces \u00e9l\u00e9ments aident \u00e0 construire un esprit agile et &#8220;puissant&#8221;.<\/strong><\/p>\n<p>[\/vc_column_text][\/vc_column][vc_column width=&#8221;2\/3&#8243; css=&#8221;.vc_custom_1579595928218{padding-top: 30px !important;padding-right: 30px !important;padding-bottom: 0px !important;padding-left: 30px !important;background-color: #7c6fb0 !important;}&#8221; textcolor=&#8221;#ffffff&#8221; offset=&#8221;vc_hidden-xs&#8221;][vc_column_text css=&#8221;.vc_custom_1576828988778{margin-top: 0px !important;margin-bottom: 20px !important;}&#8221;]<\/p>\n<h3 style=\"text-align: center;\"><strong><span style=\"color: #ffffff;\">La qualit\u00e9 de l&#8217;environnement d\u00e8s le plus jeune \u00e2ge et les bonnes exp\u00e9riences au bon moment sont cruciales pour le d\u00e9veloppement du cerveau et les fondations pour les apprentissages \u00e0 venir dans la vie.<br \/>\n<\/span><\/strong><\/h3>\n<p>[\/vc_column_text][vc_column_text]<img loading=\"lazy\" decoding=\"async\" class=\"aligncenter size-full wp-image-4453\" src=\"https:\/\/littlegreenhouse.ch\/wp-content\/uploads\/2019\/12\/Positive_NEW_white_FR.png\" alt=\"\" width=\"1000\" height=\"600\" srcset=\"https:\/\/www.littlegreenhouse.ch\/wp-content\/uploads\/2019\/12\/Positive_NEW_white_FR.png 1000w, https:\/\/www.littlegreenhouse.ch\/wp-content\/uploads\/2019\/12\/Positive_NEW_white_FR-300x180.png 300w, https:\/\/www.littlegreenhouse.ch\/wp-content\/uploads\/2019\/12\/Positive_NEW_white_FR-768x461.png 768w\" sizes=\"auto, (max-width: 1000px) 100vw, 1000px\" \/>[\/vc_column_text][\/vc_column][\/vc_row][vc_row gap=&#8221;30&#8243; equal_height=&#8221;yes&#8221; content_placement=&#8221;top&#8221; css=&#8221;.vc_custom_1567846002056{margin-top: 00px !important;margin-right: 0px !important;margin-bottom: 0px !important;margin-left: 0px !important;padding-right: 0px !important;}&#8221;][vc_column width=&#8221;1\/3&#8243; css=&#8221;.vc_custom_1579595896347{margin-top: 0px !important;margin-right: 0px !important;margin-bottom: 0px !important;margin-left: 0px !important;border-top-width: 0px !important;border-right-width: 0px !important;border-bottom-width: 0px !important;border-left-width: 0px !important;padding-top: 30px !important;padding-right: 30px !important;padding-bottom: 30px !important;padding-left: 30px !important;background-color: #ed6c6c !important;}&#8221; textcolor=&#8221;#000000&#8243; offset=&#8221;vc_hidden-lg vc_hidden-md vc_hidden-sm&#8221;][vc_single_image image=&#8221;4459&#8243; img_size=&#8221;full&#8221;][vc_column_text]<\/p>\n<h3 style=\"text-align: center;\"><span style=\"color: #000000;\">Relations<\/span><\/h3>\n<h3 style=\"text-align: center;\"><span style=\"color: #000000;\">Language<\/span><\/h3>\n<h3 style=\"text-align: center;\"><span style=\"color: #000000;\">Objets<\/span><\/h3>\n<h3 style=\"text-align: center;\"><span style=\"color: #000000;\">\u00c9motions<\/span><\/h3>\n<p style=\"text-align: center;\"><strong>Nous cr\u00e9ons un environnement s\u00fbr, dans lequel les enfants peuvent faire des exp\u00e9rimentations et vivre beaucoup d&#8217;exp\u00e9riences positives.<\/strong><\/p>\n<p style=\"text-align: center;\"><strong>Cela s&#8217;est av\u00e9r\u00e9 b\u00e9n\u00e9fique pour le d\u00e9veloppement du cerveau et de la neuroplasticit\u00e9, en stimulant la cr\u00e9ation de synapses et de connexions neurologiques. Tous ces \u00e9l\u00e9ments aident \u00e0 construire un esprit agile et &#8220;puissant&#8221;.<\/strong><\/p>\n<p>[\/vc_column_text][\/vc_column][vc_column width=&#8221;2\/3&#8243; css=&#8221;.vc_custom_1579595908733{padding-top: 30px !important;padding-right: 30px !important;padding-bottom: 0px !important;padding-left: 30px !important;background-color: #7c6fb0 !important;}&#8221; textcolor=&#8221;#ffffff&#8221; offset=&#8221;vc_hidden-lg vc_hidden-md vc_hidden-sm&#8221;][vc_column_text css=&#8221;.vc_custom_1576828988778{margin-top: 0px !important;margin-bottom: 20px !important;}&#8221;]<\/p>\n<h3 style=\"text-align: center;\"><strong><span style=\"color: #ffffff;\">La qualit\u00e9 de l&#8217;environnement d\u00e8s le plus jeune \u00e2ge et les bonnes exp\u00e9riences au bon moment sont cruciales pour le d\u00e9veloppement du cerveau et les fondations pour les apprentissages \u00e0 venir dans la vie.<br \/>\n<\/span><\/strong><\/h3>\n<p>[\/vc_column_text][vc_column_text]<img loading=\"lazy\" decoding=\"async\" class=\"aligncenter size-full wp-image-5249\" src=\"https:\/\/littlegreenhouse.ch\/wp-content\/uploads\/2020\/01\/Positive_smart_white_FR.png\" alt=\"\" width=\"600\" height=\"600\" srcset=\"https:\/\/www.littlegreenhouse.ch\/wp-content\/uploads\/2020\/01\/Positive_smart_white_FR.png 600w, https:\/\/www.littlegreenhouse.ch\/wp-content\/uploads\/2020\/01\/Positive_smart_white_FR-150x150.png 150w, https:\/\/www.littlegreenhouse.ch\/wp-content\/uploads\/2020\/01\/Positive_smart_white_FR-300x300.png 300w\" sizes=\"auto, (max-width: 600px) 100vw, 600px\" \/>[\/vc_column_text][\/vc_column][\/vc_row][vc_row gap=&#8221;30&#8243; equal_height=&#8221;yes&#8221; content_placement=&#8221;top&#8221; css=&#8221;.vc_custom_1567846853390{margin-top: 00px !important;margin-right: 0px !important;margin-bottom: 50px !important;margin-left: 0px !important;padding-right: 0px !important;}&#8221;][vc_column css=&#8221;.vc_custom_1579595138134{margin-top: 0px !important;margin-right: 0px !important;margin-bottom: 0px !important;margin-left: 0px !important;border-top-width: 0px !important;border-right-width: 0px !important;border-bottom-width: 0px !important;border-left-width: 0px !important;padding-top: 30px !important;padding-right: 30px !important;padding-bottom: 30px !important;padding-left: 30px !important;background-color: #9bcc96 !important;}&#8221; textcolor=&#8221;#000000&#8243; offset=&#8221;vc_hidden-xs&#8221;][vc_column_text]<img loading=\"lazy\" decoding=\"async\" class=\"aligncenter size-full wp-image-4450\" src=\"https:\/\/littlegreenhouse.ch\/wp-content\/uploads\/2019\/12\/second_2_FR.png\" alt=\"\" width=\"1200\" height=\"222\" srcset=\"https:\/\/www.littlegreenhouse.ch\/wp-content\/uploads\/2019\/12\/second_2_FR.png 1200w, https:\/\/www.littlegreenhouse.ch\/wp-content\/uploads\/2019\/12\/second_2_FR-300x56.png 300w, https:\/\/www.littlegreenhouse.ch\/wp-content\/uploads\/2019\/12\/second_2_FR-768x142.png 768w, https:\/\/www.littlegreenhouse.ch\/wp-content\/uploads\/2019\/12\/second_2_FR-1024x189.png 1024w\" sizes=\"auto, (max-width: 1200px) 100vw, 1200px\" \/>[\/vc_column_text][vc_column_text css=&#8221;.vc_custom_1576829069979{padding-top: 30px !important;}&#8221;]<\/p>\n<h3>Les g\u00e8nes sont la carte initiale du d\u00e9veloppement, mais ce sont les exp\u00e9riences et les relations quotidiennes des b\u00e9b\u00e9s et des enfants qui fa\u00e7onnent litt\u00e9ralement leur cerveau \u00e0 un rythme \u00e9tonnant, chaque jour, \u00e0 chaque seconde.<\/h3>\n<p>[\/vc_column_text][\/vc_column][\/vc_row][vc_row gap=&#8221;30&#8243; equal_height=&#8221;yes&#8221; content_placement=&#8221;top&#8221; css=&#8221;.vc_custom_1567846853390{margin-top: 00px !important;margin-right: 0px !important;margin-bottom: 50px !important;margin-left: 0px !important;padding-right: 0px !important;}&#8221;][vc_column css=&#8221;.vc_custom_1579595132070{margin-top: 0px !important;margin-right: 0px !important;margin-bottom: 0px !important;margin-left: 0px !important;border-top-width: 0px !important;border-right-width: 0px !important;border-bottom-width: 0px !important;border-left-width: 0px !important;padding-top: 30px !important;padding-right: 30px !important;padding-bottom: 30px !important;padding-left: 30px !important;background-color: #9bcc96 !important;}&#8221; textcolor=&#8221;#000000&#8243; offset=&#8221;vc_hidden-lg vc_hidden-md vc_hidden-sm&#8221;][vc_column_text]<img loading=\"lazy\" decoding=\"async\" class=\"aligncenter size-full wp-image-5226\" src=\"https:\/\/littlegreenhouse.ch\/wp-content\/uploads\/2020\/01\/second_fr.png\" alt=\"\" width=\"800\" height=\"719\" srcset=\"https:\/\/www.littlegreenhouse.ch\/wp-content\/uploads\/2020\/01\/second_fr.png 800w, https:\/\/www.littlegreenhouse.ch\/wp-content\/uploads\/2020\/01\/second_fr-300x270.png 300w, https:\/\/www.littlegreenhouse.ch\/wp-content\/uploads\/2020\/01\/second_fr-768x690.png 768w\" sizes=\"auto, (max-width: 800px) 100vw, 800px\" \/>[\/vc_column_text][vc_column_text css=&#8221;.vc_custom_1576829069979{padding-top: 30px !important;}&#8221;]<\/p>\n<h3>Les g\u00e8nes sont la carte initiale du d\u00e9veloppement, mais ce sont les exp\u00e9riences et les relations quotidiennes des b\u00e9b\u00e9s et des enfants qui fa\u00e7onnent litt\u00e9ralement leur cerveau \u00e0 un rythme \u00e9tonnant, chaque jour, \u00e0 chaque seconde.<\/h3>\n<p>[\/vc_column_text][\/vc_column][\/vc_row]<\/p>\n","protected":false},"excerpt":{"rendered":"<p>[vc_row css=&#8221;.vc_custom_1573220049362{margin-top: 0px !important;margin-right: 30px !important;margin-left: 0px !important;}&#8221;][vc_column css=&#8221;.vc_custom_1573219742146{margin-right: 15px !important;margin-left: 15px !important;padding-top: 0px !important;padding-bottom: 0px !important;background-color: #ffdc00 !important;}&#8221;][vc_column_text] Esprits Forts [\/vc_column_text][\/vc_column][\/vc_row][vc_row gap=&#8221;30&#8243; equal_height=&#8221;yes&#8221; css=&#8221;.vc_custom_1573220070305{margin-top: 20px !important;margin-right: 1px !important;margin-left: 1px !important;}&#8221;][vc_column width=&#8221;1\/2&#8243; css=&#8221;.vc_custom_1567406702560{padding-top: 0px !important;padding-bottom: 0px !important;background-position: center !important;background-repeat: no-repeat !important;background-size: cover !important;}&#8221;][vc_single_image image=&#8221;4456&#8243; img_size=&#8221;full&#8221;][\/vc_column][vc_column width=&#8221;1\/2&#8243;][vc_single_image image=&#8221;2452&#8243; img_size=&#8221;full&#8221;][\/vc_column][\/vc_row][vc_row gap=&#8221;30&#8243; equal_height=&#8221;yes&#8221; content_placement=&#8221;top&#8221; css=&#8221;.vc_custom_1567846002056{margin-top: 00px !important;margin-right: 0px &hellip; <a href=\"https:\/\/www.littlegreenhouse.ch\/fr\/esprits-forts-et-la-neuroscience\/\" title=\"Esprits forts\" class=\"read-more\">Read More<\/a><\/p>\n","protected":false},"author":1,"featured_media":4471,"parent":0,"menu_order":0,"comment_status":"closed","ping_status":"closed","template":"","meta":{"_monsterinsights_skip_tracking":false,"_monsterinsights_sitenote_active":false,"_monsterinsights_sitenote_note":"","_monsterinsights_sitenote_category":0,"footnotes":""},"class_list":["post-4047","page","type-page","status-publish","has-post-thumbnail","hentry"],"yoast_head":"<!-- This site is optimized with the Yoast SEO plugin v15.1.1 - https:\/\/yoast.com\/wordpress\/plugins\/seo\/ -->\n<title>Esprits forts - Little Green House<\/title>\n<meta name=\"description\" content=\"Des esprits forts. Nous nourrissons l&#039;esprit des enfants gr\u00e2ce \u00e0 des exp\u00e9riences positives qui stimulent la neuroplasticit\u00e9 du cerveau\" \/>\n<meta name=\"robots\" content=\"index, follow, max-snippet:-1, max-image-preview:large, max-video-preview:-1\" \/>\n<link rel=\"canonical\" href=\"https:\/\/www.littlegreenhouse.ch\/fr\/esprits-forts-et-la-neuroscience\/\" \/>\n<meta property=\"og:locale\" content=\"fr_FR\" \/>\n<meta property=\"og:type\" content=\"article\" \/>\n<meta property=\"og:title\" content=\"Esprits forts - Little Green House\" \/>\n<meta property=\"og:description\" content=\"Des esprits forts. Nous nourrissons l&#039;esprit des enfants gr\u00e2ce \u00e0 des exp\u00e9riences positives qui stimulent la neuroplasticit\u00e9 du cerveau\" \/>\n<meta property=\"og:url\" content=\"https:\/\/www.littlegreenhouse.ch\/fr\/esprits-forts-et-la-neuroscience\/\" \/>\n<meta property=\"og:site_name\" content=\"Little Green House\" \/>\n<meta property=\"article:publisher\" content=\"https:\/\/www.facebook.com\/littlegreenhouse.the.next.generation\/\" \/>\n<meta property=\"article:modified_time\" content=\"2020-10-14T08:50:41+00:00\" \/>\n<meta property=\"og:image\" content=\"https:\/\/www.littlegreenhouse.ch\/wp-content\/uploads\/2019\/09\/Mighty_minds.jpg\" \/>\n\t<meta property=\"og:image:width\" content=\"1200\" \/>\n\t<meta property=\"og:image:height\" content=\"800\" \/>\n<meta name=\"twitter:card\" content=\"summary_large_image\" \/>\n<meta name=\"twitter:creator\" content=\"@lg_house\" \/>\n<meta name=\"twitter:site\" content=\"@lg_house\" \/>\n<script type=\"application\/ld+json\" class=\"yoast-schema-graph\">{\"@context\":\"https:\/\/schema.org\",\"@graph\":[{\"@type\":\"Organization\",\"@id\":\"https:\/\/www.littlegreenhouse.ch\/fr\/#organization\",\"name\":\"Little Green House\",\"url\":\"https:\/\/www.littlegreenhouse.ch\/fr\/\",\"sameAs\":[\"https:\/\/www.facebook.com\/littlegreenhouse.the.next.generation\/\",\"https:\/\/www.instagram.com\/littlegreenhouse_childcare\/\",\"https:\/\/www.linkedin.com\/company\/little-green-house\/\",\"https:\/\/www.youtube.com\/channel\/UCPQiQBtt0Hp-4Y-HWPiIjyQ\",\"https:\/\/twitter.com\/lg_house\"],\"logo\":{\"@type\":\"ImageObject\",\"@id\":\"https:\/\/www.littlegreenhouse.ch\/fr\/#logo\",\"inLanguage\":\"fr-FR\",\"url\":\"https:\/\/www.littlegreenhouse.ch\/wp-content\/uploads\/2020\/01\/LGH_logo_2019.png\",\"width\":369,\"height\":283,\"caption\":\"Little Green House\"},\"image\":{\"@id\":\"https:\/\/www.littlegreenhouse.ch\/fr\/#logo\"}},{\"@type\":\"WebSite\",\"@id\":\"https:\/\/www.littlegreenhouse.ch\/fr\/#website\",\"url\":\"https:\/\/www.littlegreenhouse.ch\/fr\/\",\"name\":\"Little Green House\",\"description\":\"Cr\\u00e8che | Childcare | Kita\",\"publisher\":{\"@id\":\"https:\/\/www.littlegreenhouse.ch\/fr\/#organization\"},\"potentialAction\":[{\"@type\":\"SearchAction\",\"target\":\"https:\/\/www.littlegreenhouse.ch\/fr\/?s={search_term_string}\",\"query-input\":\"required name=search_term_string\"}],\"inLanguage\":\"fr-FR\"},{\"@type\":\"ImageObject\",\"@id\":\"https:\/\/www.littlegreenhouse.ch\/fr\/esprits-forts-et-la-neuroscience\/#primaryimage\",\"inLanguage\":\"fr-FR\",\"url\":\"https:\/\/www.littlegreenhouse.ch\/wp-content\/uploads\/2019\/09\/Mighty_minds.jpg\",\"width\":1200,\"height\":800},{\"@type\":\"WebPage\",\"@id\":\"https:\/\/www.littlegreenhouse.ch\/fr\/esprits-forts-et-la-neuroscience\/#webpage\",\"url\":\"https:\/\/www.littlegreenhouse.ch\/fr\/esprits-forts-et-la-neuroscience\/\",\"name\":\"Esprits forts - Little Green House\",\"isPartOf\":{\"@id\":\"https:\/\/www.littlegreenhouse.ch\/fr\/#website\"},\"primaryImageOfPage\":{\"@id\":\"https:\/\/www.littlegreenhouse.ch\/fr\/esprits-forts-et-la-neuroscience\/#primaryimage\"},\"datePublished\":\"2019-08-29T20:00:40+00:00\",\"dateModified\":\"2020-10-14T08:50:41+00:00\",\"description\":\"Des esprits forts. Nous nourrissons l'esprit des enfants gr\\u00e2ce \\u00e0 des exp\\u00e9riences positives qui stimulent la neuroplasticit\\u00e9 du cerveau\",\"inLanguage\":\"fr-FR\",\"potentialAction\":[{\"@type\":\"ReadAction\",\"target\":[\"https:\/\/www.littlegreenhouse.ch\/fr\/esprits-forts-et-la-neuroscience\/\"]}]}]}<\/script>\n<!-- \/ Yoast SEO plugin. -->","jetpack_sharing_enabled":true,"_links":{"self":[{"href":"https:\/\/www.littlegreenhouse.ch\/fr\/wp-json\/wp\/v2\/pages\/4047","targetHints":{"allow":["GET"]}}],"collection":[{"href":"https:\/\/www.littlegreenhouse.ch\/fr\/wp-json\/wp\/v2\/pages"}],"about":[{"href":"https:\/\/www.littlegreenhouse.ch\/fr\/wp-json\/wp\/v2\/types\/page"}],"author":[{"embeddable":true,"href":"https:\/\/www.littlegreenhouse.ch\/fr\/wp-json\/wp\/v2\/users\/1"}],"replies":[{"embeddable":true,"href":"https:\/\/www.littlegreenhouse.ch\/fr\/wp-json\/wp\/v2\/comments?post=4047"}],"version-history":[{"count":0,"href":"https:\/\/www.littlegreenhouse.ch\/fr\/wp-json\/wp\/v2\/pages\/4047\/revisions"}],"wp:featuredmedia":[{"embeddable":true,"href":"https:\/\/www.littlegreenhouse.ch\/fr\/wp-json\/wp\/v2\/media\/4471"}],"wp:attachment":[{"href":"https:\/\/www.littlegreenhouse.ch\/fr\/wp-json\/wp\/v2\/media?parent=4047"}],"curies":[{"name":"wp","href":"https:\/\/api.w.org\/{rel}","templated":true}]}}