{"id":4051,"date":"2019-11-20T13:33:01","date_gmt":"2019-11-20T12:33:01","guid":{"rendered":"http:\/\/littlegreenhouse.ch\/NEW\/our-vision-and-philosophy\/"},"modified":"2026-04-24T13:25:26","modified_gmt":"2026-04-24T11:25:26","slug":"notre-philosophie","status":"publish","type":"page","link":"https:\/\/www.littlegreenhouse.ch\/fr\/notre-philosophie\/","title":{"rendered":"Notre philosophie"},"content":{"rendered":"<p>[vc_row css=&#8221;.vc_custom_1573219653829{margin-top: 0px !important;margin-right: 15px !important;margin-left: 15px !important;background-color: #ffdc00 !important;}&#8221;][vc_column css=&#8221;.vc_custom_1566195737301{padding-top: 0px !important;padding-bottom: 0px !important;}&#8221;][vc_column_text css=&#8221;.vc_custom_1777029921011{margin-top: 50px !important;margin-bottom: 50px !important;}&#8221;]<\/p>\n<h1 class=\"soustitreh1\"><span style=\"color: #000000;\">Notre Vision et Philosophie<\/span><\/h1>\n<p>[\/vc_column_text][\/vc_column][\/vc_row][vc_row gap=&#8221;30&#8243; equal_height=&#8221;yes&#8221; content_placement=&#8221;top&#8221; css=&#8221;.vc_custom_1566931433795{margin-top: 20px !important;}&#8221;][vc_column width=&#8221;2\/3&#8243; css=&#8221;.vc_custom_1560319784025{margin-top: 0px !important;margin-right: 0px !important;margin-bottom: 0px !important;margin-left: 0px !important;border-top-width: 0px !important;border-right-width: 0px !important;border-bottom-width: 0px !important;border-left-width: 0px !important;padding-top: 0px !important;padding-right: 0px !important;padding-bottom: 0px !important;padding-left: 0px !important;}&#8221;][vc_gallery interval=&#8221;5&#8243; images=&#8221;3904,3845,3877,3925,3927,3829&#8243; img_size=&#8221;full&#8221; css=&#8221;.vc_custom_1579697425990{margin-top: 0px !important;margin-right: 0px !important;margin-bottom: 0px !important;margin-left: 0px !important;border-top-width: 0px !important;border-right-width: 0px !important;border-bottom-width: 0px !important;border-left-width: 0px !important;padding-top: 0px !important;padding-right: 0px !important;padding-bottom: 0px !important;padding-left: 0px !important;}&#8221;][\/vc_column][vc_column width=&#8221;1\/3&#8243; css=&#8221;.vc_custom_1574253418705{padding-top: 20px !important;padding-right: 25px !important;padding-bottom: 0px !important;padding-left: 25px !important;background-color: #9bcc96 !important;}&#8221;][vc_column_text]<\/p>\n<h4 style=\"text-align: center; font-size: 1.6em; margin-bottom: 20px;\"><strong>Nous aimerions que les enfants de Little Green House deviennent d&#8217;<\/strong><\/h4>\n<p><img loading=\"lazy\" decoding=\"async\" class=\"aligncenter size-full wp-image-4600\" src=\"https:\/\/littlegreenhouse.ch\/wp-content\/uploads\/2019\/12\/happy_2_FR.png\" alt=\"\" width=\"800\" height=\"677\" srcset=\"https:\/\/www.littlegreenhouse.ch\/wp-content\/uploads\/2019\/12\/happy_2_FR.png 800w, https:\/\/www.littlegreenhouse.ch\/wp-content\/uploads\/2019\/12\/happy_2_FR-300x254.png 300w, https:\/\/www.littlegreenhouse.ch\/wp-content\/uploads\/2019\/12\/happy_2_FR-768x650.png 768w\" sizes=\"auto, (max-width: 800px) 100vw, 800px\" \/>[\/vc_column_text][\/vc_column][\/vc_row][vc_row gap=&#8221;30&#8243; equal_height=&#8221;yes&#8221; content_placement=&#8221;top&#8221; css=&#8221;.vc_custom_1575056889848{margin-top: 0px !important;margin-bottom: 0px !important;}&#8221;][vc_column width=&#8221;1\/2&#8243; css=&#8221;.vc_custom_1577439329166{padding-top: 20px !important;padding-right: 25px !important;padding-bottom: 0px !important;padding-left: 30px !important;background-color: #7ac7c1 !important;}&#8221;][vc_column_text]<\/p>\n<p style=\"margin-bottom: 0px;\"><strong>Nous savons que cela peut sembler un peu r\u00eaveur, mais c&#8217;est la raison pour laquelle nous sommes l\u00e0, tous les jours, afin d&#8217;essayer de cr\u00e9er un environnement dans lequel les petits enfants peuvent<br \/>\n<\/strong><\/p>\n<p><img loading=\"lazy\" decoding=\"async\" class=\"aligncenter size-full wp-image-4597\" src=\"https:\/\/littlegreenhouse.ch\/wp-content\/uploads\/2019\/12\/develop_3_FR.png\" alt=\"\" width=\"800\" height=\"115\" srcset=\"https:\/\/www.littlegreenhouse.ch\/wp-content\/uploads\/2019\/12\/develop_3_FR.png 800w, https:\/\/www.littlegreenhouse.ch\/wp-content\/uploads\/2019\/12\/develop_3_FR-300x43.png 300w, https:\/\/www.littlegreenhouse.ch\/wp-content\/uploads\/2019\/12\/develop_3_FR-768x110.png 768w\" sizes=\"auto, (max-width: 800px) 100vw, 800px\" \/><\/p>\n<p style=\"margin-top: 0px;\"><strong>apprendre \u00e0 leur propre rythme. Ceci en \u00e9tant pleinement appr\u00e9ci\u00e9s et aim\u00e9s pour ce qu&#8217;ils sont, en \u00e9tant soutenus, et stimul\u00e9s \u00e0 d\u00e9velopper tout leur potentiel.<\/strong><\/p>\n<p>[\/vc_column_text][\/vc_column][vc_column width=&#8221;1\/2&#8243; css=&#8221;.vc_custom_1577439228486{margin-top: 0px !important;margin-right: 0px !important;margin-bottom: 0px !important;margin-left: 0px !important;border-top-width: 0px !important;border-right-width: 0px !important;border-bottom-width: 0px !important;border-left-width: 0px !important;padding-top: 20px !important;padding-right: 20px !important;padding-bottom: 20px !important;padding-left: 30px !important;background-color: #2aad74 !important;}&#8221; textcolor=&#8221;#ffffff&#8221;][vc_column_text]Le bien-\u00eatre \u00e9motionnel et les comp\u00e9tences sociales sont les piliers\u00a0pour les<br \/>\n<img loading=\"lazy\" decoding=\"async\" class=\"aligncenter size-full wp-image-4607\" src=\"https:\/\/littlegreenhouse.ch\/wp-content\/uploads\/2019\/12\/emerging-cognitive-abilities_FR-2.png\" alt=\"\" width=\"800\" height=\"92\" srcset=\"https:\/\/www.littlegreenhouse.ch\/wp-content\/uploads\/2019\/12\/emerging-cognitive-abilities_FR-2.png 800w, https:\/\/www.littlegreenhouse.ch\/wp-content\/uploads\/2019\/12\/emerging-cognitive-abilities_FR-2-300x35.png 300w, https:\/\/www.littlegreenhouse.ch\/wp-content\/uploads\/2019\/12\/emerging-cognitive-abilities_FR-2-768x88.png 768w\" sizes=\"auto, (max-width: 800px) 100vw, 800px\" \/><\/p>\n<p>naissantes des enfants et un d\u00e9veloppement sain de leur cerveau. La sant\u00e9 \u00e9motionnelle et physique, les aptitudes sociales et les capacit\u00e9s linguistiques cognitives qui naissent au cours des premi\u00e8res ann\u00e9es de la vie sont toutes des conditions pr\u00e9alables importantes \u00e0 la r\u00e9ussite scolaire et plus tard dans la vie.[\/vc_column_text][\/vc_column][\/vc_row][vc_row css=&#8221;.vc_custom_1575058719165{margin-top: 20px !important;margin-right: 10px !important;margin-left: 10px !important;padding-top: 0px !important;padding-right: 50px !important;padding-bottom: 10px !important;padding-left: 50px !important;background-color: #ffdc00 !important;}&#8221;][vc_column offset=&#8221;vc_hidden-xs&#8221;][vc_column_text]<img loading=\"lazy\" decoding=\"async\" class=\"aligncenter size-full wp-image-4591\" src=\"http:\/\/littlegreenhouse.ch\/NEW\/wp-content\/uploads\/2019\/12\/freely-2_FR.png\" alt=\"\" width=\"1200\" height=\"446\" srcset=\"https:\/\/www.littlegreenhouse.ch\/wp-content\/uploads\/2019\/12\/freely-2_FR.png 1200w, https:\/\/www.littlegreenhouse.ch\/wp-content\/uploads\/2019\/12\/freely-2_FR-300x112.png 300w, https:\/\/www.littlegreenhouse.ch\/wp-content\/uploads\/2019\/12\/freely-2_FR-768x285.png 768w, https:\/\/www.littlegreenhouse.ch\/wp-content\/uploads\/2019\/12\/freely-2_FR-1024x381.png 1024w\" sizes=\"auto, (max-width: 1200px) 100vw, 1200px\" \/>[\/vc_column_text][\/vc_column][\/vc_row][vc_row css=&#8221;.vc_custom_1580122414774{margin-top: 0px !important;margin-right: 10px !important;margin-left: 10px !important;padding-top: 0px !important;padding-right: 50px !important;padding-bottom: 10px !important;padding-left: 50px !important;}&#8221;][vc_column css=&#8221;.vc_custom_1580122436026{margin-top: 20px !important;background-color: #ffdc00 !important;}&#8221; offset=&#8221;vc_hidden-lg vc_hidden-md vc_hidden-sm&#8221;][vc_column_text]<img loading=\"lazy\" decoding=\"async\" class=\"aligncenter size-full wp-image-5946\" src=\"https:\/\/www.littlegreenhouse.ch\/wp-content\/uploads\/2020\/01\/freely-2_smart_FR.png\" alt=\"\" width=\"600\" height=\"750\" srcset=\"https:\/\/www.littlegreenhouse.ch\/wp-content\/uploads\/2020\/01\/freely-2_smart_FR.png 600w, https:\/\/www.littlegreenhouse.ch\/wp-content\/uploads\/2020\/01\/freely-2_smart_FR-240x300.png 240w\" sizes=\"auto, (max-width: 600px) 100vw, 600px\" \/>[\/vc_column_text][\/vc_column][\/vc_row][vc_row gap=&#8221;30&#8243; equal_height=&#8221;yes&#8221; content_placement=&#8221;top&#8221; css=&#8221;.vc_custom_1575058726193{margin-top: 20px !important;margin-bottom: 50px !important;}&#8221;][vc_column width=&#8221;1\/2&#8243; css=&#8221;.vc_custom_1577439300982{margin-top: 0px !important;margin-right: 0px !important;margin-bottom: 0px !important;margin-left: 0px !important;border-top-width: 0px !important;border-right-width: 0px !important;border-bottom-width: 0px !important;border-left-width: 0px !important;padding-top: 20px !important;padding-right: 25px !important;padding-bottom: 20px !important;padding-left: 30px !important;background-color: #2aad74 !important;}&#8221; textcolor=&#8221;#ffffff&#8221;][vc_column_text]<img loading=\"lazy\" decoding=\"async\" class=\"aligncenter size-full wp-image-4588\" src=\"https:\/\/littlegreenhouse.ch\/wp-content\/uploads\/2019\/12\/We-love-to-be-inspired-4_FR.png\" alt=\"\" width=\"800\" height=\"215\" srcset=\"https:\/\/www.littlegreenhouse.ch\/wp-content\/uploads\/2019\/12\/We-love-to-be-inspired-4_FR.png 800w, https:\/\/www.littlegreenhouse.ch\/wp-content\/uploads\/2019\/12\/We-love-to-be-inspired-4_FR-300x81.png 300w, https:\/\/www.littlegreenhouse.ch\/wp-content\/uploads\/2019\/12\/We-love-to-be-inspired-4_FR-768x206.png 768w\" sizes=\"auto, (max-width: 800px) 100vw, 800px\" \/><br \/>\n<strong>Pour notre approche en mati\u00e8re de garde d&#8217;enfants, nous nous basons sur les connaissances neuroscientifiques les plus r\u00e9centes, aussi bien sur le d\u00e9veloppement des jeunes enfants, que sur les philosophies \u00e9ducatives de Maria Montessori, Loris Malaguzzi (Reggio Emilia) et Rudolf Steiner. Ils croient tous aux capacit\u00e9s intrins\u00e8ques des enfants et \u00e0 leur puissance naturelle et personnelle de d\u00e9veloppement.<\/strong>[\/vc_column_text][\/vc_column][vc_column width=&#8221;1\/2&#8243; css=&#8221;.vc_custom_1577439380875{padding-top: 30px !important;padding-right: 30px !important;padding-bottom: 0px !important;padding-left: 30px !important;background-color: #7ac7c1 !important;}&#8221;][vc_column_text]<img loading=\"lazy\" decoding=\"async\" class=\"aligncenter size-full wp-image-4585\" src=\"https:\/\/littlegreenhouse.ch\/wp-content\/uploads\/2019\/12\/playing-5_FR.png\" alt=\"\" width=\"800\" height=\"155\" srcset=\"https:\/\/www.littlegreenhouse.ch\/wp-content\/uploads\/2019\/12\/playing-5_FR.png 800w, https:\/\/www.littlegreenhouse.ch\/wp-content\/uploads\/2019\/12\/playing-5_FR-300x58.png 300w, https:\/\/www.littlegreenhouse.ch\/wp-content\/uploads\/2019\/12\/playing-5_FR-768x149.png 768w\" sizes=\"auto, (max-width: 800px) 100vw, 800px\" \/><\/p>\n<p style=\"margin-top: 20px;\"><strong>En jouant, les enfants apprennent \u00e0 conna\u00eetre le monde, les autres et surtout eux-m\u00eames. Jouer, c&#8217;est le plaisir de d\u00e9couvrir, d&#8217;essayer, d&#8217;inventer, de cr\u00e9er, de copier et d&#8217;imiter. Il s&#8217;agit d&#8217;acqu\u00e9rir des comp\u00e9tences sociales, \u00e9motionnelles et cognitives de fa\u00e7on ludique. C&#8217;est de cette mani\u00e8re que les enfants acqui\u00e8rent confiance en eux et d\u00e9veloppent un sens de l&#8217;autod\u00e9termination et un comportement social qui les pr\u00e9pare \u00e0 l&#8217;\u00e9cole, ainsi qu&#8217;\u00e0 une vie active et affirm\u00e9e.<\/strong><\/p>\n<p>[\/vc_column_text][\/vc_column][\/vc_row]<\/p>\n","protected":false},"excerpt":{"rendered":"<p>[vc_row css=&#8221;.vc_custom_1573219653829{margin-top: 0px !important;margin-right: 15px !important;margin-left: 15px !important;background-color: #ffdc00 !important;}&#8221;][vc_column css=&#8221;.vc_custom_1566195737301{padding-top: 0px !important;padding-bottom: 0px !important;}&#8221;][vc_column_text css=&#8221;.vc_custom_1777029921011{margin-top: 50px !important;margin-bottom: 50px !important;}&#8221;] Notre Vision et Philosophie [\/vc_column_text][\/vc_column][\/vc_row][vc_row gap=&#8221;30&#8243; equal_height=&#8221;yes&#8221; content_placement=&#8221;top&#8221; css=&#8221;.vc_custom_1566931433795{margin-top: 20px !important;}&#8221;][vc_column width=&#8221;2\/3&#8243; css=&#8221;.vc_custom_1560319784025{margin-top: 0px !important;margin-right: 0px !important;margin-bottom: 0px !important;margin-left: 0px !important;border-top-width: 0px !important;border-right-width: 0px !important;border-bottom-width: 0px !important;border-left-width: 0px !important;padding-top: 0px !important;padding-right: 0px !important;padding-bottom: 0px !important;padding-left: &hellip; <a href=\"https:\/\/www.littlegreenhouse.ch\/fr\/notre-philosophie\/\" title=\"Notre philosophie\" class=\"read-more\">Read More<\/a><\/p>\n","protected":false},"author":1,"featured_media":3901,"parent":0,"menu_order":0,"comment_status":"closed","ping_status":"closed","template":"","meta":{"_monsterinsights_skip_tracking":false,"_monsterinsights_sitenote_active":false,"_monsterinsights_sitenote_note":"","_monsterinsights_sitenote_category":0,"footnotes":""},"class_list":["post-4051","page","type-page","status-publish","has-post-thumbnail","hentry"],"yoast_head":"<!-- This site is optimized with the Yoast SEO plugin v15.1.1 - https:\/\/yoast.com\/wordpress\/plugins\/seo\/ -->\n<title>Notre philosophie - Little Green House<\/title>\n<meta name=\"description\" content=\"Notre philosophie: nous aimerions que les enfants de notre cr\u00e8che deviennent d\u2019heureux, cr\u00e9atifs citoyens de demain libres penseurs\" \/>\n<meta name=\"robots\" content=\"index, follow, max-snippet:-1, max-image-preview:large, max-video-preview:-1\" \/>\n<link rel=\"canonical\" href=\"https:\/\/www.littlegreenhouse.ch\/fr\/notre-philosophie\/\" \/>\n<meta property=\"og:locale\" content=\"fr_FR\" \/>\n<meta property=\"og:type\" content=\"article\" \/>\n<meta property=\"og:title\" content=\"Notre philosophie - Little Green House\" \/>\n<meta property=\"og:description\" content=\"Notre philosophie: nous aimerions que les enfants de notre cr\u00e8che deviennent d\u2019heureux, cr\u00e9atifs citoyens de demain libres penseurs\" \/>\n<meta property=\"og:url\" content=\"https:\/\/www.littlegreenhouse.ch\/fr\/notre-philosophie\/\" \/>\n<meta property=\"og:site_name\" content=\"Little Green House\" \/>\n<meta property=\"article:publisher\" content=\"https:\/\/www.facebook.com\/littlegreenhouse.the.next.generation\/\" \/>\n<meta property=\"article:modified_time\" content=\"2026-04-24T11:25:26+00:00\" \/>\n<meta property=\"og:image\" content=\"https:\/\/www.littlegreenhouse.ch\/wp-content\/uploads\/2019\/09\/Creche_Daycare_Kita_Versoix_IMG_20190423_162406.jpg\" \/>\n\t<meta property=\"og:image:width\" content=\"1200\" \/>\n\t<meta property=\"og:image:height\" content=\"800\" \/>\n<meta name=\"twitter:card\" content=\"summary_large_image\" \/>\n<meta name=\"twitter:creator\" content=\"@lg_house\" \/>\n<meta name=\"twitter:site\" content=\"@lg_house\" \/>\n<script type=\"application\/ld+json\" class=\"yoast-schema-graph\">{\"@context\":\"https:\/\/schema.org\",\"@graph\":[{\"@type\":\"Organization\",\"@id\":\"https:\/\/www.littlegreenhouse.ch\/fr\/#organization\",\"name\":\"Little Green House\",\"url\":\"https:\/\/www.littlegreenhouse.ch\/fr\/\",\"sameAs\":[\"https:\/\/www.facebook.com\/littlegreenhouse.the.next.generation\/\",\"https:\/\/www.instagram.com\/littlegreenhouse_childcare\/\",\"https:\/\/www.linkedin.com\/company\/little-green-house\/\",\"https:\/\/www.youtube.com\/channel\/UCPQiQBtt0Hp-4Y-HWPiIjyQ\",\"https:\/\/twitter.com\/lg_house\"],\"logo\":{\"@type\":\"ImageObject\",\"@id\":\"https:\/\/www.littlegreenhouse.ch\/fr\/#logo\",\"inLanguage\":\"fr-FR\",\"url\":\"https:\/\/www.littlegreenhouse.ch\/wp-content\/uploads\/2020\/01\/LGH_logo_2019.png\",\"width\":369,\"height\":283,\"caption\":\"Little Green House\"},\"image\":{\"@id\":\"https:\/\/www.littlegreenhouse.ch\/fr\/#logo\"}},{\"@type\":\"WebSite\",\"@id\":\"https:\/\/www.littlegreenhouse.ch\/fr\/#website\",\"url\":\"https:\/\/www.littlegreenhouse.ch\/fr\/\",\"name\":\"Little Green House\",\"description\":\"Cr\\u00e8che | Childcare | Kita\",\"publisher\":{\"@id\":\"https:\/\/www.littlegreenhouse.ch\/fr\/#organization\"},\"potentialAction\":[{\"@type\":\"SearchAction\",\"target\":\"https:\/\/www.littlegreenhouse.ch\/fr\/?s={search_term_string}\",\"query-input\":\"required name=search_term_string\"}],\"inLanguage\":\"fr-FR\"},{\"@type\":\"ImageObject\",\"@id\":\"https:\/\/www.littlegreenhouse.ch\/fr\/notre-philosophie\/#primaryimage\",\"inLanguage\":\"fr-FR\",\"url\":\"https:\/\/www.littlegreenhouse.ch\/wp-content\/uploads\/2019\/09\/Creche_Daycare_Kita_Versoix_IMG_20190423_162406.jpg\",\"width\":1200,\"height\":800},{\"@type\":\"WebPage\",\"@id\":\"https:\/\/www.littlegreenhouse.ch\/fr\/notre-philosophie\/#webpage\",\"url\":\"https:\/\/www.littlegreenhouse.ch\/fr\/notre-philosophie\/\",\"name\":\"Notre philosophie - Little Green House\",\"isPartOf\":{\"@id\":\"https:\/\/www.littlegreenhouse.ch\/fr\/#website\"},\"primaryImageOfPage\":{\"@id\":\"https:\/\/www.littlegreenhouse.ch\/fr\/notre-philosophie\/#primaryimage\"},\"datePublished\":\"2019-11-20T12:33:01+00:00\",\"dateModified\":\"2026-04-24T11:25:26+00:00\",\"description\":\"Notre philosophie: nous aimerions que les enfants de notre cr\\u00e8che deviennent d\\u2019heureux, cr\\u00e9atifs citoyens de demain libres penseurs\",\"inLanguage\":\"fr-FR\",\"potentialAction\":[{\"@type\":\"ReadAction\",\"target\":[\"https:\/\/www.littlegreenhouse.ch\/fr\/notre-philosophie\/\"]}]}]}<\/script>\n<!-- \/ Yoast SEO plugin. -->","jetpack_sharing_enabled":true,"_links":{"self":[{"href":"https:\/\/www.littlegreenhouse.ch\/fr\/wp-json\/wp\/v2\/pages\/4051","targetHints":{"allow":["GET"]}}],"collection":[{"href":"https:\/\/www.littlegreenhouse.ch\/fr\/wp-json\/wp\/v2\/pages"}],"about":[{"href":"https:\/\/www.littlegreenhouse.ch\/fr\/wp-json\/wp\/v2\/types\/page"}],"author":[{"embeddable":true,"href":"https:\/\/www.littlegreenhouse.ch\/fr\/wp-json\/wp\/v2\/users\/1"}],"replies":[{"embeddable":true,"href":"https:\/\/www.littlegreenhouse.ch\/fr\/wp-json\/wp\/v2\/comments?post=4051"}],"version-history":[{"count":2,"href":"https:\/\/www.littlegreenhouse.ch\/fr\/wp-json\/wp\/v2\/pages\/4051\/revisions"}],"predecessor-version":[{"id":25239,"href":"https:\/\/www.littlegreenhouse.ch\/fr\/wp-json\/wp\/v2\/pages\/4051\/revisions\/25239"}],"wp:featuredmedia":[{"embeddable":true,"href":"https:\/\/www.littlegreenhouse.ch\/fr\/wp-json\/wp\/v2\/media\/3901"}],"wp:attachment":[{"href":"https:\/\/www.littlegreenhouse.ch\/fr\/wp-json\/wp\/v2\/media?parent=4051"}],"curies":[{"name":"wp","href":"https:\/\/api.w.org\/{rel}","templated":true}]}}