{"id":4058,"date":"2019-11-20T14:00:42","date_gmt":"2019-11-20T13:00:42","guid":{"rendered":"http:\/\/littlegreenhouse.ch\/NEW\/the-little-green-house-story\/"},"modified":"2026-04-24T14:14:44","modified_gmt":"2026-04-24T12:14:44","slug":"lhistoire-de-notre-creche","status":"publish","type":"page","link":"https:\/\/www.littlegreenhouse.ch\/fr\/lhistoire-de-notre-creche\/","title":{"rendered":"L&#8217;histoire de Little Green House"},"content":{"rendered":"<p>[vc_row css=&#8221;.vc_custom_1573219653829{margin-top: 0px !important;margin-right: 15px !important;margin-left: 15px !important;background-color: #ffdc00 !important;}&#8221;][vc_column css=&#8221;.vc_custom_1566195737301{padding-top: 0px !important;padding-bottom: 0px !important;}&#8221;][vc_column_text css=&#8221;.vc_custom_1777032878965{margin-top: 50px !important;margin-bottom: 50px !important;}&#8221;]<\/p>\n<h1 class=\"soustitreh1\"><span style=\"color: #000000;\">L&#8217;histoire de Little Green House<\/span><\/h1>\n<p>[\/vc_column_text][\/vc_column][\/vc_row][vc_row gap=&#8221;30&#8243; equal_height=&#8221;yes&#8221; css=&#8221;.vc_custom_1574423111413{margin-top: 20px !important;}&#8221;][vc_column width=&#8221;1\/3&#8243; css=&#8221;.vc_custom_1574422376574{padding-top: 0px !important;}&#8221;][vc_single_image image=&#8221;4075&#8243; img_size=&#8221;full&#8221;][\/vc_column][vc_column width=&#8221;1\/3&#8243; css=&#8221;.vc_custom_1574422034570{padding-top: 0px !important;padding-right: 20px !important;padding-left: 20px !important;background-color: #9bcc96 !important;}&#8221;][vc_column_text css=&#8221;.vc_custom_1580122680023{padding-top: 20px !important;}&#8221;]<img loading=\"lazy\" decoding=\"async\" class=\"aligncenter size-full wp-image-3389\" src=\"https:\/\/littlegreenhouse.ch\/wp-content\/uploads\/2019\/11\/quote-3.png\" alt=\"\" width=\"800\" height=\"133\" srcset=\"https:\/\/www.littlegreenhouse.ch\/wp-content\/uploads\/2019\/11\/quote-3.png 800w, https:\/\/www.littlegreenhouse.ch\/wp-content\/uploads\/2019\/11\/quote-3-300x50.png 300w, https:\/\/www.littlegreenhouse.ch\/wp-content\/uploads\/2019\/11\/quote-3-768x128.png 768w\" sizes=\"auto, (max-width: 800px) 100vw, 800px\" \/>[\/vc_column_text][vc_custom_heading text=&#8221;Que fais-tu si tu ne trouves pas la &#8220;bonne&#8220; cr\u00e8che pour ton b\u00e9b\u00e9 ?&#8221; font_container=&#8221;tag:h3|text_align:center&#8221; google_fonts=&#8221;font_family:Merriweather%3A300%2C300italic%2Cregular%2Citalic%2C700%2C700italic%2C900%2C900italic|font_style:400%20italic%3A400%3Aitalic&#8221; css=&#8221;.vc_custom_1576656855817{margin-top: 0px !important;padding-top: 10px !important;padding-right: 0px !important;padding-bottom: 00px !important;padding-left: 0px !important;}&#8221;][vc_column_text]<img loading=\"lazy\" decoding=\"async\" class=\"aligncenter size-full wp-image-4409\" src=\"https:\/\/littlegreenhouse.ch\/wp-content\/uploads\/2019\/12\/create_FR.png\" alt=\"\" width=\"800\" height=\"700\" srcset=\"https:\/\/www.littlegreenhouse.ch\/wp-content\/uploads\/2019\/12\/create_FR.png 800w, https:\/\/www.littlegreenhouse.ch\/wp-content\/uploads\/2019\/12\/create_FR-300x263.png 300w, https:\/\/www.littlegreenhouse.ch\/wp-content\/uploads\/2019\/12\/create_FR-768x672.png 768w\" sizes=\"auto, (max-width: 800px) 100vw, 800px\" \/>[\/vc_column_text][vc_column_text css=&#8221;.vc_custom_1576656882643{margin-top: 0px !important;}&#8221;]<\/p>\n<p style=\"text-align: center;\"><strong>Barbara Lax<\/strong><\/p>\n<p style=\"text-align: center;\">Fondatrice de <em>Little Green House<\/em><\/p>\n<p>[\/vc_column_text][\/vc_column][vc_column width=&#8221;1\/3&#8243; css=&#8221;.vc_custom_1574422383312{padding-top: 0px !important;}&#8221;][vc_single_image image=&#8221;7999&#8243; img_size=&#8221;full&#8221; css=&#8221;.vc_custom_1602661517909{margin-top: 0px !important;}&#8221;][vc_single_image image=&#8221;4069&#8243; img_size=&#8221;full&#8221; css=&#8221;.vc_custom_1602661523162{margin-top: 30px !important;}&#8221;][\/vc_column][\/vc_row][vc_row gap=&#8221;30&#8243; css=&#8221;.vc_custom_1574425949327{margin-top: 20px !important;margin-right: 0px !important;margin-left: 0px !important;padding-top: 0px !important;padding-right: 0px !important;padding-left: 0px !important;background-color: #ffdc00 !important;}&#8221;][vc_column width=&#8221;1\/3&#8243; css=&#8221;.vc_custom_1574425619311{padding-top: 0px !important;padding-right: 0px !important;padding-bottom: 0px !important;padding-left: 0px !important;}&#8221;][vc_custom_heading text=&#8221;Comme beaucoup de nos anciens \u00ab alumni \u00bb, l&#8217;id\u00e9e de Little Green House est n\u00e9e en 2010. Lorsque j&#8217;\u00e9tais \u00e0 la recherche d\u2019une solution de garde pour ma petite fille, la liste de mes souhaits \u00e9tait la suivante :&#8221; font_container=&#8221;tag:h3|font_size:1.4em|text_align:center&#8221; google_fonts=&#8221;font_family:Merriweather%3A300%2C300italic%2Cregular%2Citalic%2C700%2C700italic%2C900%2C900italic|font_style:400%20italic%3A400%3Aitalic&#8221; css=&#8221;.vc_custom_1576656925065{margin-top: 20px !important;padding-top: 0px !important;padding-right: 0px !important;padding-bottom: 0px !important;padding-left: 0px !important;}&#8221;][\/vc_column][vc_column width=&#8221;2\/3&#8243; css=&#8221;.vc_custom_1574425631537{padding-top: 0px !important;padding-right: 0px !important;padding-bottom: 0px !important;padding-left: 0px !important;}&#8221;][vc_row_inner gap=&#8221;30&#8243; css=&#8221;.vc_custom_1574426250370{margin-top: 0px !important;padding-top: 0px !important;padding-right: 0px !important;padding-bottom: 0px !important;padding-left: 0px !important;}&#8221;][vc_column_inner width=&#8221;1\/2&#8243; css=&#8221;.vc_custom_1574426262575{padding-top: 0px !important;}&#8221;][vc_column_text css=&#8221;.vc_custom_1576656962001{margin-top: 0px !important;margin-bottom: 0px !important;}&#8221;]<\/p>\n<h5 style=\"text-align: center;\">Un lieu o\u00f9 les enfants d\u00e9couvrent le monde par le jeu et o\u00f9 ils explorent le monde en jouant dehors tous les jours.<\/h5>\n<p>[\/vc_column_text][vc_column_text css=&#8221;.vc_custom_1576657027453{margin-top: 20px !important;margin-bottom: 0px !important;}&#8221;]<\/p>\n<h5 style=\"text-align: center;\">Un lieu o\u00f9 les enfants et le personnel pratiquent naturellement un mode de vie durable, connaissant et respectant la nature, ainsi que l&#8217;environnement.<\/h5>\n<p>[\/vc_column_text][\/vc_column_inner][vc_column_inner width=&#8221;1\/2&#8243; css=&#8221;.vc_custom_1574426269955{padding-top: 0px !important;}&#8221;][vc_column_text css=&#8221;.vc_custom_1576656999259{margin-top: 0px !important;margin-bottom: 0px !important;}&#8221;]<\/p>\n<h5 style=\"text-align: center;\">Un lieu qui refl\u00e8te la vie internationale de la r\u00e9gion et dans lequel les langues font partie int\u00e9grante du quotidien.<\/h5>\n<p>[\/vc_column_text][vc_column_text css=&#8221;.vc_custom_1576657050503{margin-top: 20px !important;margin-bottom: 0px !important;}&#8221;]<\/p>\n<h5 style=\"text-align: center;\">Un endroit qui comprend les besoins des parents qui travaillent et qui est un soutien, ainsi qu\u2019un partenaire fiable des m\u00e8res comme des p\u00e8res.<\/h5>\n<p>[\/vc_column_text][\/vc_column_inner][\/vc_row_inner][\/vc_column][\/vc_row][vc_row gap=&#8221;30&#8243; equal_height=&#8221;yes&#8221; css=&#8221;.vc_custom_1574426358839{margin-top: 20px !important;margin-bottom: 50px !important;}&#8221;][vc_column width=&#8221;1\/3&#8243; css=&#8221;.vc_custom_1574426343786{margin-top: 0px !important;padding-top: 0px !important;}&#8221;][vc_single_image image=&#8221;4510&#8243; img_size=&#8221;full&#8221;][\/vc_column][vc_column width=&#8221;1\/3&#8243; css=&#8221;.vc_custom_1574426213707{padding-top: 20px !important;padding-right: 20px !important;padding-left: 20px !important;background-color: #7ac7c1 !important;}&#8221;][vc_column_text]<strong>Avec l&#8217;aide des directeurs en charge de l\u2019\u00e9ducation chez Little Green House, les id\u00e9es initiales ont \u00e9t\u00e9 d\u00e9velopp\u00e9es dans le cadre du programme p\u00e9dagogique complet suivi par Little Green House. Depuis nos d\u00e9buts \u00e0 Gland, de nouvelles garderies ont \u00e9t\u00e9 ouvertes dans toute la Suisse accueillant les b\u00e9b\u00e9s de 3 mois jusqu&#8217;aux enfants scolaris\u00e9s.<\/strong>[\/vc_column_text][\/vc_column][vc_column width=&#8221;1\/3&#8243; css=&#8221;.vc_custom_1574426352456{margin-top: 0px !important;padding-top: 0px !important;}&#8221;][vc_single_image image=&#8221;3604&#8243; img_size=&#8221;full&#8221;][\/vc_column][\/vc_row]<\/p>\n","protected":false},"excerpt":{"rendered":"<p>[vc_row css=&#8221;.vc_custom_1573219653829{margin-top: 0px !important;margin-right: 15px !important;margin-left: 15px !important;background-color: #ffdc00 !important;}&#8221;][vc_column css=&#8221;.vc_custom_1566195737301{padding-top: 0px !important;padding-bottom: 0px !important;}&#8221;][vc_column_text css=&#8221;.vc_custom_1777032878965{margin-top: 50px !important;margin-bottom: 50px !important;}&#8221;] L&#8217;histoire de Little Green House [\/vc_column_text][\/vc_column][\/vc_row][vc_row gap=&#8221;30&#8243; equal_height=&#8221;yes&#8221; css=&#8221;.vc_custom_1574423111413{margin-top: 20px !important;}&#8221;][vc_column width=&#8221;1\/3&#8243; css=&#8221;.vc_custom_1574422376574{padding-top: 0px !important;}&#8221;][vc_single_image image=&#8221;4075&#8243; img_size=&#8221;full&#8221;][\/vc_column][vc_column width=&#8221;1\/3&#8243; css=&#8221;.vc_custom_1574422034570{padding-top: 0px !important;padding-right: 20px !important;padding-left: 20px !important;background-color: #9bcc96 !important;}&#8221;][vc_column_text css=&#8221;.vc_custom_1580122680023{padding-top: 20px !important;}&#8221;][\/vc_column_text][vc_custom_heading text=&#8221;Que fais-tu si tu ne &hellip; <a href=\"https:\/\/www.littlegreenhouse.ch\/fr\/lhistoire-de-notre-creche\/\" title=\"L&#8217;histoire de Little Green House\" class=\"read-more\">Read More<\/a><\/p>\n","protected":false},"author":1,"featured_media":4060,"parent":0,"menu_order":0,"comment_status":"closed","ping_status":"closed","template":"","meta":{"_monsterinsights_skip_tracking":false,"_monsterinsights_sitenote_active":false,"_monsterinsights_sitenote_note":"","_monsterinsights_sitenote_category":0,"footnotes":""},"class_list":["post-4058","page","type-page","status-publish","has-post-thumbnail","hentry"],"yoast_head":"<!-- This site is optimized with the Yoast SEO plugin v15.1.1 - https:\/\/yoast.com\/wordpress\/plugins\/seo\/ -->\n<title>L&#039;histoire de Little Green House - Little Green House<\/title>\n<meta name=\"description\" content=\"L&#039;histoire de notre cr\u00e8che commence le jour o\u00f9 Barbara Lax \u00e9tait \u00e0 la recherche d\u2019une solution de garde pour sa fille...\" \/>\n<meta name=\"robots\" content=\"index, follow, max-snippet:-1, max-image-preview:large, max-video-preview:-1\" \/>\n<link rel=\"canonical\" href=\"https:\/\/www.littlegreenhouse.ch\/fr\/lhistoire-de-notre-creche\/\" \/>\n<meta property=\"og:locale\" content=\"fr_FR\" \/>\n<meta property=\"og:type\" content=\"article\" \/>\n<meta property=\"og:title\" content=\"L&#039;histoire de Little Green House - Little Green House\" \/>\n<meta property=\"og:description\" content=\"L&#039;histoire de notre cr\u00e8che commence le jour o\u00f9 Barbara Lax \u00e9tait \u00e0 la recherche d\u2019une solution de garde pour sa fille...\" \/>\n<meta property=\"og:url\" content=\"https:\/\/www.littlegreenhouse.ch\/fr\/lhistoire-de-notre-creche\/\" \/>\n<meta property=\"og:site_name\" content=\"Little Green House\" \/>\n<meta property=\"article:publisher\" content=\"https:\/\/www.facebook.com\/littlegreenhouse.the.next.generation\/\" \/>\n<meta property=\"article:modified_time\" content=\"2026-04-24T12:14:44+00:00\" \/>\n<meta property=\"og:image\" content=\"https:\/\/www.littlegreenhouse.ch\/wp-content\/uploads\/2019\/11\/Barbara_Lax.jpg\" \/>\n\t<meta property=\"og:image:width\" content=\"1499\" \/>\n\t<meta property=\"og:image:height\" content=\"999\" \/>\n<meta name=\"twitter:card\" content=\"summary_large_image\" \/>\n<meta name=\"twitter:creator\" content=\"@lg_house\" \/>\n<meta name=\"twitter:site\" content=\"@lg_house\" \/>\n<script type=\"application\/ld+json\" class=\"yoast-schema-graph\">{\"@context\":\"https:\/\/schema.org\",\"@graph\":[{\"@type\":\"Organization\",\"@id\":\"https:\/\/www.littlegreenhouse.ch\/fr\/#organization\",\"name\":\"Little Green House\",\"url\":\"https:\/\/www.littlegreenhouse.ch\/fr\/\",\"sameAs\":[\"https:\/\/www.facebook.com\/littlegreenhouse.the.next.generation\/\",\"https:\/\/www.instagram.com\/littlegreenhouse_childcare\/\",\"https:\/\/www.linkedin.com\/company\/little-green-house\/\",\"https:\/\/www.youtube.com\/channel\/UCPQiQBtt0Hp-4Y-HWPiIjyQ\",\"https:\/\/twitter.com\/lg_house\"],\"logo\":{\"@type\":\"ImageObject\",\"@id\":\"https:\/\/www.littlegreenhouse.ch\/fr\/#logo\",\"inLanguage\":\"fr-FR\",\"url\":\"https:\/\/www.littlegreenhouse.ch\/wp-content\/uploads\/2020\/01\/LGH_logo_2019.png\",\"width\":369,\"height\":283,\"caption\":\"Little Green House\"},\"image\":{\"@id\":\"https:\/\/www.littlegreenhouse.ch\/fr\/#logo\"}},{\"@type\":\"WebSite\",\"@id\":\"https:\/\/www.littlegreenhouse.ch\/fr\/#website\",\"url\":\"https:\/\/www.littlegreenhouse.ch\/fr\/\",\"name\":\"Little Green House\",\"description\":\"Cr\\u00e8che | Childcare | Kita\",\"publisher\":{\"@id\":\"https:\/\/www.littlegreenhouse.ch\/fr\/#organization\"},\"potentialAction\":[{\"@type\":\"SearchAction\",\"target\":\"https:\/\/www.littlegreenhouse.ch\/fr\/?s={search_term_string}\",\"query-input\":\"required name=search_term_string\"}],\"inLanguage\":\"fr-FR\"},{\"@type\":\"ImageObject\",\"@id\":\"https:\/\/www.littlegreenhouse.ch\/fr\/lhistoire-de-notre-creche\/#primaryimage\",\"inLanguage\":\"fr-FR\",\"url\":\"https:\/\/www.littlegreenhouse.ch\/wp-content\/uploads\/2019\/11\/Barbara_Lax.jpg\",\"width\":1499,\"height\":999},{\"@type\":\"WebPage\",\"@id\":\"https:\/\/www.littlegreenhouse.ch\/fr\/lhistoire-de-notre-creche\/#webpage\",\"url\":\"https:\/\/www.littlegreenhouse.ch\/fr\/lhistoire-de-notre-creche\/\",\"name\":\"L'histoire de Little Green House - Little Green House\",\"isPartOf\":{\"@id\":\"https:\/\/www.littlegreenhouse.ch\/fr\/#website\"},\"primaryImageOfPage\":{\"@id\":\"https:\/\/www.littlegreenhouse.ch\/fr\/lhistoire-de-notre-creche\/#primaryimage\"},\"datePublished\":\"2019-11-20T13:00:42+00:00\",\"dateModified\":\"2026-04-24T12:14:44+00:00\",\"description\":\"L'histoire de notre cr\\u00e8che commence le jour o\\u00f9 Barbara Lax \\u00e9tait \\u00e0 la recherche d\\u2019une solution de garde pour sa fille...\",\"inLanguage\":\"fr-FR\",\"potentialAction\":[{\"@type\":\"ReadAction\",\"target\":[\"https:\/\/www.littlegreenhouse.ch\/fr\/lhistoire-de-notre-creche\/\"]}]}]}<\/script>\n<!-- \/ Yoast SEO plugin. -->","jetpack_sharing_enabled":true,"_links":{"self":[{"href":"https:\/\/www.littlegreenhouse.ch\/fr\/wp-json\/wp\/v2\/pages\/4058","targetHints":{"allow":["GET"]}}],"collection":[{"href":"https:\/\/www.littlegreenhouse.ch\/fr\/wp-json\/wp\/v2\/pages"}],"about":[{"href":"https:\/\/www.littlegreenhouse.ch\/fr\/wp-json\/wp\/v2\/types\/page"}],"author":[{"embeddable":true,"href":"https:\/\/www.littlegreenhouse.ch\/fr\/wp-json\/wp\/v2\/users\/1"}],"replies":[{"embeddable":true,"href":"https:\/\/www.littlegreenhouse.ch\/fr\/wp-json\/wp\/v2\/comments?post=4058"}],"version-history":[{"count":2,"href":"https:\/\/www.littlegreenhouse.ch\/fr\/wp-json\/wp\/v2\/pages\/4058\/revisions"}],"predecessor-version":[{"id":25258,"href":"https:\/\/www.littlegreenhouse.ch\/fr\/wp-json\/wp\/v2\/pages\/4058\/revisions\/25258"}],"wp:featuredmedia":[{"embeddable":true,"href":"https:\/\/www.littlegreenhouse.ch\/fr\/wp-json\/wp\/v2\/media\/4060"}],"wp:attachment":[{"href":"https:\/\/www.littlegreenhouse.ch\/fr\/wp-json\/wp\/v2\/media?parent=4058"}],"curies":[{"name":"wp","href":"https:\/\/api.w.org\/{rel}","templated":true}]}}